{"id":862,"date":"2022-04-07T16:10:15","date_gmt":"2022-04-07T16:10:15","guid":{"rendered":"https:\/\/storyzoo.shop\/product\/storyzoo-puzzle-van-gogh-museum-4-in-1-puzzle\/"},"modified":"2026-01-08T14:02:35","modified_gmt":"2026-01-08T13:02:35","slug":"storyzoo-puzzle-van-gogh-museum-4-in-1-puzzle","status":"publish","type":"product","link":"https:\/\/storyzoo.shop\/de\/produkt\/storyzoo-puzzle-van-gogh-museum-4-in-1-puzzle\/","title":{"rendered":"StoryZoo Puzzle &#8211; Van Gogh Museum 4-in-1 Puzzle\u00a0"},"content":{"rendered":"<p><strong>StoryZoo Puzzle &#8211; Van Gogh Museum 4-in-1 Puzzle\u00a0<\/strong><\/p>\n<p>Toby der Affe, Pepper der Papagei und Bax der B\u00e4r erleben gemeinsam eine Menge Abenteuer. Heute gehen sie in ein Museum und bewundern die Gem\u00e4lde des ber\u00fchmten K\u00fcnstlers Vincent van Gogh. Es gibt so viel zu sehen. Kannst du erz\u00e4hlen, was du alles siehst?<\/p>\n<p>Nach ihrem Besuch des Museums beschlie\u00dfen Pepper und Toby, ein sch\u00f6nes Portr\u00e4t von ihrem Freund Bax dem B\u00e4ren im Atelier zu machen. Wei\u00dft du, was ein Portr\u00e4t ist? Findet ihr auch, dass es gut gelungen ist? Wenn du die vier Puzzles machst und sie nebeneinander legst, kommt die Geschichte von ganz allein zum Vorschein.<\/p>\n<ul>\n<li>Die farbenfrohen Puzzles sind f\u00fcr Kinder im Alter von 2-6 Jahren gedacht und sind in 4 Puzzles mit jeweils 12-24 Teilen unterteilt, die eine kleine Geschichte erz\u00e4hlen, um die Kreativit\u00e4t des Kindes weiter zu f\u00f6rdern.<\/li>\n<li>Kosten 10,95 Euro pro Puzzle<\/li>\n<\/ul>\n","protected":false},"excerpt":{"rendered":"<p><strong>StoryZoo Puzzle &#8211; Van Gogh Museum 4-in-1 Puzzle\u00a0<\/strong><\/p>\n<p>Toby der Affe, Pepper der Papagei und Bax der B\u00e4r erleben gemeinsam eine Menge Abenteuer. Heute gehen sie in ein Museum und bewundern die Gem\u00e4lde des ber\u00fchmten K\u00fcnstlers Vincent van Gogh. Es gibt so viel zu sehen. Kannst du erz\u00e4hlen, was du alles siehst?<\/p>\n<ul>\n<li>Die farbenfrohen Puzzles sind f\u00fcr Kinder im Alter von 2-6 Jahren gedacht und sind in 4 Puzzles mit jeweils 12-24 Teilen unterteilt, die eine kleine Geschichte erz\u00e4hlen, um die Kreativit\u00e4t des Kindes weiter zu f\u00f6rdern.<\/li>\n<li>Kosten 10,95 Euro pro Puzzle<\/li>\n<\/ul>\n","protected":false},"featured_media":859,"comment_status":"open","ping_status":"closed","template":"","meta":{"_acf_changed":false},"product_brand":[98],"product_cat":[59,95,84],"product_tag":[],"class_list":{"0":"post-862","1":"product","2":"type-product","3":"status-publish","4":"has-post-thumbnail","6":"product_brand-storyzoo-de","7":"product_cat-merchandise-de","8":"product_cat-spiele","9":"product_cat-top-sells-de","11":"first","12":"instock","13":"taxable","14":"shipping-taxable","15":"purchasable","16":"product-type-simple"},"acf":[],"yoast_head":"<!-- This site is optimized with the Yoast SEO plugin v27.4 - https:\/\/yoast.com\/product\/yoast-seo-wordpress\/ -->\n<title>StoryZoo Puzzle Van Gogh Museum \u2013 4-in-1 Kinderpuzzle<\/title>\n<meta name=\"description\" content=\"Entdecke das StoryZoo 4-in-1 Puzzle vom Van Gogh Museum. Ein kreatives und lehrreiches Kinderpuzzle, das Kunst, Spiel und Konzentration verbindet.\" \/>\n<meta name=\"robots\" content=\"index, follow, max-snippet:-1, max-image-preview:large, max-video-preview:-1\" \/>\n<link rel=\"canonical\" href=\"https:\/\/storyzoo.shop\/de\/produkt\/storyzoo-puzzle-van-gogh-museum-4-in-1-puzzle\/\" \/>\n<meta property=\"og:locale\" content=\"de_DE\" \/>\n<meta property=\"og:type\" content=\"article\" \/>\n<meta property=\"og:title\" content=\"StoryZoo Puzzle Van Gogh Museum \u2013 4-in-1 Kinderpuzzle\" \/>\n<meta property=\"og:description\" content=\"Entdecke das StoryZoo 4-in-1 Puzzle vom Van Gogh Museum. Ein kreatives und lehrreiches Kinderpuzzle, das Kunst, Spiel und Konzentration verbindet.\" \/>\n<meta property=\"og:url\" content=\"https:\/\/storyzoo.shop\/de\/produkt\/storyzoo-puzzle-van-gogh-museum-4-in-1-puzzle\/\" \/>\n<meta property=\"og:site_name\" content=\"StoryZoo shop\" \/>\n<meta property=\"article:publisher\" content=\"https:\/\/www.facebook.com\/StoryZooTV\" \/>\n<meta property=\"article:modified_time\" content=\"2026-01-08T13:02:35+00:00\" \/>\n<meta name=\"twitter:card\" content=\"summary_large_image\" \/>\n<meta name=\"twitter:site\" content=\"@StoryZooTV\" \/>\n<meta name=\"twitter:label1\" content=\"Gesch\u00e4tzte Lesezeit\" \/>\n\t<meta name=\"twitter:data1\" content=\"1\u00a0Minute\" \/>\n<script type=\"application\/ld+json\" class=\"yoast-schema-graph\">{\"@context\":\"https:\\\/\\\/schema.org\",\"@graph\":[{\"@type\":\"WebPage\",\"@id\":\"https:\\\/\\\/storyzoo.shop\\\/de\\\/produkt\\\/storyzoo-puzzle-van-gogh-museum-4-in-1-puzzle\\\/\",\"url\":\"https:\\\/\\\/storyzoo.shop\\\/de\\\/produkt\\\/storyzoo-puzzle-van-gogh-museum-4-in-1-puzzle\\\/\",\"name\":\"StoryZoo Puzzle Van Gogh Museum \u2013 4-in-1 Kinderpuzzle\",\"isPartOf\":{\"@id\":\"https:\\\/\\\/storyzoo.shop\\\/#website\"},\"primaryImageOfPage\":{\"@id\":\"https:\\\/\\\/storyzoo.shop\\\/de\\\/produkt\\\/storyzoo-puzzle-van-gogh-museum-4-in-1-puzzle\\\/#primaryimage\"},\"image\":{\"@id\":\"https:\\\/\\\/storyzoo.shop\\\/de\\\/produkt\\\/storyzoo-puzzle-van-gogh-museum-4-in-1-puzzle\\\/#primaryimage\"},\"thumbnailUrl\":\"https:\\\/\\\/storyzoo.shop\\\/wp-content\\\/uploads\\\/2022\\\/04\\\/ESA-Puzzle-Groot-PDF-Cover-2-pdf.jpg\",\"datePublished\":\"2022-04-07T16:10:15+00:00\",\"dateModified\":\"2026-01-08T13:02:35+00:00\",\"description\":\"Entdecke das StoryZoo 4-in-1 Puzzle vom Van Gogh Museum. Ein kreatives und lehrreiches Kinderpuzzle, das Kunst, Spiel und Konzentration verbindet.\",\"breadcrumb\":{\"@id\":\"https:\\\/\\\/storyzoo.shop\\\/de\\\/produkt\\\/storyzoo-puzzle-van-gogh-museum-4-in-1-puzzle\\\/#breadcrumb\"},\"inLanguage\":\"de\",\"potentialAction\":[{\"@type\":\"ReadAction\",\"target\":[\"https:\\\/\\\/storyzoo.shop\\\/de\\\/produkt\\\/storyzoo-puzzle-van-gogh-museum-4-in-1-puzzle\\\/\"]}]},{\"@type\":\"ImageObject\",\"inLanguage\":\"de\",\"@id\":\"https:\\\/\\\/storyzoo.shop\\\/de\\\/produkt\\\/storyzoo-puzzle-van-gogh-museum-4-in-1-puzzle\\\/#primaryimage\",\"url\":\"https:\\\/\\\/storyzoo.shop\\\/wp-content\\\/uploads\\\/2022\\\/04\\\/ESA-Puzzle-Groot-PDF-Cover-2-pdf.jpg\",\"contentUrl\":\"https:\\\/\\\/storyzoo.shop\\\/wp-content\\\/uploads\\\/2022\\\/04\\\/ESA-Puzzle-Groot-PDF-Cover-2-pdf.jpg\"},{\"@type\":\"BreadcrumbList\",\"@id\":\"https:\\\/\\\/storyzoo.shop\\\/de\\\/produkt\\\/storyzoo-puzzle-van-gogh-museum-4-in-1-puzzle\\\/#breadcrumb\",\"itemListElement\":[{\"@type\":\"ListItem\",\"position\":1,\"name\":\"Home\",\"item\":\"https:\\\/\\\/storyzoo.shop\\\/de\\\/\"},{\"@type\":\"ListItem\",\"position\":2,\"name\":\"Shop\",\"item\":\"https:\\\/\\\/storyzoo.shop\\\/\"},{\"@type\":\"ListItem\",\"position\":3,\"name\":\"StoryZoo Puzzle &#8211; Van Gogh Museum 4-in-1 Puzzle\u00a0\"}]},{\"@type\":\"WebSite\",\"@id\":\"https:\\\/\\\/storyzoo.shop\\\/#website\",\"url\":\"https:\\\/\\\/storyzoo.shop\\\/\",\"name\":\"StoryZoo shop\",\"description\":\"\",\"publisher\":{\"@id\":\"https:\\\/\\\/storyzoo.shop\\\/#organization\"},\"potentialAction\":[{\"@type\":\"SearchAction\",\"target\":{\"@type\":\"EntryPoint\",\"urlTemplate\":\"https:\\\/\\\/storyzoo.shop\\\/?s={search_term_string}\"},\"query-input\":{\"@type\":\"PropertyValueSpecification\",\"valueRequired\":true,\"valueName\":\"search_term_string\"}}],\"inLanguage\":\"de\"},{\"@type\":\"Organization\",\"@id\":\"https:\\\/\\\/storyzoo.shop\\\/#organization\",\"name\":\"StoryZoo shop\",\"url\":\"https:\\\/\\\/storyzoo.shop\\\/\",\"logo\":{\"@type\":\"ImageObject\",\"inLanguage\":\"de\",\"@id\":\"https:\\\/\\\/storyzoo.shop\\\/#\\\/schema\\\/logo\\\/image\\\/\",\"url\":\"https:\\\/\\\/storyzoo.shop\\\/wp-content\\\/uploads\\\/2021\\\/11\\\/StoryZooShop.png\",\"contentUrl\":\"https:\\\/\\\/storyzoo.shop\\\/wp-content\\\/uploads\\\/2021\\\/11\\\/StoryZooShop.png\",\"width\":600,\"height\":222,\"caption\":\"StoryZoo shop\"},\"image\":{\"@id\":\"https:\\\/\\\/storyzoo.shop\\\/#\\\/schema\\\/logo\\\/image\\\/\"},\"sameAs\":[\"https:\\\/\\\/www.facebook.com\\\/StoryZooTV\",\"https:\\\/\\\/x.com\\\/StoryZooTV\",\"https:\\\/\\\/www.instagram.com\\\/storyzoo_tv\\\/\",\"https:\\\/\\\/www.youtube.com\\\/c\\\/storyzoo\",\"https:\\\/\\\/open.spotify.com\\\/artist\\\/4APIhPMlryahikR2nDj3bB\"]}]}<\/script>\n<!-- \/ Yoast SEO plugin. -->","yoast_head_json":{"title":"StoryZoo Puzzle Van Gogh Museum \u2013 4-in-1 Kinderpuzzle","description":"Entdecke das StoryZoo 4-in-1 Puzzle vom Van Gogh Museum. Ein kreatives und lehrreiches Kinderpuzzle, das Kunst, Spiel und Konzentration verbindet.","robots":{"index":"index","follow":"follow","max-snippet":"max-snippet:-1","max-image-preview":"max-image-preview:large","max-video-preview":"max-video-preview:-1"},"canonical":"https:\/\/storyzoo.shop\/de\/produkt\/storyzoo-puzzle-van-gogh-museum-4-in-1-puzzle\/","og_locale":"de_DE","og_type":"article","og_title":"StoryZoo Puzzle Van Gogh Museum \u2013 4-in-1 Kinderpuzzle","og_description":"Entdecke das StoryZoo 4-in-1 Puzzle vom Van Gogh Museum. Ein kreatives und lehrreiches Kinderpuzzle, das Kunst, Spiel und Konzentration verbindet.","og_url":"https:\/\/storyzoo.shop\/de\/produkt\/storyzoo-puzzle-van-gogh-museum-4-in-1-puzzle\/","og_site_name":"StoryZoo shop","article_publisher":"https:\/\/www.facebook.com\/StoryZooTV","article_modified_time":"2026-01-08T13:02:35+00:00","twitter_card":"summary_large_image","twitter_site":"@StoryZooTV","twitter_misc":{"Gesch\u00e4tzte Lesezeit":"1\u00a0Minute"},"schema":{"@context":"https:\/\/schema.org","@graph":[{"@type":"WebPage","@id":"https:\/\/storyzoo.shop\/de\/produkt\/storyzoo-puzzle-van-gogh-museum-4-in-1-puzzle\/","url":"https:\/\/storyzoo.shop\/de\/produkt\/storyzoo-puzzle-van-gogh-museum-4-in-1-puzzle\/","name":"StoryZoo Puzzle Van Gogh Museum \u2013 4-in-1 Kinderpuzzle","isPartOf":{"@id":"https:\/\/storyzoo.shop\/#website"},"primaryImageOfPage":{"@id":"https:\/\/storyzoo.shop\/de\/produkt\/storyzoo-puzzle-van-gogh-museum-4-in-1-puzzle\/#primaryimage"},"image":{"@id":"https:\/\/storyzoo.shop\/de\/produkt\/storyzoo-puzzle-van-gogh-museum-4-in-1-puzzle\/#primaryimage"},"thumbnailUrl":"https:\/\/storyzoo.shop\/wp-content\/uploads\/2022\/04\/ESA-Puzzle-Groot-PDF-Cover-2-pdf.jpg","datePublished":"2022-04-07T16:10:15+00:00","dateModified":"2026-01-08T13:02:35+00:00","description":"Entdecke das StoryZoo 4-in-1 Puzzle vom Van Gogh Museum. Ein kreatives und lehrreiches Kinderpuzzle, das Kunst, Spiel und Konzentration verbindet.","breadcrumb":{"@id":"https:\/\/storyzoo.shop\/de\/produkt\/storyzoo-puzzle-van-gogh-museum-4-in-1-puzzle\/#breadcrumb"},"inLanguage":"de","potentialAction":[{"@type":"ReadAction","target":["https:\/\/storyzoo.shop\/de\/produkt\/storyzoo-puzzle-van-gogh-museum-4-in-1-puzzle\/"]}]},{"@type":"ImageObject","inLanguage":"de","@id":"https:\/\/storyzoo.shop\/de\/produkt\/storyzoo-puzzle-van-gogh-museum-4-in-1-puzzle\/#primaryimage","url":"https:\/\/storyzoo.shop\/wp-content\/uploads\/2022\/04\/ESA-Puzzle-Groot-PDF-Cover-2-pdf.jpg","contentUrl":"https:\/\/storyzoo.shop\/wp-content\/uploads\/2022\/04\/ESA-Puzzle-Groot-PDF-Cover-2-pdf.jpg"},{"@type":"BreadcrumbList","@id":"https:\/\/storyzoo.shop\/de\/produkt\/storyzoo-puzzle-van-gogh-museum-4-in-1-puzzle\/#breadcrumb","itemListElement":[{"@type":"ListItem","position":1,"name":"Home","item":"https:\/\/storyzoo.shop\/de\/"},{"@type":"ListItem","position":2,"name":"Shop","item":"https:\/\/storyzoo.shop\/"},{"@type":"ListItem","position":3,"name":"StoryZoo Puzzle &#8211; Van Gogh Museum 4-in-1 Puzzle\u00a0"}]},{"@type":"WebSite","@id":"https:\/\/storyzoo.shop\/#website","url":"https:\/\/storyzoo.shop\/","name":"StoryZoo shop","description":"","publisher":{"@id":"https:\/\/storyzoo.shop\/#organization"},"potentialAction":[{"@type":"SearchAction","target":{"@type":"EntryPoint","urlTemplate":"https:\/\/storyzoo.shop\/?s={search_term_string}"},"query-input":{"@type":"PropertyValueSpecification","valueRequired":true,"valueName":"search_term_string"}}],"inLanguage":"de"},{"@type":"Organization","@id":"https:\/\/storyzoo.shop\/#organization","name":"StoryZoo shop","url":"https:\/\/storyzoo.shop\/","logo":{"@type":"ImageObject","inLanguage":"de","@id":"https:\/\/storyzoo.shop\/#\/schema\/logo\/image\/","url":"https:\/\/storyzoo.shop\/wp-content\/uploads\/2021\/11\/StoryZooShop.png","contentUrl":"https:\/\/storyzoo.shop\/wp-content\/uploads\/2021\/11\/StoryZooShop.png","width":600,"height":222,"caption":"StoryZoo shop"},"image":{"@id":"https:\/\/storyzoo.shop\/#\/schema\/logo\/image\/"},"sameAs":["https:\/\/www.facebook.com\/StoryZooTV","https:\/\/x.com\/StoryZooTV","https:\/\/www.instagram.com\/storyzoo_tv\/","https:\/\/www.youtube.com\/c\/storyzoo","https:\/\/open.spotify.com\/artist\/4APIhPMlryahikR2nDj3bB"]}]}},"jetpack_sharing_enabled":true,"_links":{"self":[{"href":"https:\/\/storyzoo.shop\/de\/wp-json\/wp\/v2\/product\/862","targetHints":{"allow":["GET"]}}],"collection":[{"href":"https:\/\/storyzoo.shop\/de\/wp-json\/wp\/v2\/product"}],"about":[{"href":"https:\/\/storyzoo.shop\/de\/wp-json\/wp\/v2\/types\/product"}],"replies":[{"embeddable":true,"href":"https:\/\/storyzoo.shop\/de\/wp-json\/wp\/v2\/comments?post=862"}],"wp:featuredmedia":[{"embeddable":true,"href":"https:\/\/storyzoo.shop\/de\/wp-json\/wp\/v2\/media\/859"}],"wp:attachment":[{"href":"https:\/\/storyzoo.shop\/de\/wp-json\/wp\/v2\/media?parent=862"}],"wp:term":[{"taxonomy":"product_brand","embeddable":true,"href":"https:\/\/storyzoo.shop\/de\/wp-json\/wp\/v2\/product_brand?post=862"},{"taxonomy":"product_cat","embeddable":true,"href":"https:\/\/storyzoo.shop\/de\/wp-json\/wp\/v2\/product_cat?post=862"},{"taxonomy":"product_tag","embeddable":true,"href":"https:\/\/storyzoo.shop\/de\/wp-json\/wp\/v2\/product_tag?post=862"}],"curies":[{"name":"wp","href":"https:\/\/api.w.org\/{rel}","templated":true}]}}