{"id":860,"date":"2022-04-07T15:40:33","date_gmt":"2022-04-07T15:40:33","guid":{"rendered":"https:\/\/storyzoo.shop\/product\/storyzoo-puzzle-weltraum-esa-4-in-1-puzzle\/"},"modified":"2026-01-08T14:02:35","modified_gmt":"2026-01-08T13:02:35","slug":"storyzoo-puzzle-weltraum-esa-4-in-1-puzzle","status":"publish","type":"product","link":"https:\/\/storyzoo.shop\/de\/produkt\/storyzoo-puzzle-weltraum-esa-4-in-1-puzzle\/","title":{"rendered":"StoryZoo Puzzle &#8211; Weltraum (ESA) 4-in-1 Puzzle\u00a0"},"content":{"rendered":"<p><strong>StoryZoo Puzzle &#8211; Weltraum (ESA) 4-in-1-Puzzle<\/strong><\/p>\n<p>Bax der B\u00e4r liest seinen Freunden Toby dem Affen und Pepper dem Papagei aus einem Buch \u00fcber Sterne und Planeten vor. Das ist aufregend. Alle drei tr\u00e4umen davon einmal als Astronaut einer Rakete ins Weltall zu fliegen, um sich alles genauer anzusehen.<\/p>\n<p>Schaut Euch das an: Die Sonne bildet die Mitte unseres Sonnensystems und um die Sonne herum befinden sich 8 gro\u00dfe Planeten: Erde, Merkur, Venus, Mars, Jupiter, Saturn, Uranus, Neptun und der kleine Zwergplanet, Pluto. Um einige der Planeten drehen sich Monde. Die Erde hat nur einen Mond, den wir sehen k\u00f6nnen, wenn die Sonne ihn anleuchtet, Siehst du den Planeten Neptun? Neptun hat 14 Monde. Kannst du den gr\u00f6\u00dften Planeten finden? Das ist der Planet Jupiter und er hat 79 Monde.Alle Sterne, die du am Himmel siehst, sind kleine Sonnen, die sehr weit entfernt sind.<\/p>\n<ul>\n<li>Lege die vier Puzzle nebeneinander und fliege mit!<\/li>\n<li>Die farbenfrohen Puzzles sind f\u00fcr Kinder im Alter von 2-6 Jahren gedacht und sind in 4 Puzzles mit jeweils 12-24 Teilen unterteilt, die eine kleine Geschichte erz\u00e4hlen, um die Kreativit\u00e4t des Kindes weiter zu f\u00f6rdern.<\/li>\n<li>Kosten 10,95 Euro pro Puzzle<\/li>\n<\/ul>\n<p>Setze die vier Puzzles zusammen und fliege los!<\/p>\n","protected":false},"excerpt":{"rendered":"<p><strong>StoryZoo Puzzle &#8211; Weltraum (ESA) 4-in-1-Puzzle<\/strong><\/p>\n<p>Bax der B\u00e4r liest seinen Freunden Toby dem Affen und Pepper dem Papagei aus einem Buch \u00fcber Sterne und Planeten vor. Das ist aufregend. Alle drei tr\u00e4umen davon einmal als Astronaut einer Rakete ins Weltall zu fliegen, um sich alles genauer anzusehen.<\/p>\n<p>Lege die vier Puzzle nebeneinander und fliege mit!<\/p>\n<ul>\n<li>Die farbenfrohen Puzzles sind f\u00fcr Kinder im Alter von 2-6 Jahren gedacht und sind in 4 Puzzles mit jeweils 12-24 Teilen unterteilt, die eine kleine Geschichte erz\u00e4hlen, um die Kreativit\u00e4t des Kindes weiter zu f\u00f6rdern.<\/li>\n<li>Kosten 10,95 Euro pro Puzzle<\/li>\n<\/ul>\n<p>Setze die vier Puzzles zusammen und fliege los!<\/p>\n","protected":false},"featured_media":848,"comment_status":"open","ping_status":"closed","template":"","meta":{"_acf_changed":false},"product_brand":[98],"product_cat":[95,84],"product_tag":[],"class_list":{"0":"post-860","1":"product","2":"type-product","3":"status-publish","4":"has-post-thumbnail","6":"product_brand-storyzoo-de","7":"product_cat-spiele","8":"product_cat-top-sells-de","10":"first","11":"instock","12":"taxable","13":"shipping-taxable","14":"purchasable","15":"product-type-simple"},"acf":[],"yoast_head":"<!-- This site is optimized with the Yoast SEO plugin v27.3 - https:\/\/yoast.com\/product\/yoast-seo-wordpress\/ -->\n<title>StoryZoo Weltraum Puzzle \u2013 ESA 4-in-1 Kinderpuzzle<\/title>\n<meta name=\"description\" content=\"Entdecke das StoryZoo Weltraum Puzzle inspiriert von der ESA. Ein spannendes 4-in-1 Kinderpuzzle, das Spielspa\u00df mit Lernen \u00fcber den Weltraum verbindet.\" \/>\n<meta name=\"robots\" content=\"index, follow, max-snippet:-1, max-image-preview:large, max-video-preview:-1\" \/>\n<link rel=\"canonical\" href=\"https:\/\/storyzoo.shop\/de\/produkt\/storyzoo-puzzle-weltraum-esa-4-in-1-puzzle\/\" \/>\n<meta property=\"og:locale\" content=\"de_DE\" \/>\n<meta property=\"og:type\" content=\"article\" \/>\n<meta property=\"og:title\" content=\"StoryZoo Weltraum Puzzle \u2013 ESA 4-in-1 Kinderpuzzle\" \/>\n<meta property=\"og:description\" content=\"Entdecke das StoryZoo Weltraum Puzzle inspiriert von der ESA. Ein spannendes 4-in-1 Kinderpuzzle, das Spielspa\u00df mit Lernen \u00fcber den Weltraum verbindet.\" \/>\n<meta property=\"og:url\" content=\"https:\/\/storyzoo.shop\/de\/produkt\/storyzoo-puzzle-weltraum-esa-4-in-1-puzzle\/\" \/>\n<meta property=\"og:site_name\" content=\"StoryZoo shop\" \/>\n<meta property=\"article:publisher\" content=\"https:\/\/www.facebook.com\/StoryZooTV\" \/>\n<meta property=\"article:modified_time\" content=\"2026-01-08T13:02:35+00:00\" \/>\n<meta name=\"twitter:card\" content=\"summary_large_image\" \/>\n<meta name=\"twitter:site\" content=\"@StoryZooTV\" \/>\n<meta name=\"twitter:label1\" content=\"Gesch\u00e4tzte Lesezeit\" \/>\n\t<meta name=\"twitter:data1\" content=\"1\u00a0Minute\" \/>\n<script type=\"application\/ld+json\" class=\"yoast-schema-graph\">{\"@context\":\"https:\\\/\\\/schema.org\",\"@graph\":[{\"@type\":\"WebPage\",\"@id\":\"https:\\\/\\\/storyzoo.shop\\\/de\\\/produkt\\\/storyzoo-puzzle-weltraum-esa-4-in-1-puzzle\\\/\",\"url\":\"https:\\\/\\\/storyzoo.shop\\\/de\\\/produkt\\\/storyzoo-puzzle-weltraum-esa-4-in-1-puzzle\\\/\",\"name\":\"StoryZoo Weltraum Puzzle \u2013 ESA 4-in-1 Kinderpuzzle\",\"isPartOf\":{\"@id\":\"https:\\\/\\\/storyzoo.shop\\\/#website\"},\"primaryImageOfPage\":{\"@id\":\"https:\\\/\\\/storyzoo.shop\\\/de\\\/produkt\\\/storyzoo-puzzle-weltraum-esa-4-in-1-puzzle\\\/#primaryimage\"},\"image\":{\"@id\":\"https:\\\/\\\/storyzoo.shop\\\/de\\\/produkt\\\/storyzoo-puzzle-weltraum-esa-4-in-1-puzzle\\\/#primaryimage\"},\"thumbnailUrl\":\"https:\\\/\\\/storyzoo.shop\\\/wp-content\\\/uploads\\\/2022\\\/04\\\/Puzzle-ESA-Groot-PDF-pdf.jpg\",\"datePublished\":\"2022-04-07T15:40:33+00:00\",\"dateModified\":\"2026-01-08T13:02:35+00:00\",\"description\":\"Entdecke das StoryZoo Weltraum Puzzle inspiriert von der ESA. Ein spannendes 4-in-1 Kinderpuzzle, das Spielspa\u00df mit Lernen \u00fcber den Weltraum verbindet.\",\"breadcrumb\":{\"@id\":\"https:\\\/\\\/storyzoo.shop\\\/de\\\/produkt\\\/storyzoo-puzzle-weltraum-esa-4-in-1-puzzle\\\/#breadcrumb\"},\"inLanguage\":\"de\",\"potentialAction\":[{\"@type\":\"ReadAction\",\"target\":[\"https:\\\/\\\/storyzoo.shop\\\/de\\\/produkt\\\/storyzoo-puzzle-weltraum-esa-4-in-1-puzzle\\\/\"]}]},{\"@type\":\"ImageObject\",\"inLanguage\":\"de\",\"@id\":\"https:\\\/\\\/storyzoo.shop\\\/de\\\/produkt\\\/storyzoo-puzzle-weltraum-esa-4-in-1-puzzle\\\/#primaryimage\",\"url\":\"https:\\\/\\\/storyzoo.shop\\\/wp-content\\\/uploads\\\/2022\\\/04\\\/Puzzle-ESA-Groot-PDF-pdf.jpg\",\"contentUrl\":\"https:\\\/\\\/storyzoo.shop\\\/wp-content\\\/uploads\\\/2022\\\/04\\\/Puzzle-ESA-Groot-PDF-pdf.jpg\"},{\"@type\":\"BreadcrumbList\",\"@id\":\"https:\\\/\\\/storyzoo.shop\\\/de\\\/produkt\\\/storyzoo-puzzle-weltraum-esa-4-in-1-puzzle\\\/#breadcrumb\",\"itemListElement\":[{\"@type\":\"ListItem\",\"position\":1,\"name\":\"Home\",\"item\":\"https:\\\/\\\/storyzoo.shop\\\/de\\\/\"},{\"@type\":\"ListItem\",\"position\":2,\"name\":\"Shop\",\"item\":\"https:\\\/\\\/storyzoo.shop\\\/\"},{\"@type\":\"ListItem\",\"position\":3,\"name\":\"StoryZoo Puzzle &#8211; Weltraum (ESA) 4-in-1 Puzzle\u00a0\"}]},{\"@type\":\"WebSite\",\"@id\":\"https:\\\/\\\/storyzoo.shop\\\/#website\",\"url\":\"https:\\\/\\\/storyzoo.shop\\\/\",\"name\":\"StoryZoo shop\",\"description\":\"\",\"publisher\":{\"@id\":\"https:\\\/\\\/storyzoo.shop\\\/#organization\"},\"potentialAction\":[{\"@type\":\"SearchAction\",\"target\":{\"@type\":\"EntryPoint\",\"urlTemplate\":\"https:\\\/\\\/storyzoo.shop\\\/?s={search_term_string}\"},\"query-input\":{\"@type\":\"PropertyValueSpecification\",\"valueRequired\":true,\"valueName\":\"search_term_string\"}}],\"inLanguage\":\"de\"},{\"@type\":\"Organization\",\"@id\":\"https:\\\/\\\/storyzoo.shop\\\/#organization\",\"name\":\"StoryZoo shop\",\"url\":\"https:\\\/\\\/storyzoo.shop\\\/\",\"logo\":{\"@type\":\"ImageObject\",\"inLanguage\":\"de\",\"@id\":\"https:\\\/\\\/storyzoo.shop\\\/#\\\/schema\\\/logo\\\/image\\\/\",\"url\":\"https:\\\/\\\/storyzoo.shop\\\/wp-content\\\/uploads\\\/2021\\\/11\\\/StoryZooShop.png\",\"contentUrl\":\"https:\\\/\\\/storyzoo.shop\\\/wp-content\\\/uploads\\\/2021\\\/11\\\/StoryZooShop.png\",\"width\":600,\"height\":222,\"caption\":\"StoryZoo shop\"},\"image\":{\"@id\":\"https:\\\/\\\/storyzoo.shop\\\/#\\\/schema\\\/logo\\\/image\\\/\"},\"sameAs\":[\"https:\\\/\\\/www.facebook.com\\\/StoryZooTV\",\"https:\\\/\\\/x.com\\\/StoryZooTV\",\"https:\\\/\\\/www.instagram.com\\\/storyzoo_tv\\\/\",\"https:\\\/\\\/www.youtube.com\\\/c\\\/storyzoo\",\"https:\\\/\\\/open.spotify.com\\\/artist\\\/4APIhPMlryahikR2nDj3bB\"]}]}<\/script>\n<!-- \/ Yoast SEO plugin. -->","yoast_head_json":{"title":"StoryZoo Weltraum Puzzle \u2013 ESA 4-in-1 Kinderpuzzle","description":"Entdecke das StoryZoo Weltraum Puzzle inspiriert von der ESA. Ein spannendes 4-in-1 Kinderpuzzle, das Spielspa\u00df mit Lernen \u00fcber den Weltraum verbindet.","robots":{"index":"index","follow":"follow","max-snippet":"max-snippet:-1","max-image-preview":"max-image-preview:large","max-video-preview":"max-video-preview:-1"},"canonical":"https:\/\/storyzoo.shop\/de\/produkt\/storyzoo-puzzle-weltraum-esa-4-in-1-puzzle\/","og_locale":"de_DE","og_type":"article","og_title":"StoryZoo Weltraum Puzzle \u2013 ESA 4-in-1 Kinderpuzzle","og_description":"Entdecke das StoryZoo Weltraum Puzzle inspiriert von der ESA. Ein spannendes 4-in-1 Kinderpuzzle, das Spielspa\u00df mit Lernen \u00fcber den Weltraum verbindet.","og_url":"https:\/\/storyzoo.shop\/de\/produkt\/storyzoo-puzzle-weltraum-esa-4-in-1-puzzle\/","og_site_name":"StoryZoo shop","article_publisher":"https:\/\/www.facebook.com\/StoryZooTV","article_modified_time":"2026-01-08T13:02:35+00:00","twitter_card":"summary_large_image","twitter_site":"@StoryZooTV","twitter_misc":{"Gesch\u00e4tzte Lesezeit":"1\u00a0Minute"},"schema":{"@context":"https:\/\/schema.org","@graph":[{"@type":"WebPage","@id":"https:\/\/storyzoo.shop\/de\/produkt\/storyzoo-puzzle-weltraum-esa-4-in-1-puzzle\/","url":"https:\/\/storyzoo.shop\/de\/produkt\/storyzoo-puzzle-weltraum-esa-4-in-1-puzzle\/","name":"StoryZoo Weltraum Puzzle \u2013 ESA 4-in-1 Kinderpuzzle","isPartOf":{"@id":"https:\/\/storyzoo.shop\/#website"},"primaryImageOfPage":{"@id":"https:\/\/storyzoo.shop\/de\/produkt\/storyzoo-puzzle-weltraum-esa-4-in-1-puzzle\/#primaryimage"},"image":{"@id":"https:\/\/storyzoo.shop\/de\/produkt\/storyzoo-puzzle-weltraum-esa-4-in-1-puzzle\/#primaryimage"},"thumbnailUrl":"https:\/\/storyzoo.shop\/wp-content\/uploads\/2022\/04\/Puzzle-ESA-Groot-PDF-pdf.jpg","datePublished":"2022-04-07T15:40:33+00:00","dateModified":"2026-01-08T13:02:35+00:00","description":"Entdecke das StoryZoo Weltraum Puzzle inspiriert von der ESA. Ein spannendes 4-in-1 Kinderpuzzle, das Spielspa\u00df mit Lernen \u00fcber den Weltraum verbindet.","breadcrumb":{"@id":"https:\/\/storyzoo.shop\/de\/produkt\/storyzoo-puzzle-weltraum-esa-4-in-1-puzzle\/#breadcrumb"},"inLanguage":"de","potentialAction":[{"@type":"ReadAction","target":["https:\/\/storyzoo.shop\/de\/produkt\/storyzoo-puzzle-weltraum-esa-4-in-1-puzzle\/"]}]},{"@type":"ImageObject","inLanguage":"de","@id":"https:\/\/storyzoo.shop\/de\/produkt\/storyzoo-puzzle-weltraum-esa-4-in-1-puzzle\/#primaryimage","url":"https:\/\/storyzoo.shop\/wp-content\/uploads\/2022\/04\/Puzzle-ESA-Groot-PDF-pdf.jpg","contentUrl":"https:\/\/storyzoo.shop\/wp-content\/uploads\/2022\/04\/Puzzle-ESA-Groot-PDF-pdf.jpg"},{"@type":"BreadcrumbList","@id":"https:\/\/storyzoo.shop\/de\/produkt\/storyzoo-puzzle-weltraum-esa-4-in-1-puzzle\/#breadcrumb","itemListElement":[{"@type":"ListItem","position":1,"name":"Home","item":"https:\/\/storyzoo.shop\/de\/"},{"@type":"ListItem","position":2,"name":"Shop","item":"https:\/\/storyzoo.shop\/"},{"@type":"ListItem","position":3,"name":"StoryZoo Puzzle &#8211; Weltraum (ESA) 4-in-1 Puzzle\u00a0"}]},{"@type":"WebSite","@id":"https:\/\/storyzoo.shop\/#website","url":"https:\/\/storyzoo.shop\/","name":"StoryZoo shop","description":"","publisher":{"@id":"https:\/\/storyzoo.shop\/#organization"},"potentialAction":[{"@type":"SearchAction","target":{"@type":"EntryPoint","urlTemplate":"https:\/\/storyzoo.shop\/?s={search_term_string}"},"query-input":{"@type":"PropertyValueSpecification","valueRequired":true,"valueName":"search_term_string"}}],"inLanguage":"de"},{"@type":"Organization","@id":"https:\/\/storyzoo.shop\/#organization","name":"StoryZoo shop","url":"https:\/\/storyzoo.shop\/","logo":{"@type":"ImageObject","inLanguage":"de","@id":"https:\/\/storyzoo.shop\/#\/schema\/logo\/image\/","url":"https:\/\/storyzoo.shop\/wp-content\/uploads\/2021\/11\/StoryZooShop.png","contentUrl":"https:\/\/storyzoo.shop\/wp-content\/uploads\/2021\/11\/StoryZooShop.png","width":600,"height":222,"caption":"StoryZoo shop"},"image":{"@id":"https:\/\/storyzoo.shop\/#\/schema\/logo\/image\/"},"sameAs":["https:\/\/www.facebook.com\/StoryZooTV","https:\/\/x.com\/StoryZooTV","https:\/\/www.instagram.com\/storyzoo_tv\/","https:\/\/www.youtube.com\/c\/storyzoo","https:\/\/open.spotify.com\/artist\/4APIhPMlryahikR2nDj3bB"]}]}},"jetpack_sharing_enabled":true,"_links":{"self":[{"href":"https:\/\/storyzoo.shop\/de\/wp-json\/wp\/v2\/product\/860","targetHints":{"allow":["GET"]}}],"collection":[{"href":"https:\/\/storyzoo.shop\/de\/wp-json\/wp\/v2\/product"}],"about":[{"href":"https:\/\/storyzoo.shop\/de\/wp-json\/wp\/v2\/types\/product"}],"replies":[{"embeddable":true,"href":"https:\/\/storyzoo.shop\/de\/wp-json\/wp\/v2\/comments?post=860"}],"wp:featuredmedia":[{"embeddable":true,"href":"https:\/\/storyzoo.shop\/de\/wp-json\/wp\/v2\/media\/848"}],"wp:attachment":[{"href":"https:\/\/storyzoo.shop\/de\/wp-json\/wp\/v2\/media?parent=860"}],"wp:term":[{"taxonomy":"product_brand","embeddable":true,"href":"https:\/\/storyzoo.shop\/de\/wp-json\/wp\/v2\/product_brand?post=860"},{"taxonomy":"product_cat","embeddable":true,"href":"https:\/\/storyzoo.shop\/de\/wp-json\/wp\/v2\/product_cat?post=860"},{"taxonomy":"product_tag","embeddable":true,"href":"https:\/\/storyzoo.shop\/de\/wp-json\/wp\/v2\/product_tag?post=860"}],"curies":[{"name":"wp","href":"https:\/\/api.w.org\/{rel}","templated":true}]}}