{"id":696,"date":"2022-01-26T15:02:56","date_gmt":"2022-01-26T15:02:56","guid":{"rendered":"https:\/\/storyzoo.shop\/product\/storyzoo-schlusselanhanger-beidseitig-bedruckt\/"},"modified":"2025-12-09T22:18:51","modified_gmt":"2025-12-09T21:18:51","slug":"storyzoo-schlusselanhanger-beidseitig-bedruckt","status":"publish","type":"product","link":"https:\/\/storyzoo.shop\/de\/produkt\/storyzoo-schlusselanhanger-beidseitig-bedruckt\/","title":{"rendered":"StoryZoo Schl\u00fcsselanh\u00e4nger &#8211; beidseitig bedruckt"},"content":{"rendered":"<p><strong>StoryZoo Schl\u00fcsselanh\u00e4nger &#8211; beidseitig bedruckt<\/strong><\/p>\n<p>Lustiger &amp; kindertauglicher Schl\u00fcsselanh\u00e4nger in erstklassiger Qualit\u00e4t, mit zwei unterschiedlichen Motiven von Bax, Pepper und Toby.<\/p>\n<p>Der Schl\u00fcsselanh\u00e4nger enth\u00e4lt eine rundgeflochtene PPM-Schnur \u2013 \u201eFallschirmschnur\u201c \u2013 in den Farben Rot, Wei\u00df und Blau. Der Schl\u00fcsselanh\u00e4nger wird in einem sch\u00fctzenden Stoffbeutel geliefert.<\/p>\n<ul>\n<li>Material Schl\u00fcsselanh\u00e4nger: Stahl<\/li>\n<li>Schl\u00fcsselringdurchmesser: 25 mm<\/li>\n<li>Kordelmaterial: PPM (OEKO-TEX\u00ae G\u00fctezeichen)<\/li>\n<\/ul>\n","protected":false},"excerpt":{"rendered":"<p><strong>StoryZoo Schl\u00fcsselanh\u00e4nger &#8211; beidseitig bedruckt<\/strong><\/p>\n<p>Lustiger &amp; kindertauglicher Schl\u00fcsselanh\u00e4nger in erstklassiger Qualit\u00e4t, mit zwei unterschiedlichen Motiven von Bax, Pepper und Toby.<\/p>\n<p>Der Schl\u00fcsselanh\u00e4nger enth\u00e4lt eine rundgeflochtene PPM-Schnur \u2013 \u201eFallschirmschnur\u201c \u2013 in den Farben Rot, Wei\u00df und Blau. Der Schl\u00fcsselanh\u00e4nger wird in einem sch\u00fctzenden Stoffbeutel geliefert.<\/p>\n<ul>\n<li>Material Schl\u00fcsselanh\u00e4nger: Stahl<\/li>\n<li>Schl\u00fcsselringdurchmesser: 25 mm<\/li>\n<li>Kordelmaterial: PPM (OEKO-TEX\u00ae G\u00fctezeichen)<\/li>\n<\/ul>\n","protected":false},"featured_media":694,"comment_status":"open","ping_status":"closed","template":"","meta":{"_acf_changed":false},"product_brand":[98],"product_cat":[59],"product_tag":[],"class_list":{"0":"post-696","1":"product","2":"type-product","3":"status-publish","4":"has-post-thumbnail","6":"product_brand-storyzoo-de","7":"product_cat-merchandise-de","9":"first","10":"instock","11":"taxable","12":"shipping-taxable","13":"purchasable","14":"product-type-simple"},"acf":[],"yoast_head":"<!-- This site is optimized with the Yoast SEO plugin v27.4 - https:\/\/yoast.com\/product\/yoast-seo-wordpress\/ -->\n<title>StoryZoo Schl\u00fcsselanh\u00e4nger \u2013 Beidseitig Bedruckt<\/title>\n<meta name=\"description\" content=\"Entdecke den StoryZoo Schl\u00fcsselanh\u00e4nger mit beidseitigem Druck. Ein praktisches und fr\u00f6hliches Accessoire f\u00fcr Schl\u00fcssel oder Taschen \u2013 perfekt f\u00fcr StoryZoo Fans.\" \/>\n<meta name=\"robots\" content=\"index, follow, max-snippet:-1, max-image-preview:large, max-video-preview:-1\" \/>\n<link rel=\"canonical\" href=\"https:\/\/storyzoo.shop\/produkt\/storyzoo-sleutelhanger-tweezijdig-bedrukt\/\" \/>\n<meta property=\"og:locale\" content=\"de_DE\" \/>\n<meta property=\"og:type\" content=\"article\" \/>\n<meta property=\"og:title\" content=\"StoryZoo Schl\u00fcsselanh\u00e4nger \u2013 Beidseitig Bedruckt\" \/>\n<meta property=\"og:description\" content=\"Entdecke den StoryZoo Schl\u00fcsselanh\u00e4nger mit beidseitigem Druck. Ein praktisches und fr\u00f6hliches Accessoire f\u00fcr Schl\u00fcssel oder Taschen \u2013 perfekt f\u00fcr StoryZoo Fans.\" \/>\n<meta property=\"og:url\" content=\"https:\/\/storyzoo.shop\/produkt\/storyzoo-sleutelhanger-tweezijdig-bedrukt\/\" \/>\n<meta property=\"og:site_name\" content=\"StoryZoo shop\" \/>\n<meta property=\"article:publisher\" content=\"https:\/\/www.facebook.com\/StoryZooTV\" \/>\n<meta property=\"article:modified_time\" content=\"2025-12-09T21:18:51+00:00\" \/>\n<meta property=\"og:image\" content=\"https:\/\/storyzoo.shop\/wp-content\/uploads\/2022\/01\/sleutelhanger_totaal-scaled.jpg\" \/>\n\t<meta property=\"og:image:width\" content=\"2560\" \/>\n\t<meta property=\"og:image:height\" content=\"1911\" \/>\n\t<meta property=\"og:image:type\" content=\"image\/jpeg\" \/>\n<meta name=\"twitter:card\" content=\"summary_large_image\" \/>\n<meta name=\"twitter:site\" content=\"@StoryZooTV\" \/>\n<script type=\"application\/ld+json\" class=\"yoast-schema-graph\">{\"@context\":\"https:\\\/\\\/schema.org\",\"@graph\":[{\"@type\":\"WebPage\",\"@id\":\"https:\\\/\\\/storyzoo.shop\\\/produkt\\\/storyzoo-sleutelhanger-tweezijdig-bedrukt\\\/\",\"url\":\"https:\\\/\\\/storyzoo.shop\\\/produkt\\\/storyzoo-sleutelhanger-tweezijdig-bedrukt\\\/\",\"name\":\"StoryZoo Schl\u00fcsselanh\u00e4nger \u2013 Beidseitig Bedruckt\",\"isPartOf\":{\"@id\":\"https:\\\/\\\/storyzoo.shop\\\/#website\"},\"primaryImageOfPage\":{\"@id\":\"https:\\\/\\\/storyzoo.shop\\\/produkt\\\/storyzoo-sleutelhanger-tweezijdig-bedrukt\\\/#primaryimage\"},\"image\":{\"@id\":\"https:\\\/\\\/storyzoo.shop\\\/produkt\\\/storyzoo-sleutelhanger-tweezijdig-bedrukt\\\/#primaryimage\"},\"thumbnailUrl\":\"https:\\\/\\\/storyzoo.shop\\\/wp-content\\\/uploads\\\/2022\\\/01\\\/sleutelhanger_totaal-scaled.jpg\",\"datePublished\":\"2022-01-26T15:02:56+00:00\",\"dateModified\":\"2025-12-09T21:18:51+00:00\",\"description\":\"Entdecke den StoryZoo Schl\u00fcsselanh\u00e4nger mit beidseitigem Druck. Ein praktisches und fr\u00f6hliches Accessoire f\u00fcr Schl\u00fcssel oder Taschen \u2013 perfekt f\u00fcr StoryZoo Fans.\",\"breadcrumb\":{\"@id\":\"https:\\\/\\\/storyzoo.shop\\\/produkt\\\/storyzoo-sleutelhanger-tweezijdig-bedrukt\\\/#breadcrumb\"},\"inLanguage\":\"de\",\"potentialAction\":[{\"@type\":\"ReadAction\",\"target\":[\"https:\\\/\\\/storyzoo.shop\\\/produkt\\\/storyzoo-sleutelhanger-tweezijdig-bedrukt\\\/\"]}]},{\"@type\":\"ImageObject\",\"inLanguage\":\"de\",\"@id\":\"https:\\\/\\\/storyzoo.shop\\\/produkt\\\/storyzoo-sleutelhanger-tweezijdig-bedrukt\\\/#primaryimage\",\"url\":\"https:\\\/\\\/storyzoo.shop\\\/wp-content\\\/uploads\\\/2022\\\/01\\\/sleutelhanger_totaal-scaled.jpg\",\"contentUrl\":\"https:\\\/\\\/storyzoo.shop\\\/wp-content\\\/uploads\\\/2022\\\/01\\\/sleutelhanger_totaal-scaled.jpg\",\"width\":2560,\"height\":1911},{\"@type\":\"BreadcrumbList\",\"@id\":\"https:\\\/\\\/storyzoo.shop\\\/produkt\\\/storyzoo-sleutelhanger-tweezijdig-bedrukt\\\/#breadcrumb\",\"itemListElement\":[{\"@type\":\"ListItem\",\"position\":1,\"name\":\"Home\",\"item\":\"https:\\\/\\\/storyzoo.shop\\\/de\\\/\"},{\"@type\":\"ListItem\",\"position\":2,\"name\":\"Shop\",\"item\":\"https:\\\/\\\/storyzoo.shop\\\/\"},{\"@type\":\"ListItem\",\"position\":3,\"name\":\"StoryZoo Schl\u00fcsselanh\u00e4nger &#8211; beidseitig bedruckt\"}]},{\"@type\":\"WebSite\",\"@id\":\"https:\\\/\\\/storyzoo.shop\\\/#website\",\"url\":\"https:\\\/\\\/storyzoo.shop\\\/\",\"name\":\"StoryZoo shop\",\"description\":\"\",\"publisher\":{\"@id\":\"https:\\\/\\\/storyzoo.shop\\\/#organization\"},\"potentialAction\":[{\"@type\":\"SearchAction\",\"target\":{\"@type\":\"EntryPoint\",\"urlTemplate\":\"https:\\\/\\\/storyzoo.shop\\\/?s={search_term_string}\"},\"query-input\":{\"@type\":\"PropertyValueSpecification\",\"valueRequired\":true,\"valueName\":\"search_term_string\"}}],\"inLanguage\":\"de\"},{\"@type\":\"Organization\",\"@id\":\"https:\\\/\\\/storyzoo.shop\\\/#organization\",\"name\":\"StoryZoo shop\",\"url\":\"https:\\\/\\\/storyzoo.shop\\\/\",\"logo\":{\"@type\":\"ImageObject\",\"inLanguage\":\"de\",\"@id\":\"https:\\\/\\\/storyzoo.shop\\\/#\\\/schema\\\/logo\\\/image\\\/\",\"url\":\"https:\\\/\\\/storyzoo.shop\\\/wp-content\\\/uploads\\\/2021\\\/11\\\/StoryZooShop.png\",\"contentUrl\":\"https:\\\/\\\/storyzoo.shop\\\/wp-content\\\/uploads\\\/2021\\\/11\\\/StoryZooShop.png\",\"width\":600,\"height\":222,\"caption\":\"StoryZoo shop\"},\"image\":{\"@id\":\"https:\\\/\\\/storyzoo.shop\\\/#\\\/schema\\\/logo\\\/image\\\/\"},\"sameAs\":[\"https:\\\/\\\/www.facebook.com\\\/StoryZooTV\",\"https:\\\/\\\/x.com\\\/StoryZooTV\",\"https:\\\/\\\/www.instagram.com\\\/storyzoo_tv\\\/\",\"https:\\\/\\\/www.youtube.com\\\/c\\\/storyzoo\",\"https:\\\/\\\/open.spotify.com\\\/artist\\\/4APIhPMlryahikR2nDj3bB\"]}]}<\/script>\n<!-- \/ Yoast SEO plugin. -->","yoast_head_json":{"title":"StoryZoo Schl\u00fcsselanh\u00e4nger \u2013 Beidseitig Bedruckt","description":"Entdecke den StoryZoo Schl\u00fcsselanh\u00e4nger mit beidseitigem Druck. Ein praktisches und fr\u00f6hliches Accessoire f\u00fcr Schl\u00fcssel oder Taschen \u2013 perfekt f\u00fcr StoryZoo Fans.","robots":{"index":"index","follow":"follow","max-snippet":"max-snippet:-1","max-image-preview":"max-image-preview:large","max-video-preview":"max-video-preview:-1"},"canonical":"https:\/\/storyzoo.shop\/produkt\/storyzoo-sleutelhanger-tweezijdig-bedrukt\/","og_locale":"de_DE","og_type":"article","og_title":"StoryZoo Schl\u00fcsselanh\u00e4nger \u2013 Beidseitig Bedruckt","og_description":"Entdecke den StoryZoo Schl\u00fcsselanh\u00e4nger mit beidseitigem Druck. Ein praktisches und fr\u00f6hliches Accessoire f\u00fcr Schl\u00fcssel oder Taschen \u2013 perfekt f\u00fcr StoryZoo Fans.","og_url":"https:\/\/storyzoo.shop\/produkt\/storyzoo-sleutelhanger-tweezijdig-bedrukt\/","og_site_name":"StoryZoo shop","article_publisher":"https:\/\/www.facebook.com\/StoryZooTV","article_modified_time":"2025-12-09T21:18:51+00:00","og_image":[{"width":2560,"height":1911,"url":"https:\/\/storyzoo.shop\/wp-content\/uploads\/2022\/01\/sleutelhanger_totaal-scaled.jpg","type":"image\/jpeg"}],"twitter_card":"summary_large_image","twitter_site":"@StoryZooTV","schema":{"@context":"https:\/\/schema.org","@graph":[{"@type":"WebPage","@id":"https:\/\/storyzoo.shop\/produkt\/storyzoo-sleutelhanger-tweezijdig-bedrukt\/","url":"https:\/\/storyzoo.shop\/produkt\/storyzoo-sleutelhanger-tweezijdig-bedrukt\/","name":"StoryZoo Schl\u00fcsselanh\u00e4nger \u2013 Beidseitig Bedruckt","isPartOf":{"@id":"https:\/\/storyzoo.shop\/#website"},"primaryImageOfPage":{"@id":"https:\/\/storyzoo.shop\/produkt\/storyzoo-sleutelhanger-tweezijdig-bedrukt\/#primaryimage"},"image":{"@id":"https:\/\/storyzoo.shop\/produkt\/storyzoo-sleutelhanger-tweezijdig-bedrukt\/#primaryimage"},"thumbnailUrl":"https:\/\/storyzoo.shop\/wp-content\/uploads\/2022\/01\/sleutelhanger_totaal-scaled.jpg","datePublished":"2022-01-26T15:02:56+00:00","dateModified":"2025-12-09T21:18:51+00:00","description":"Entdecke den StoryZoo Schl\u00fcsselanh\u00e4nger mit beidseitigem Druck. Ein praktisches und fr\u00f6hliches Accessoire f\u00fcr Schl\u00fcssel oder Taschen \u2013 perfekt f\u00fcr StoryZoo Fans.","breadcrumb":{"@id":"https:\/\/storyzoo.shop\/produkt\/storyzoo-sleutelhanger-tweezijdig-bedrukt\/#breadcrumb"},"inLanguage":"de","potentialAction":[{"@type":"ReadAction","target":["https:\/\/storyzoo.shop\/produkt\/storyzoo-sleutelhanger-tweezijdig-bedrukt\/"]}]},{"@type":"ImageObject","inLanguage":"de","@id":"https:\/\/storyzoo.shop\/produkt\/storyzoo-sleutelhanger-tweezijdig-bedrukt\/#primaryimage","url":"https:\/\/storyzoo.shop\/wp-content\/uploads\/2022\/01\/sleutelhanger_totaal-scaled.jpg","contentUrl":"https:\/\/storyzoo.shop\/wp-content\/uploads\/2022\/01\/sleutelhanger_totaal-scaled.jpg","width":2560,"height":1911},{"@type":"BreadcrumbList","@id":"https:\/\/storyzoo.shop\/produkt\/storyzoo-sleutelhanger-tweezijdig-bedrukt\/#breadcrumb","itemListElement":[{"@type":"ListItem","position":1,"name":"Home","item":"https:\/\/storyzoo.shop\/de\/"},{"@type":"ListItem","position":2,"name":"Shop","item":"https:\/\/storyzoo.shop\/"},{"@type":"ListItem","position":3,"name":"StoryZoo Schl\u00fcsselanh\u00e4nger &#8211; beidseitig bedruckt"}]},{"@type":"WebSite","@id":"https:\/\/storyzoo.shop\/#website","url":"https:\/\/storyzoo.shop\/","name":"StoryZoo shop","description":"","publisher":{"@id":"https:\/\/storyzoo.shop\/#organization"},"potentialAction":[{"@type":"SearchAction","target":{"@type":"EntryPoint","urlTemplate":"https:\/\/storyzoo.shop\/?s={search_term_string}"},"query-input":{"@type":"PropertyValueSpecification","valueRequired":true,"valueName":"search_term_string"}}],"inLanguage":"de"},{"@type":"Organization","@id":"https:\/\/storyzoo.shop\/#organization","name":"StoryZoo shop","url":"https:\/\/storyzoo.shop\/","logo":{"@type":"ImageObject","inLanguage":"de","@id":"https:\/\/storyzoo.shop\/#\/schema\/logo\/image\/","url":"https:\/\/storyzoo.shop\/wp-content\/uploads\/2021\/11\/StoryZooShop.png","contentUrl":"https:\/\/storyzoo.shop\/wp-content\/uploads\/2021\/11\/StoryZooShop.png","width":600,"height":222,"caption":"StoryZoo shop"},"image":{"@id":"https:\/\/storyzoo.shop\/#\/schema\/logo\/image\/"},"sameAs":["https:\/\/www.facebook.com\/StoryZooTV","https:\/\/x.com\/StoryZooTV","https:\/\/www.instagram.com\/storyzoo_tv\/","https:\/\/www.youtube.com\/c\/storyzoo","https:\/\/open.spotify.com\/artist\/4APIhPMlryahikR2nDj3bB"]}]}},"jetpack_sharing_enabled":true,"_links":{"self":[{"href":"https:\/\/storyzoo.shop\/de\/wp-json\/wp\/v2\/product\/696","targetHints":{"allow":["GET"]}}],"collection":[{"href":"https:\/\/storyzoo.shop\/de\/wp-json\/wp\/v2\/product"}],"about":[{"href":"https:\/\/storyzoo.shop\/de\/wp-json\/wp\/v2\/types\/product"}],"replies":[{"embeddable":true,"href":"https:\/\/storyzoo.shop\/de\/wp-json\/wp\/v2\/comments?post=696"}],"wp:featuredmedia":[{"embeddable":true,"href":"https:\/\/storyzoo.shop\/de\/wp-json\/wp\/v2\/media\/694"}],"wp:attachment":[{"href":"https:\/\/storyzoo.shop\/de\/wp-json\/wp\/v2\/media?parent=696"}],"wp:term":[{"taxonomy":"product_brand","embeddable":true,"href":"https:\/\/storyzoo.shop\/de\/wp-json\/wp\/v2\/product_brand?post=696"},{"taxonomy":"product_cat","embeddable":true,"href":"https:\/\/storyzoo.shop\/de\/wp-json\/wp\/v2\/product_cat?post=696"},{"taxonomy":"product_tag","embeddable":true,"href":"https:\/\/storyzoo.shop\/de\/wp-json\/wp\/v2\/product_tag?post=696"}],"curies":[{"name":"wp","href":"https:\/\/api.w.org\/{rel}","templated":true}]}}