{"id":619,"date":"2021-11-18T12:51:11","date_gmt":"2021-11-18T12:51:11","guid":{"rendered":"https:\/\/storyzoo.shop\/product\/sos-armband-fur-kinder\/"},"modified":"2025-12-09T22:18:51","modified_gmt":"2025-12-09T21:18:51","slug":"sos-armband-fur-kinder","status":"publish","type":"product","link":"https:\/\/storyzoo.shop\/de\/produkt\/sos-armband-fur-kinder\/","title":{"rendered":"SOS-Armband f\u00fcr Kinder"},"content":{"rendered":"<p><strong>SOS-Armband f\u00fcr Kinder<\/strong><\/p>\n<p>Das SOS-Armband ist ein wieder verwendbares Armband. Einfach die Telefonnummer und den Namen des Kindes auf das Armband schreiben.<\/p>\n<p>Verliert man sich aus den Augen, hat das Kind immer die Telefonnummer eines der Erwachsenen dabei.<br \/>\nAuch Allergien, Unvertr\u00e4glichkeiten oder andere wichtige Dinge k\u00f6nnen auf das SOS-Armband vermerkt werden.<\/p>\n<ul>\n<li>Patentierte Sicherheitsschnalle, die zum \u00d6ffnen zwei H\u00e4nde erfordert.<\/li>\n<li>PVC- und latexfreier Kunststoff<\/li>\n<li>Wasserabweisend<\/li>\n<li>In der Gr\u00f6\u00dfe verstellbar, so dass es f\u00fcr verschiedene Altersgruppen verwendet werden kann.<\/li>\n<li>Abmessungen 21&#215;195 mm<\/li>\n<\/ul>\n","protected":false},"excerpt":{"rendered":"<p><strong>SOS-Armband f\u00fcr Kinder<\/strong><\/p>\n<p>Das SOS-Armband ist ein wieder verwendbares Armband. Einfach die Telefonnummer und den Namen des Kindes auf das Armband schreiben.<\/p>\n<ul>\n<li>Patentierte Sicherheitsschnalle, die zum \u00d6ffnen zwei H\u00e4nde erfordert.<\/li>\n<li>PVC- und latexfreier Kunststoff<\/li>\n<li>Wasserabweisend<\/li>\n<li>In der Gr\u00f6\u00dfe verstellbar, so dass es f\u00fcr verschiedene Altersgruppen verwendet werden kann.<\/li>\n<li>Abmessungen 21&#215;195 mm<\/li>\n<\/ul>\n","protected":false},"featured_media":225,"comment_status":"open","ping_status":"closed","template":"","meta":{"_acf_changed":false},"product_brand":[98],"product_cat":[59],"product_tag":[],"class_list":{"0":"post-619","1":"product","2":"type-product","3":"status-publish","4":"has-post-thumbnail","6":"product_brand-storyzoo-de","7":"product_cat-merchandise-de","9":"first","10":"instock","11":"sale","12":"purchasable","13":"product-type-simple"},"acf":[],"yoast_head":"<!-- This site is optimized with the Yoast SEO plugin v27.4 - https:\/\/yoast.com\/product\/yoast-seo-wordpress\/ -->\n<title>SOS Armband f\u00fcr Kinder \u2013 Sicherheit am Handgelenk | StoryZoo<\/title>\n<meta name=\"description\" content=\"Entdecke die SOS Armband f\u00fcr Kinder. Ein praktisches und sicheres Armband mit Kontaktdaten \u2013 ideal f\u00fcr Ausfl\u00fcge, Urlaub und belebte Orte.\" \/>\n<meta name=\"robots\" content=\"index, follow, max-snippet:-1, max-image-preview:large, max-video-preview:-1\" \/>\n<link rel=\"canonical\" href=\"https:\/\/storyzoo.shop\/produkt\/sos-armband-met-naam-en-telefoonnummer\/\" \/>\n<meta property=\"og:locale\" content=\"de_DE\" \/>\n<meta property=\"og:type\" content=\"article\" \/>\n<meta property=\"og:title\" content=\"SOS Armband f\u00fcr Kinder \u2013 Sicherheit am Handgelenk | StoryZoo\" \/>\n<meta property=\"og:description\" content=\"Entdecke die SOS Armband f\u00fcr Kinder. Ein praktisches und sicheres Armband mit Kontaktdaten \u2013 ideal f\u00fcr Ausfl\u00fcge, Urlaub und belebte Orte.\" \/>\n<meta property=\"og:url\" content=\"https:\/\/storyzoo.shop\/produkt\/sos-armband-met-naam-en-telefoonnummer\/\" \/>\n<meta property=\"og:site_name\" content=\"StoryZoo shop\" \/>\n<meta property=\"article:publisher\" content=\"https:\/\/www.facebook.com\/StoryZooTV\" \/>\n<meta property=\"article:modified_time\" content=\"2025-12-09T21:18:51+00:00\" \/>\n<meta property=\"og:image\" content=\"https:\/\/storyzoo.shop\/wp-content\/uploads\/2021\/11\/500_500_productGfx_201.jpg\" \/>\n\t<meta property=\"og:image:width\" content=\"500\" \/>\n\t<meta property=\"og:image:height\" content=\"375\" \/>\n\t<meta property=\"og:image:type\" content=\"image\/jpeg\" \/>\n<meta name=\"twitter:card\" content=\"summary_large_image\" \/>\n<meta name=\"twitter:site\" content=\"@StoryZooTV\" \/>\n<script type=\"application\/ld+json\" class=\"yoast-schema-graph\">{\"@context\":\"https:\\\/\\\/schema.org\",\"@graph\":[{\"@type\":\"WebPage\",\"@id\":\"https:\\\/\\\/storyzoo.shop\\\/produkt\\\/sos-armband-met-naam-en-telefoonnummer\\\/\",\"url\":\"https:\\\/\\\/storyzoo.shop\\\/produkt\\\/sos-armband-met-naam-en-telefoonnummer\\\/\",\"name\":\"SOS Armband f\u00fcr Kinder \u2013 Sicherheit am Handgelenk | StoryZoo\",\"isPartOf\":{\"@id\":\"https:\\\/\\\/storyzoo.shop\\\/#website\"},\"primaryImageOfPage\":{\"@id\":\"https:\\\/\\\/storyzoo.shop\\\/produkt\\\/sos-armband-met-naam-en-telefoonnummer\\\/#primaryimage\"},\"image\":{\"@id\":\"https:\\\/\\\/storyzoo.shop\\\/produkt\\\/sos-armband-met-naam-en-telefoonnummer\\\/#primaryimage\"},\"thumbnailUrl\":\"https:\\\/\\\/storyzoo.shop\\\/wp-content\\\/uploads\\\/2021\\\/11\\\/500_500_productGfx_201.jpg\",\"datePublished\":\"2021-11-18T12:51:11+00:00\",\"dateModified\":\"2025-12-09T21:18:51+00:00\",\"description\":\"Entdecke die SOS Armband f\u00fcr Kinder. Ein praktisches und sicheres Armband mit Kontaktdaten \u2013 ideal f\u00fcr Ausfl\u00fcge, Urlaub und belebte Orte.\",\"breadcrumb\":{\"@id\":\"https:\\\/\\\/storyzoo.shop\\\/produkt\\\/sos-armband-met-naam-en-telefoonnummer\\\/#breadcrumb\"},\"inLanguage\":\"de\",\"potentialAction\":[{\"@type\":\"ReadAction\",\"target\":[\"https:\\\/\\\/storyzoo.shop\\\/produkt\\\/sos-armband-met-naam-en-telefoonnummer\\\/\"]}]},{\"@type\":\"ImageObject\",\"inLanguage\":\"de\",\"@id\":\"https:\\\/\\\/storyzoo.shop\\\/produkt\\\/sos-armband-met-naam-en-telefoonnummer\\\/#primaryimage\",\"url\":\"https:\\\/\\\/storyzoo.shop\\\/wp-content\\\/uploads\\\/2021\\\/11\\\/500_500_productGfx_201.jpg\",\"contentUrl\":\"https:\\\/\\\/storyzoo.shop\\\/wp-content\\\/uploads\\\/2021\\\/11\\\/500_500_productGfx_201.jpg\",\"width\":500,\"height\":375},{\"@type\":\"BreadcrumbList\",\"@id\":\"https:\\\/\\\/storyzoo.shop\\\/produkt\\\/sos-armband-met-naam-en-telefoonnummer\\\/#breadcrumb\",\"itemListElement\":[{\"@type\":\"ListItem\",\"position\":1,\"name\":\"Home\",\"item\":\"https:\\\/\\\/storyzoo.shop\\\/de\\\/\"},{\"@type\":\"ListItem\",\"position\":2,\"name\":\"Shop\",\"item\":\"https:\\\/\\\/storyzoo.shop\\\/\"},{\"@type\":\"ListItem\",\"position\":3,\"name\":\"SOS-Armband f\u00fcr Kinder\"}]},{\"@type\":\"WebSite\",\"@id\":\"https:\\\/\\\/storyzoo.shop\\\/#website\",\"url\":\"https:\\\/\\\/storyzoo.shop\\\/\",\"name\":\"StoryZoo shop\",\"description\":\"\",\"publisher\":{\"@id\":\"https:\\\/\\\/storyzoo.shop\\\/#organization\"},\"potentialAction\":[{\"@type\":\"SearchAction\",\"target\":{\"@type\":\"EntryPoint\",\"urlTemplate\":\"https:\\\/\\\/storyzoo.shop\\\/?s={search_term_string}\"},\"query-input\":{\"@type\":\"PropertyValueSpecification\",\"valueRequired\":true,\"valueName\":\"search_term_string\"}}],\"inLanguage\":\"de\"},{\"@type\":\"Organization\",\"@id\":\"https:\\\/\\\/storyzoo.shop\\\/#organization\",\"name\":\"StoryZoo shop\",\"url\":\"https:\\\/\\\/storyzoo.shop\\\/\",\"logo\":{\"@type\":\"ImageObject\",\"inLanguage\":\"de\",\"@id\":\"https:\\\/\\\/storyzoo.shop\\\/#\\\/schema\\\/logo\\\/image\\\/\",\"url\":\"https:\\\/\\\/storyzoo.shop\\\/wp-content\\\/uploads\\\/2021\\\/11\\\/StoryZooShop.png\",\"contentUrl\":\"https:\\\/\\\/storyzoo.shop\\\/wp-content\\\/uploads\\\/2021\\\/11\\\/StoryZooShop.png\",\"width\":600,\"height\":222,\"caption\":\"StoryZoo shop\"},\"image\":{\"@id\":\"https:\\\/\\\/storyzoo.shop\\\/#\\\/schema\\\/logo\\\/image\\\/\"},\"sameAs\":[\"https:\\\/\\\/www.facebook.com\\\/StoryZooTV\",\"https:\\\/\\\/x.com\\\/StoryZooTV\",\"https:\\\/\\\/www.instagram.com\\\/storyzoo_tv\\\/\",\"https:\\\/\\\/www.youtube.com\\\/c\\\/storyzoo\",\"https:\\\/\\\/open.spotify.com\\\/artist\\\/4APIhPMlryahikR2nDj3bB\"]}]}<\/script>\n<!-- \/ Yoast SEO plugin. -->","yoast_head_json":{"title":"SOS Armband f\u00fcr Kinder \u2013 Sicherheit am Handgelenk | StoryZoo","description":"Entdecke die SOS Armband f\u00fcr Kinder. Ein praktisches und sicheres Armband mit Kontaktdaten \u2013 ideal f\u00fcr Ausfl\u00fcge, Urlaub und belebte Orte.","robots":{"index":"index","follow":"follow","max-snippet":"max-snippet:-1","max-image-preview":"max-image-preview:large","max-video-preview":"max-video-preview:-1"},"canonical":"https:\/\/storyzoo.shop\/produkt\/sos-armband-met-naam-en-telefoonnummer\/","og_locale":"de_DE","og_type":"article","og_title":"SOS Armband f\u00fcr Kinder \u2013 Sicherheit am Handgelenk | StoryZoo","og_description":"Entdecke die SOS Armband f\u00fcr Kinder. Ein praktisches und sicheres Armband mit Kontaktdaten \u2013 ideal f\u00fcr Ausfl\u00fcge, Urlaub und belebte Orte.","og_url":"https:\/\/storyzoo.shop\/produkt\/sos-armband-met-naam-en-telefoonnummer\/","og_site_name":"StoryZoo shop","article_publisher":"https:\/\/www.facebook.com\/StoryZooTV","article_modified_time":"2025-12-09T21:18:51+00:00","og_image":[{"width":500,"height":375,"url":"https:\/\/storyzoo.shop\/wp-content\/uploads\/2021\/11\/500_500_productGfx_201.jpg","type":"image\/jpeg"}],"twitter_card":"summary_large_image","twitter_site":"@StoryZooTV","schema":{"@context":"https:\/\/schema.org","@graph":[{"@type":"WebPage","@id":"https:\/\/storyzoo.shop\/produkt\/sos-armband-met-naam-en-telefoonnummer\/","url":"https:\/\/storyzoo.shop\/produkt\/sos-armband-met-naam-en-telefoonnummer\/","name":"SOS Armband f\u00fcr Kinder \u2013 Sicherheit am Handgelenk | StoryZoo","isPartOf":{"@id":"https:\/\/storyzoo.shop\/#website"},"primaryImageOfPage":{"@id":"https:\/\/storyzoo.shop\/produkt\/sos-armband-met-naam-en-telefoonnummer\/#primaryimage"},"image":{"@id":"https:\/\/storyzoo.shop\/produkt\/sos-armband-met-naam-en-telefoonnummer\/#primaryimage"},"thumbnailUrl":"https:\/\/storyzoo.shop\/wp-content\/uploads\/2021\/11\/500_500_productGfx_201.jpg","datePublished":"2021-11-18T12:51:11+00:00","dateModified":"2025-12-09T21:18:51+00:00","description":"Entdecke die SOS Armband f\u00fcr Kinder. Ein praktisches und sicheres Armband mit Kontaktdaten \u2013 ideal f\u00fcr Ausfl\u00fcge, Urlaub und belebte Orte.","breadcrumb":{"@id":"https:\/\/storyzoo.shop\/produkt\/sos-armband-met-naam-en-telefoonnummer\/#breadcrumb"},"inLanguage":"de","potentialAction":[{"@type":"ReadAction","target":["https:\/\/storyzoo.shop\/produkt\/sos-armband-met-naam-en-telefoonnummer\/"]}]},{"@type":"ImageObject","inLanguage":"de","@id":"https:\/\/storyzoo.shop\/produkt\/sos-armband-met-naam-en-telefoonnummer\/#primaryimage","url":"https:\/\/storyzoo.shop\/wp-content\/uploads\/2021\/11\/500_500_productGfx_201.jpg","contentUrl":"https:\/\/storyzoo.shop\/wp-content\/uploads\/2021\/11\/500_500_productGfx_201.jpg","width":500,"height":375},{"@type":"BreadcrumbList","@id":"https:\/\/storyzoo.shop\/produkt\/sos-armband-met-naam-en-telefoonnummer\/#breadcrumb","itemListElement":[{"@type":"ListItem","position":1,"name":"Home","item":"https:\/\/storyzoo.shop\/de\/"},{"@type":"ListItem","position":2,"name":"Shop","item":"https:\/\/storyzoo.shop\/"},{"@type":"ListItem","position":3,"name":"SOS-Armband f\u00fcr Kinder"}]},{"@type":"WebSite","@id":"https:\/\/storyzoo.shop\/#website","url":"https:\/\/storyzoo.shop\/","name":"StoryZoo shop","description":"","publisher":{"@id":"https:\/\/storyzoo.shop\/#organization"},"potentialAction":[{"@type":"SearchAction","target":{"@type":"EntryPoint","urlTemplate":"https:\/\/storyzoo.shop\/?s={search_term_string}"},"query-input":{"@type":"PropertyValueSpecification","valueRequired":true,"valueName":"search_term_string"}}],"inLanguage":"de"},{"@type":"Organization","@id":"https:\/\/storyzoo.shop\/#organization","name":"StoryZoo shop","url":"https:\/\/storyzoo.shop\/","logo":{"@type":"ImageObject","inLanguage":"de","@id":"https:\/\/storyzoo.shop\/#\/schema\/logo\/image\/","url":"https:\/\/storyzoo.shop\/wp-content\/uploads\/2021\/11\/StoryZooShop.png","contentUrl":"https:\/\/storyzoo.shop\/wp-content\/uploads\/2021\/11\/StoryZooShop.png","width":600,"height":222,"caption":"StoryZoo shop"},"image":{"@id":"https:\/\/storyzoo.shop\/#\/schema\/logo\/image\/"},"sameAs":["https:\/\/www.facebook.com\/StoryZooTV","https:\/\/x.com\/StoryZooTV","https:\/\/www.instagram.com\/storyzoo_tv\/","https:\/\/www.youtube.com\/c\/storyzoo","https:\/\/open.spotify.com\/artist\/4APIhPMlryahikR2nDj3bB"]}]}},"jetpack_sharing_enabled":true,"_links":{"self":[{"href":"https:\/\/storyzoo.shop\/de\/wp-json\/wp\/v2\/product\/619","targetHints":{"allow":["GET"]}}],"collection":[{"href":"https:\/\/storyzoo.shop\/de\/wp-json\/wp\/v2\/product"}],"about":[{"href":"https:\/\/storyzoo.shop\/de\/wp-json\/wp\/v2\/types\/product"}],"replies":[{"embeddable":true,"href":"https:\/\/storyzoo.shop\/de\/wp-json\/wp\/v2\/comments?post=619"}],"wp:featuredmedia":[{"embeddable":true,"href":"https:\/\/storyzoo.shop\/de\/wp-json\/wp\/v2\/media\/225"}],"wp:attachment":[{"href":"https:\/\/storyzoo.shop\/de\/wp-json\/wp\/v2\/media?parent=619"}],"wp:term":[{"taxonomy":"product_brand","embeddable":true,"href":"https:\/\/storyzoo.shop\/de\/wp-json\/wp\/v2\/product_brand?post=619"},{"taxonomy":"product_cat","embeddable":true,"href":"https:\/\/storyzoo.shop\/de\/wp-json\/wp\/v2\/product_cat?post=619"},{"taxonomy":"product_tag","embeddable":true,"href":"https:\/\/storyzoo.shop\/de\/wp-json\/wp\/v2\/product_tag?post=619"}],"curies":[{"name":"wp","href":"https:\/\/api.w.org\/{rel}","templated":true}]}}