{"id":617,"date":"2021-11-18T12:51:11","date_gmt":"2021-11-18T12:51:11","guid":{"rendered":"https:\/\/storyzoo.shop\/product\/toby-der-affe-pluschtier-25cm\/"},"modified":"2025-12-09T22:18:52","modified_gmt":"2025-12-09T21:18:52","slug":"toby-der-affe-pluschtier-25cm","status":"publish","type":"product","link":"https:\/\/storyzoo.shop\/de\/produkt\/toby-der-affe-pluschtier-25cm\/","title":{"rendered":"Toby der Affe &#8211; Pl\u00fcschtier 25cm"},"content":{"rendered":"<p><strong>Toby der Affe &#8211; Pl\u00fcschtier 25cm<\/strong><\/p>\n<p>Sch\u00f6n weicher Pl\u00fcsch-Kuschelaffe aus hochwertigen Materialien. Spielspa\u00df, gemeinsam Abenteuer erleben und als wunderbares Schlafkuscheltier.<\/p>\n<p>Toby ist ein schelmischer und neugieriger Affe. Er liebt es, die Welt zu erkunden und alles als einen gro\u00dfen Spielplatz zu sehen.<\/p>\n<p>\u00dcberm\u00fctig schwingt er sich von einem Abenteuer ins n\u00e4chste, immer auf der Suche nach Grenzen. Manchmal geht er dar\u00fcber hinweg. Doch dann rufen ihn B\u00e4r Bax oder seine Freundin Papagei Pepper immer wieder in die Realit\u00e4t zur\u00fcck.<\/p>\n<p>Idealer Spiel- und Schlafkumpel f\u00fcr Ihr Kleinkind \/ Vorschulkind.<\/p>\n<ul>\n<li>Umwelt- und kindgerecht nach CE-Norm hergestellt.<\/li>\n<li>Gr\u00f6\u00dfe: 25 cm hoch<\/li>\n<\/ul>\n","protected":false},"excerpt":{"rendered":"<p><strong>Toby der Affe &#8211; Pl\u00fcschtier 25cm<\/strong><\/p>\n<p>Sch\u00f6n weicher Pl\u00fcsch-Kuschelaffe aus hochwertigen Materialien. Spielspa\u00df, gemeinsam Abenteuer erleben und als wunderbares Schlafkuscheltier.<\/p>\n<ul>\n<li>Umwelt- und kindgerecht nach CE-Norm hergestellt.<\/li>\n<li>Gr\u00f6\u00dfe: 25 cm hoch<\/li>\n<\/ul>\n","protected":false},"featured_media":219,"comment_status":"open","ping_status":"closed","template":"","meta":{"_acf_changed":false},"product_brand":[98],"product_cat":[54],"product_tag":[],"class_list":{"0":"post-617","1":"product","2":"type-product","3":"status-publish","4":"has-post-thumbnail","6":"product_brand-storyzoo-de","7":"product_cat-pluschtiere","9":"first","10":"outofstock","11":"purchasable","12":"product-type-simple"},"acf":[],"yoast_head":"<!-- This site is optimized with the Yoast SEO plugin v27.4 - https:\/\/yoast.com\/product\/yoast-seo-wordpress\/ -->\n<title>Toby der Affe Pl\u00fcschtier 25 cm \u2013 Weich &amp; Niedlich | StoryZoo<\/title>\n<meta name=\"description\" content=\"Entdecke das Toby der Affe Pl\u00fcschtier in 25 cm. Ein weiches, kindgerechtes Kuscheltier zum Spielen, Kuscheln und Verschenken.\" \/>\n<meta name=\"robots\" content=\"index, follow, max-snippet:-1, max-image-preview:large, max-video-preview:-1\" \/>\n<link rel=\"canonical\" href=\"https:\/\/storyzoo.shop\/produkt\/toby-knuffel-25cm\/\" \/>\n<meta property=\"og:locale\" content=\"de_DE\" \/>\n<meta property=\"og:type\" content=\"article\" \/>\n<meta property=\"og:title\" content=\"Toby der Affe Pl\u00fcschtier 25 cm \u2013 Weich &amp; Niedlich | StoryZoo\" \/>\n<meta property=\"og:description\" content=\"Entdecke das Toby der Affe Pl\u00fcschtier in 25 cm. Ein weiches, kindgerechtes Kuscheltier zum Spielen, Kuscheln und Verschenken.\" \/>\n<meta property=\"og:url\" content=\"https:\/\/storyzoo.shop\/produkt\/toby-knuffel-25cm\/\" \/>\n<meta property=\"og:site_name\" content=\"StoryZoo shop\" \/>\n<meta property=\"article:publisher\" content=\"https:\/\/www.facebook.com\/StoryZooTV\" \/>\n<meta property=\"article:modified_time\" content=\"2025-12-09T21:18:52+00:00\" \/>\n<meta property=\"og:image\" content=\"https:\/\/storyzoo.shop\/wp-content\/uploads\/2021\/11\/500_500_productGfx_219.jpg\" \/>\n\t<meta property=\"og:image:width\" content=\"373\" \/>\n\t<meta property=\"og:image:height\" content=\"500\" \/>\n\t<meta property=\"og:image:type\" content=\"image\/jpeg\" \/>\n<meta name=\"twitter:card\" content=\"summary_large_image\" \/>\n<meta name=\"twitter:site\" content=\"@StoryZooTV\" \/>\n<meta name=\"twitter:label1\" content=\"Gesch\u00e4tzte Lesezeit\" \/>\n\t<meta name=\"twitter:data1\" content=\"1\u00a0Minute\" \/>\n<script type=\"application\/ld+json\" class=\"yoast-schema-graph\">{\"@context\":\"https:\\\/\\\/schema.org\",\"@graph\":[{\"@type\":\"WebPage\",\"@id\":\"https:\\\/\\\/storyzoo.shop\\\/produkt\\\/toby-knuffel-25cm\\\/\",\"url\":\"https:\\\/\\\/storyzoo.shop\\\/produkt\\\/toby-knuffel-25cm\\\/\",\"name\":\"Toby der Affe Pl\u00fcschtier 25 cm \u2013 Weich & Niedlich | StoryZoo\",\"isPartOf\":{\"@id\":\"https:\\\/\\\/storyzoo.shop\\\/#website\"},\"primaryImageOfPage\":{\"@id\":\"https:\\\/\\\/storyzoo.shop\\\/produkt\\\/toby-knuffel-25cm\\\/#primaryimage\"},\"image\":{\"@id\":\"https:\\\/\\\/storyzoo.shop\\\/produkt\\\/toby-knuffel-25cm\\\/#primaryimage\"},\"thumbnailUrl\":\"https:\\\/\\\/storyzoo.shop\\\/wp-content\\\/uploads\\\/2021\\\/11\\\/500_500_productGfx_219.jpg\",\"datePublished\":\"2021-11-18T12:51:11+00:00\",\"dateModified\":\"2025-12-09T21:18:52+00:00\",\"description\":\"Entdecke das Toby der Affe Pl\u00fcschtier in 25 cm. Ein weiches, kindgerechtes Kuscheltier zum Spielen, Kuscheln und Verschenken.\",\"breadcrumb\":{\"@id\":\"https:\\\/\\\/storyzoo.shop\\\/produkt\\\/toby-knuffel-25cm\\\/#breadcrumb\"},\"inLanguage\":\"de\",\"potentialAction\":[{\"@type\":\"ReadAction\",\"target\":[\"https:\\\/\\\/storyzoo.shop\\\/produkt\\\/toby-knuffel-25cm\\\/\"]}]},{\"@type\":\"ImageObject\",\"inLanguage\":\"de\",\"@id\":\"https:\\\/\\\/storyzoo.shop\\\/produkt\\\/toby-knuffel-25cm\\\/#primaryimage\",\"url\":\"https:\\\/\\\/storyzoo.shop\\\/wp-content\\\/uploads\\\/2021\\\/11\\\/500_500_productGfx_219.jpg\",\"contentUrl\":\"https:\\\/\\\/storyzoo.shop\\\/wp-content\\\/uploads\\\/2021\\\/11\\\/500_500_productGfx_219.jpg\",\"width\":373,\"height\":500},{\"@type\":\"BreadcrumbList\",\"@id\":\"https:\\\/\\\/storyzoo.shop\\\/produkt\\\/toby-knuffel-25cm\\\/#breadcrumb\",\"itemListElement\":[{\"@type\":\"ListItem\",\"position\":1,\"name\":\"Home\",\"item\":\"https:\\\/\\\/storyzoo.shop\\\/de\\\/\"},{\"@type\":\"ListItem\",\"position\":2,\"name\":\"Shop\",\"item\":\"https:\\\/\\\/storyzoo.shop\\\/\"},{\"@type\":\"ListItem\",\"position\":3,\"name\":\"Toby der Affe &#8211; Pl\u00fcschtier 25cm\"}]},{\"@type\":\"WebSite\",\"@id\":\"https:\\\/\\\/storyzoo.shop\\\/#website\",\"url\":\"https:\\\/\\\/storyzoo.shop\\\/\",\"name\":\"StoryZoo shop\",\"description\":\"\",\"publisher\":{\"@id\":\"https:\\\/\\\/storyzoo.shop\\\/#organization\"},\"potentialAction\":[{\"@type\":\"SearchAction\",\"target\":{\"@type\":\"EntryPoint\",\"urlTemplate\":\"https:\\\/\\\/storyzoo.shop\\\/?s={search_term_string}\"},\"query-input\":{\"@type\":\"PropertyValueSpecification\",\"valueRequired\":true,\"valueName\":\"search_term_string\"}}],\"inLanguage\":\"de\"},{\"@type\":\"Organization\",\"@id\":\"https:\\\/\\\/storyzoo.shop\\\/#organization\",\"name\":\"StoryZoo shop\",\"url\":\"https:\\\/\\\/storyzoo.shop\\\/\",\"logo\":{\"@type\":\"ImageObject\",\"inLanguage\":\"de\",\"@id\":\"https:\\\/\\\/storyzoo.shop\\\/#\\\/schema\\\/logo\\\/image\\\/\",\"url\":\"https:\\\/\\\/storyzoo.shop\\\/wp-content\\\/uploads\\\/2021\\\/11\\\/StoryZooShop.png\",\"contentUrl\":\"https:\\\/\\\/storyzoo.shop\\\/wp-content\\\/uploads\\\/2021\\\/11\\\/StoryZooShop.png\",\"width\":600,\"height\":222,\"caption\":\"StoryZoo shop\"},\"image\":{\"@id\":\"https:\\\/\\\/storyzoo.shop\\\/#\\\/schema\\\/logo\\\/image\\\/\"},\"sameAs\":[\"https:\\\/\\\/www.facebook.com\\\/StoryZooTV\",\"https:\\\/\\\/x.com\\\/StoryZooTV\",\"https:\\\/\\\/www.instagram.com\\\/storyzoo_tv\\\/\",\"https:\\\/\\\/www.youtube.com\\\/c\\\/storyzoo\",\"https:\\\/\\\/open.spotify.com\\\/artist\\\/4APIhPMlryahikR2nDj3bB\"]}]}<\/script>\n<!-- \/ Yoast SEO plugin. -->","yoast_head_json":{"title":"Toby der Affe Pl\u00fcschtier 25 cm \u2013 Weich & Niedlich | StoryZoo","description":"Entdecke das Toby der Affe Pl\u00fcschtier in 25 cm. Ein weiches, kindgerechtes Kuscheltier zum Spielen, Kuscheln und Verschenken.","robots":{"index":"index","follow":"follow","max-snippet":"max-snippet:-1","max-image-preview":"max-image-preview:large","max-video-preview":"max-video-preview:-1"},"canonical":"https:\/\/storyzoo.shop\/produkt\/toby-knuffel-25cm\/","og_locale":"de_DE","og_type":"article","og_title":"Toby der Affe Pl\u00fcschtier 25 cm \u2013 Weich & Niedlich | StoryZoo","og_description":"Entdecke das Toby der Affe Pl\u00fcschtier in 25 cm. Ein weiches, kindgerechtes Kuscheltier zum Spielen, Kuscheln und Verschenken.","og_url":"https:\/\/storyzoo.shop\/produkt\/toby-knuffel-25cm\/","og_site_name":"StoryZoo shop","article_publisher":"https:\/\/www.facebook.com\/StoryZooTV","article_modified_time":"2025-12-09T21:18:52+00:00","og_image":[{"width":373,"height":500,"url":"https:\/\/storyzoo.shop\/wp-content\/uploads\/2021\/11\/500_500_productGfx_219.jpg","type":"image\/jpeg"}],"twitter_card":"summary_large_image","twitter_site":"@StoryZooTV","twitter_misc":{"Gesch\u00e4tzte Lesezeit":"1\u00a0Minute"},"schema":{"@context":"https:\/\/schema.org","@graph":[{"@type":"WebPage","@id":"https:\/\/storyzoo.shop\/produkt\/toby-knuffel-25cm\/","url":"https:\/\/storyzoo.shop\/produkt\/toby-knuffel-25cm\/","name":"Toby der Affe Pl\u00fcschtier 25 cm \u2013 Weich & Niedlich | StoryZoo","isPartOf":{"@id":"https:\/\/storyzoo.shop\/#website"},"primaryImageOfPage":{"@id":"https:\/\/storyzoo.shop\/produkt\/toby-knuffel-25cm\/#primaryimage"},"image":{"@id":"https:\/\/storyzoo.shop\/produkt\/toby-knuffel-25cm\/#primaryimage"},"thumbnailUrl":"https:\/\/storyzoo.shop\/wp-content\/uploads\/2021\/11\/500_500_productGfx_219.jpg","datePublished":"2021-11-18T12:51:11+00:00","dateModified":"2025-12-09T21:18:52+00:00","description":"Entdecke das Toby der Affe Pl\u00fcschtier in 25 cm. Ein weiches, kindgerechtes Kuscheltier zum Spielen, Kuscheln und Verschenken.","breadcrumb":{"@id":"https:\/\/storyzoo.shop\/produkt\/toby-knuffel-25cm\/#breadcrumb"},"inLanguage":"de","potentialAction":[{"@type":"ReadAction","target":["https:\/\/storyzoo.shop\/produkt\/toby-knuffel-25cm\/"]}]},{"@type":"ImageObject","inLanguage":"de","@id":"https:\/\/storyzoo.shop\/produkt\/toby-knuffel-25cm\/#primaryimage","url":"https:\/\/storyzoo.shop\/wp-content\/uploads\/2021\/11\/500_500_productGfx_219.jpg","contentUrl":"https:\/\/storyzoo.shop\/wp-content\/uploads\/2021\/11\/500_500_productGfx_219.jpg","width":373,"height":500},{"@type":"BreadcrumbList","@id":"https:\/\/storyzoo.shop\/produkt\/toby-knuffel-25cm\/#breadcrumb","itemListElement":[{"@type":"ListItem","position":1,"name":"Home","item":"https:\/\/storyzoo.shop\/de\/"},{"@type":"ListItem","position":2,"name":"Shop","item":"https:\/\/storyzoo.shop\/"},{"@type":"ListItem","position":3,"name":"Toby der Affe &#8211; Pl\u00fcschtier 25cm"}]},{"@type":"WebSite","@id":"https:\/\/storyzoo.shop\/#website","url":"https:\/\/storyzoo.shop\/","name":"StoryZoo shop","description":"","publisher":{"@id":"https:\/\/storyzoo.shop\/#organization"},"potentialAction":[{"@type":"SearchAction","target":{"@type":"EntryPoint","urlTemplate":"https:\/\/storyzoo.shop\/?s={search_term_string}"},"query-input":{"@type":"PropertyValueSpecification","valueRequired":true,"valueName":"search_term_string"}}],"inLanguage":"de"},{"@type":"Organization","@id":"https:\/\/storyzoo.shop\/#organization","name":"StoryZoo shop","url":"https:\/\/storyzoo.shop\/","logo":{"@type":"ImageObject","inLanguage":"de","@id":"https:\/\/storyzoo.shop\/#\/schema\/logo\/image\/","url":"https:\/\/storyzoo.shop\/wp-content\/uploads\/2021\/11\/StoryZooShop.png","contentUrl":"https:\/\/storyzoo.shop\/wp-content\/uploads\/2021\/11\/StoryZooShop.png","width":600,"height":222,"caption":"StoryZoo shop"},"image":{"@id":"https:\/\/storyzoo.shop\/#\/schema\/logo\/image\/"},"sameAs":["https:\/\/www.facebook.com\/StoryZooTV","https:\/\/x.com\/StoryZooTV","https:\/\/www.instagram.com\/storyzoo_tv\/","https:\/\/www.youtube.com\/c\/storyzoo","https:\/\/open.spotify.com\/artist\/4APIhPMlryahikR2nDj3bB"]}]}},"jetpack_sharing_enabled":true,"_links":{"self":[{"href":"https:\/\/storyzoo.shop\/de\/wp-json\/wp\/v2\/product\/617","targetHints":{"allow":["GET"]}}],"collection":[{"href":"https:\/\/storyzoo.shop\/de\/wp-json\/wp\/v2\/product"}],"about":[{"href":"https:\/\/storyzoo.shop\/de\/wp-json\/wp\/v2\/types\/product"}],"replies":[{"embeddable":true,"href":"https:\/\/storyzoo.shop\/de\/wp-json\/wp\/v2\/comments?post=617"}],"wp:featuredmedia":[{"embeddable":true,"href":"https:\/\/storyzoo.shop\/de\/wp-json\/wp\/v2\/media\/219"}],"wp:attachment":[{"href":"https:\/\/storyzoo.shop\/de\/wp-json\/wp\/v2\/media?parent=617"}],"wp:term":[{"taxonomy":"product_brand","embeddable":true,"href":"https:\/\/storyzoo.shop\/de\/wp-json\/wp\/v2\/product_brand?post=617"},{"taxonomy":"product_cat","embeddable":true,"href":"https:\/\/storyzoo.shop\/de\/wp-json\/wp\/v2\/product_cat?post=617"},{"taxonomy":"product_tag","embeddable":true,"href":"https:\/\/storyzoo.shop\/de\/wp-json\/wp\/v2\/product_tag?post=617"}],"curies":[{"name":"wp","href":"https:\/\/api.w.org\/{rel}","templated":true}]}}