{"id":610,"date":"2021-11-18T12:51:11","date_gmt":"2021-11-18T12:51:11","guid":{"rendered":"https:\/\/storyzoo.shop\/product\/bax-der-baer-plueschtier-35-cm\/"},"modified":"2026-02-24T13:41:51","modified_gmt":"2026-02-24T12:41:51","slug":"bax-der-baer-plueschtier-35-cm","status":"publish","type":"product","link":"https:\/\/storyzoo.shop\/de\/produkt\/bax-der-baer-plueschtier-35-cm\/","title":{"rendered":"Bax der B\u00e4r Pl\u00fcschtier &#8211; 35 cm"},"content":{"rendered":"<p><strong>Bax Pl\u00fcschtier &#8211; 35cm<\/strong><\/p>\n<p>Ein unwiderstehlich weicher und gro\u00dfer Kuschelb\u00e4r (35 cm hoch) aus hochwertigen Materialien. B\u00e4r Bax, eine der drei Hauptfiguren aus der lehrreichen Animationsserie StoryZoo, ist ein fr\u00f6hlicher, gutm\u00fctiger Kerl. Bax ist ein herzlicher, warmer Kuschelb\u00e4r, der gerne schl\u00e4ft und vor allem gerne kuschelt.<\/p>\n<p>Bax ist wie ein verspielter Vater f\u00fcr Toby und f\u00fcr Pepper. Jeden Tag liest er seinen Freunden aus dem StoryZoo Buch vor und l\u00e4sst sie dadurch viele spannende Abenteuer erleben.<\/p>\n<p>Bax passt auch auf Toby und Pepper aus, er sorgt daf\u00fcr, dass ihnen nichts passieren kann. Manchmal begleitet er die beiden sogar bei einem Abenteuer. Oft bringen Toby und Pepper von ihren Abenteuern eine \u00dcberraschung f\u00fcr Bax mit, \u00fcber die er sich dann riesig freut. Er kann es genie\u00dfen wie kein anderer!<\/p>\n<ul>\n<li>Umwelt- und kinderfreundlich nach CE-Norm produziert<\/li>\n<li>Gr\u00f6\u00dfe: 35 cm hoch<\/li>\n<li>Versandkosten: 11,95 \u20ac<\/li>\n<\/ul>\n<p>Videos von den &#8222;StoryZoo Abenteuern&#8220; findet ihr auf unserem YouTube-Kanal:<\/p>\n<p><a href=\"https:\/\/www.youtube.com\/c\/StoryZooGerman\">StoryZoo YouTube<\/a><\/p>\n","protected":false},"excerpt":{"rendered":"<p><strong>Bax Pl\u00fcschtier &#8211; 35cm<\/strong><\/p>\n<p>Ein unwiderstehlich weicher und gro\u00dfer Kuschelb\u00e4r (35 cm hoch) aus hochwertigen Materialien.<\/p>\n<ul>\n<li>Umwelt- und kinderfreundlich nach CE-Norm produziert<\/li>\n<li>Gr\u00f6\u00dfe: 35 cm hoch<\/li>\n<li>Versandkosten: 6,95 \u20ac<\/li>\n<\/ul>\n","protected":false},"featured_media":228,"comment_status":"open","ping_status":"closed","template":"","meta":{"_acf_changed":false},"product_brand":[98],"product_cat":[54],"product_tag":[],"class_list":{"0":"post-610","1":"product","2":"type-product","3":"status-publish","4":"has-post-thumbnail","6":"product_brand-storyzoo-de","7":"product_cat-pluschtiere","9":"first","10":"instock","11":"purchasable","12":"product-type-simple"},"acf":[],"yoast_head":"<!-- This site is optimized with the Yoast SEO plugin v27.4 - https:\/\/yoast.com\/product\/yoast-seo-wordpress\/ -->\n<title>Bax der B\u00e4r Pl\u00fcschtier 35 cm \u2013 Weicher Kuschelspa\u00df f\u00fcr Kinder<\/title>\n<meta name=\"description\" content=\"Entdecke das StoryZoo \u201eBax der B\u00e4r\u201c Pl\u00fcschtier (35 cm) \u2013 superweich und perfekt zum Kuscheln &amp; Spielen f\u00fcr Kinder jeden Alters.\" \/>\n<meta name=\"robots\" content=\"index, follow, max-snippet:-1, max-image-preview:large, max-video-preview:-1\" \/>\n<link rel=\"canonical\" href=\"https:\/\/storyzoo.shop\/de\/produkt\/bax-der-baer-plueschtier-35-cm\/\" \/>\n<meta property=\"og:locale\" content=\"de_DE\" \/>\n<meta property=\"og:type\" content=\"article\" \/>\n<meta property=\"og:title\" content=\"Bax der B\u00e4r Pl\u00fcschtier 35 cm \u2013 Weicher Kuschelspa\u00df f\u00fcr Kinder\" \/>\n<meta property=\"og:description\" content=\"Entdecke das StoryZoo \u201eBax der B\u00e4r\u201c Pl\u00fcschtier (35 cm) \u2013 superweich und perfekt zum Kuscheln &amp; Spielen f\u00fcr Kinder jeden Alters.\" \/>\n<meta property=\"og:url\" content=\"https:\/\/storyzoo.shop\/de\/produkt\/bax-der-baer-plueschtier-35-cm\/\" \/>\n<meta property=\"og:site_name\" content=\"StoryZoo shop\" \/>\n<meta property=\"article:publisher\" content=\"https:\/\/www.facebook.com\/StoryZooTV\" \/>\n<meta property=\"article:modified_time\" content=\"2026-02-24T12:41:51+00:00\" \/>\n<meta property=\"og:image\" content=\"https:\/\/storyzoo.shop\/wp-content\/uploads\/2021\/11\/500_500_productGfx_216.jpg\" \/>\n\t<meta property=\"og:image:width\" content=\"385\" \/>\n\t<meta property=\"og:image:height\" content=\"500\" \/>\n\t<meta property=\"og:image:type\" content=\"image\/jpeg\" \/>\n<meta name=\"twitter:card\" content=\"summary_large_image\" \/>\n<meta name=\"twitter:site\" content=\"@StoryZooTV\" \/>\n<meta name=\"twitter:label1\" content=\"Gesch\u00e4tzte Lesezeit\" \/>\n\t<meta name=\"twitter:data1\" content=\"1\u00a0Minute\" \/>\n<script type=\"application\/ld+json\" class=\"yoast-schema-graph\">{\"@context\":\"https:\\\/\\\/schema.org\",\"@graph\":[{\"@type\":\"WebPage\",\"@id\":\"https:\\\/\\\/storyzoo.shop\\\/de\\\/produkt\\\/bax-der-baer-plueschtier-35-cm\\\/\",\"url\":\"https:\\\/\\\/storyzoo.shop\\\/de\\\/produkt\\\/bax-der-baer-plueschtier-35-cm\\\/\",\"name\":\"Bax der B\u00e4r Pl\u00fcschtier 35 cm \u2013 Weicher Kuschelspa\u00df f\u00fcr Kinder\",\"isPartOf\":{\"@id\":\"https:\\\/\\\/storyzoo.shop\\\/#website\"},\"primaryImageOfPage\":{\"@id\":\"https:\\\/\\\/storyzoo.shop\\\/de\\\/produkt\\\/bax-der-baer-plueschtier-35-cm\\\/#primaryimage\"},\"image\":{\"@id\":\"https:\\\/\\\/storyzoo.shop\\\/de\\\/produkt\\\/bax-der-baer-plueschtier-35-cm\\\/#primaryimage\"},\"thumbnailUrl\":\"https:\\\/\\\/storyzoo.shop\\\/wp-content\\\/uploads\\\/2021\\\/11\\\/500_500_productGfx_216.jpg\",\"datePublished\":\"2021-11-18T12:51:11+00:00\",\"dateModified\":\"2026-02-24T12:41:51+00:00\",\"description\":\"Entdecke das StoryZoo \u201eBax der B\u00e4r\u201c Pl\u00fcschtier (35 cm) \u2013 superweich und perfekt zum Kuscheln & Spielen f\u00fcr Kinder jeden Alters.\",\"breadcrumb\":{\"@id\":\"https:\\\/\\\/storyzoo.shop\\\/de\\\/produkt\\\/bax-der-baer-plueschtier-35-cm\\\/#breadcrumb\"},\"inLanguage\":\"de\",\"potentialAction\":[{\"@type\":\"ReadAction\",\"target\":[\"https:\\\/\\\/storyzoo.shop\\\/de\\\/produkt\\\/bax-der-baer-plueschtier-35-cm\\\/\"]}]},{\"@type\":\"ImageObject\",\"inLanguage\":\"de\",\"@id\":\"https:\\\/\\\/storyzoo.shop\\\/de\\\/produkt\\\/bax-der-baer-plueschtier-35-cm\\\/#primaryimage\",\"url\":\"https:\\\/\\\/storyzoo.shop\\\/wp-content\\\/uploads\\\/2021\\\/11\\\/500_500_productGfx_216.jpg\",\"contentUrl\":\"https:\\\/\\\/storyzoo.shop\\\/wp-content\\\/uploads\\\/2021\\\/11\\\/500_500_productGfx_216.jpg\",\"width\":385,\"height\":500},{\"@type\":\"BreadcrumbList\",\"@id\":\"https:\\\/\\\/storyzoo.shop\\\/de\\\/produkt\\\/bax-der-baer-plueschtier-35-cm\\\/#breadcrumb\",\"itemListElement\":[{\"@type\":\"ListItem\",\"position\":1,\"name\":\"Home\",\"item\":\"https:\\\/\\\/storyzoo.shop\\\/de\\\/\"},{\"@type\":\"ListItem\",\"position\":2,\"name\":\"Shop\",\"item\":\"https:\\\/\\\/storyzoo.shop\\\/\"},{\"@type\":\"ListItem\",\"position\":3,\"name\":\"Bax der B\u00e4r Pl\u00fcschtier &#8211; 35 cm\"}]},{\"@type\":\"WebSite\",\"@id\":\"https:\\\/\\\/storyzoo.shop\\\/#website\",\"url\":\"https:\\\/\\\/storyzoo.shop\\\/\",\"name\":\"StoryZoo shop\",\"description\":\"\",\"publisher\":{\"@id\":\"https:\\\/\\\/storyzoo.shop\\\/#organization\"},\"potentialAction\":[{\"@type\":\"SearchAction\",\"target\":{\"@type\":\"EntryPoint\",\"urlTemplate\":\"https:\\\/\\\/storyzoo.shop\\\/?s={search_term_string}\"},\"query-input\":{\"@type\":\"PropertyValueSpecification\",\"valueRequired\":true,\"valueName\":\"search_term_string\"}}],\"inLanguage\":\"de\"},{\"@type\":\"Organization\",\"@id\":\"https:\\\/\\\/storyzoo.shop\\\/#organization\",\"name\":\"StoryZoo shop\",\"url\":\"https:\\\/\\\/storyzoo.shop\\\/\",\"logo\":{\"@type\":\"ImageObject\",\"inLanguage\":\"de\",\"@id\":\"https:\\\/\\\/storyzoo.shop\\\/#\\\/schema\\\/logo\\\/image\\\/\",\"url\":\"https:\\\/\\\/storyzoo.shop\\\/wp-content\\\/uploads\\\/2021\\\/11\\\/StoryZooShop.png\",\"contentUrl\":\"https:\\\/\\\/storyzoo.shop\\\/wp-content\\\/uploads\\\/2021\\\/11\\\/StoryZooShop.png\",\"width\":600,\"height\":222,\"caption\":\"StoryZoo shop\"},\"image\":{\"@id\":\"https:\\\/\\\/storyzoo.shop\\\/#\\\/schema\\\/logo\\\/image\\\/\"},\"sameAs\":[\"https:\\\/\\\/www.facebook.com\\\/StoryZooTV\",\"https:\\\/\\\/x.com\\\/StoryZooTV\",\"https:\\\/\\\/www.instagram.com\\\/storyzoo_tv\\\/\",\"https:\\\/\\\/www.youtube.com\\\/c\\\/storyzoo\",\"https:\\\/\\\/open.spotify.com\\\/artist\\\/4APIhPMlryahikR2nDj3bB\"]}]}<\/script>\n<!-- \/ Yoast SEO plugin. -->","yoast_head_json":{"title":"Bax der B\u00e4r Pl\u00fcschtier 35 cm \u2013 Weicher Kuschelspa\u00df f\u00fcr Kinder","description":"Entdecke das StoryZoo \u201eBax der B\u00e4r\u201c Pl\u00fcschtier (35 cm) \u2013 superweich und perfekt zum Kuscheln & Spielen f\u00fcr Kinder jeden Alters.","robots":{"index":"index","follow":"follow","max-snippet":"max-snippet:-1","max-image-preview":"max-image-preview:large","max-video-preview":"max-video-preview:-1"},"canonical":"https:\/\/storyzoo.shop\/de\/produkt\/bax-der-baer-plueschtier-35-cm\/","og_locale":"de_DE","og_type":"article","og_title":"Bax der B\u00e4r Pl\u00fcschtier 35 cm \u2013 Weicher Kuschelspa\u00df f\u00fcr Kinder","og_description":"Entdecke das StoryZoo \u201eBax der B\u00e4r\u201c Pl\u00fcschtier (35 cm) \u2013 superweich und perfekt zum Kuscheln & Spielen f\u00fcr Kinder jeden Alters.","og_url":"https:\/\/storyzoo.shop\/de\/produkt\/bax-der-baer-plueschtier-35-cm\/","og_site_name":"StoryZoo shop","article_publisher":"https:\/\/www.facebook.com\/StoryZooTV","article_modified_time":"2026-02-24T12:41:51+00:00","og_image":[{"width":385,"height":500,"url":"https:\/\/storyzoo.shop\/wp-content\/uploads\/2021\/11\/500_500_productGfx_216.jpg","type":"image\/jpeg"}],"twitter_card":"summary_large_image","twitter_site":"@StoryZooTV","twitter_misc":{"Gesch\u00e4tzte Lesezeit":"1\u00a0Minute"},"schema":{"@context":"https:\/\/schema.org","@graph":[{"@type":"WebPage","@id":"https:\/\/storyzoo.shop\/de\/produkt\/bax-der-baer-plueschtier-35-cm\/","url":"https:\/\/storyzoo.shop\/de\/produkt\/bax-der-baer-plueschtier-35-cm\/","name":"Bax der B\u00e4r Pl\u00fcschtier 35 cm \u2013 Weicher Kuschelspa\u00df f\u00fcr Kinder","isPartOf":{"@id":"https:\/\/storyzoo.shop\/#website"},"primaryImageOfPage":{"@id":"https:\/\/storyzoo.shop\/de\/produkt\/bax-der-baer-plueschtier-35-cm\/#primaryimage"},"image":{"@id":"https:\/\/storyzoo.shop\/de\/produkt\/bax-der-baer-plueschtier-35-cm\/#primaryimage"},"thumbnailUrl":"https:\/\/storyzoo.shop\/wp-content\/uploads\/2021\/11\/500_500_productGfx_216.jpg","datePublished":"2021-11-18T12:51:11+00:00","dateModified":"2026-02-24T12:41:51+00:00","description":"Entdecke das StoryZoo \u201eBax der B\u00e4r\u201c Pl\u00fcschtier (35 cm) \u2013 superweich und perfekt zum Kuscheln & Spielen f\u00fcr Kinder jeden Alters.","breadcrumb":{"@id":"https:\/\/storyzoo.shop\/de\/produkt\/bax-der-baer-plueschtier-35-cm\/#breadcrumb"},"inLanguage":"de","potentialAction":[{"@type":"ReadAction","target":["https:\/\/storyzoo.shop\/de\/produkt\/bax-der-baer-plueschtier-35-cm\/"]}]},{"@type":"ImageObject","inLanguage":"de","@id":"https:\/\/storyzoo.shop\/de\/produkt\/bax-der-baer-plueschtier-35-cm\/#primaryimage","url":"https:\/\/storyzoo.shop\/wp-content\/uploads\/2021\/11\/500_500_productGfx_216.jpg","contentUrl":"https:\/\/storyzoo.shop\/wp-content\/uploads\/2021\/11\/500_500_productGfx_216.jpg","width":385,"height":500},{"@type":"BreadcrumbList","@id":"https:\/\/storyzoo.shop\/de\/produkt\/bax-der-baer-plueschtier-35-cm\/#breadcrumb","itemListElement":[{"@type":"ListItem","position":1,"name":"Home","item":"https:\/\/storyzoo.shop\/de\/"},{"@type":"ListItem","position":2,"name":"Shop","item":"https:\/\/storyzoo.shop\/"},{"@type":"ListItem","position":3,"name":"Bax der B\u00e4r Pl\u00fcschtier &#8211; 35 cm"}]},{"@type":"WebSite","@id":"https:\/\/storyzoo.shop\/#website","url":"https:\/\/storyzoo.shop\/","name":"StoryZoo shop","description":"","publisher":{"@id":"https:\/\/storyzoo.shop\/#organization"},"potentialAction":[{"@type":"SearchAction","target":{"@type":"EntryPoint","urlTemplate":"https:\/\/storyzoo.shop\/?s={search_term_string}"},"query-input":{"@type":"PropertyValueSpecification","valueRequired":true,"valueName":"search_term_string"}}],"inLanguage":"de"},{"@type":"Organization","@id":"https:\/\/storyzoo.shop\/#organization","name":"StoryZoo shop","url":"https:\/\/storyzoo.shop\/","logo":{"@type":"ImageObject","inLanguage":"de","@id":"https:\/\/storyzoo.shop\/#\/schema\/logo\/image\/","url":"https:\/\/storyzoo.shop\/wp-content\/uploads\/2021\/11\/StoryZooShop.png","contentUrl":"https:\/\/storyzoo.shop\/wp-content\/uploads\/2021\/11\/StoryZooShop.png","width":600,"height":222,"caption":"StoryZoo shop"},"image":{"@id":"https:\/\/storyzoo.shop\/#\/schema\/logo\/image\/"},"sameAs":["https:\/\/www.facebook.com\/StoryZooTV","https:\/\/x.com\/StoryZooTV","https:\/\/www.instagram.com\/storyzoo_tv\/","https:\/\/www.youtube.com\/c\/storyzoo","https:\/\/open.spotify.com\/artist\/4APIhPMlryahikR2nDj3bB"]}]}},"jetpack_sharing_enabled":true,"_links":{"self":[{"href":"https:\/\/storyzoo.shop\/de\/wp-json\/wp\/v2\/product\/610","targetHints":{"allow":["GET"]}}],"collection":[{"href":"https:\/\/storyzoo.shop\/de\/wp-json\/wp\/v2\/product"}],"about":[{"href":"https:\/\/storyzoo.shop\/de\/wp-json\/wp\/v2\/types\/product"}],"replies":[{"embeddable":true,"href":"https:\/\/storyzoo.shop\/de\/wp-json\/wp\/v2\/comments?post=610"}],"wp:featuredmedia":[{"embeddable":true,"href":"https:\/\/storyzoo.shop\/de\/wp-json\/wp\/v2\/media\/228"}],"wp:attachment":[{"href":"https:\/\/storyzoo.shop\/de\/wp-json\/wp\/v2\/media?parent=610"}],"wp:term":[{"taxonomy":"product_brand","embeddable":true,"href":"https:\/\/storyzoo.shop\/de\/wp-json\/wp\/v2\/product_brand?post=610"},{"taxonomy":"product_cat","embeddable":true,"href":"https:\/\/storyzoo.shop\/de\/wp-json\/wp\/v2\/product_cat?post=610"},{"taxonomy":"product_tag","embeddable":true,"href":"https:\/\/storyzoo.shop\/de\/wp-json\/wp\/v2\/product_tag?post=610"}],"curies":[{"name":"wp","href":"https:\/\/api.w.org\/{rel}","templated":true}]}}