{"id":1869,"date":"2025-12-09T17:40:39","date_gmt":"2025-12-09T16:40:39","guid":{"rendered":"https:\/\/storyzoo.shop\/?post_type=product&#038;p=1869"},"modified":"2025-12-22T11:14:41","modified_gmt":"2025-12-22T10:14:41","slug":"tonies-toniebox-starter-set-inkl-1-kreativ-figur-audioplayer-fuer-hoerbuecher-und-lieder-fuer-kinder","status":"publish","type":"product","link":"https:\/\/storyzoo.shop\/de\/produkt\/tonies-toniebox-starter-set-inkl-1-kreativ-figur-audioplayer-fuer-hoerbuecher-und-lieder-fuer-kinder\/","title":{"rendered":"tonies Toniebox Starter Set inkl. 1 Kreativ Figur \u2013 Audioplayer f\u00fcr H\u00f6rb\u00fccher und Lieder f\u00fcr Kinder"},"content":{"rendered":"<p>Die Toniebox ist ein einzigartiger, kinderfreundlicher Audioplayer, der H\u00f6rspa\u00df zum Anfassen bietet. Ob Gute-Nacht-Geschichten, Lieder, H\u00f6rspiele oder als Spieluhr \u2013 die Toniebox begleitet Kinder durch den Tag und bringt Fantasie, Freude und Geborgenheit ins Kinderzimmer.<\/p>\n<p>Dank ihrer weichen, robusten und sto\u00dffesten Oberfl\u00e4che h\u00e4lt sie auch wilden Kinderh\u00e4nden stand. Die intuitive Bedienung ohne Tasten, nur durch Tippen und Neigen, macht sie besonders benutzerfreundlich \u2013 ideal schon f\u00fcr die Kleinsten.<\/p>\n<p>Im Starter Set ist alles enthalten, um sofort loszulegen: Die Toniebox, eine Toniefigur sowie eine leicht verst\u00e4ndliche Anleitung. Einfach den Tonie auf die Box stellen \u2013 und schon beginnt das H\u00f6rabenteuer.<\/p>\n","protected":false},"excerpt":{"rendered":"<p>Die Toniebox ist ein einzigartiger, kinderfreundlicher Audioplayer, der H\u00f6rspa\u00df zum Anfassen bietet. Ob Gute-Nacht-Geschichten, Lieder, H\u00f6rspiele oder als Spieluhr \u2013 die Toniebox begleitet Kinder durch den Tag und bringt Fantasie, Freude und Geborgenheit ins Kinderzimmer. Dank ihrer weichen, robusten und sto\u00dffesten Oberfl\u00e4che h\u00e4lt sie auch wilden Kinderh\u00e4nden stand. Die intuitive Bedienung ohne Tasten, nur durch [&hellip;]<\/p>\n","protected":false},"featured_media":1870,"comment_status":"open","ping_status":"closed","template":"","meta":{"_acf_changed":false},"product_brand":[91],"product_cat":[59],"product_tag":[],"class_list":{"0":"post-1869","1":"product","2":"type-product","3":"status-publish","4":"has-post-thumbnail","6":"product_brand-tonies","7":"product_cat-merchandise-de","9":"first","10":"instock","11":"taxable","12":"shipping-taxable","13":"product-type-external"},"acf":[],"yoast_head":"<!-- This site is optimized with the Yoast SEO plugin v27.4 - https:\/\/yoast.com\/product\/yoast-seo-wordpress\/ -->\n<title>Toniebox Starter Set \u2013 Audioplayer f\u00fcr Kinder | StoryZoo<\/title>\n<meta name=\"description\" content=\"Entdecke das Toniebox Starter Set inklusive Kreativ-Tonie. Der ideale Audioplayer f\u00fcr H\u00f6rb\u00fccher und Lieder \u2013 einfach zu bedienen und perfekt f\u00fcr Kinder.\" \/>\n<meta name=\"robots\" content=\"index, follow, max-snippet:-1, max-image-preview:large, max-video-preview:-1\" \/>\n<link rel=\"canonical\" href=\"https:\/\/storyzoo.shop\/de\/produkt\/tonies-toniebox-starter-set-inkl-1-kreativ-figur-audioplayer-fuer-hoerbuecher-und-lieder-fuer-kinder\/\" \/>\n<meta property=\"og:locale\" content=\"de_DE\" \/>\n<meta property=\"og:type\" content=\"article\" \/>\n<meta property=\"og:title\" content=\"Toniebox Starter Set \u2013 Audioplayer f\u00fcr Kinder | StoryZoo\" \/>\n<meta property=\"og:description\" content=\"Entdecke das Toniebox Starter Set inklusive Kreativ-Tonie. Der ideale Audioplayer f\u00fcr H\u00f6rb\u00fccher und Lieder \u2013 einfach zu bedienen und perfekt f\u00fcr Kinder.\" \/>\n<meta property=\"og:url\" content=\"https:\/\/storyzoo.shop\/de\/produkt\/tonies-toniebox-starter-set-inkl-1-kreativ-figur-audioplayer-fuer-hoerbuecher-und-lieder-fuer-kinder\/\" \/>\n<meta property=\"og:site_name\" content=\"StoryZoo shop\" \/>\n<meta property=\"article:publisher\" content=\"https:\/\/www.facebook.com\/StoryZooTV\" \/>\n<meta property=\"article:modified_time\" content=\"2025-12-22T10:14:41+00:00\" \/>\n<meta property=\"og:image\" content=\"https:\/\/storyzoo.shop\/wp-content\/uploads\/2025\/12\/tonies-Toniebox-Starter-Set-inkl.-1-Kreativ-Figur.jpg\" \/>\n\t<meta property=\"og:image:width\" content=\"450\" \/>\n\t<meta property=\"og:image:height\" content=\"515\" \/>\n\t<meta property=\"og:image:type\" content=\"image\/jpeg\" \/>\n<meta name=\"twitter:card\" content=\"summary_large_image\" \/>\n<meta name=\"twitter:site\" content=\"@StoryZooTV\" \/>\n<meta name=\"twitter:label1\" content=\"Gesch\u00e4tzte Lesezeit\" \/>\n\t<meta name=\"twitter:data1\" content=\"1\u00a0Minute\" \/>\n<script type=\"application\/ld+json\" class=\"yoast-schema-graph\">{\"@context\":\"https:\\\/\\\/schema.org\",\"@graph\":[{\"@type\":\"WebPage\",\"@id\":\"https:\\\/\\\/storyzoo.shop\\\/de\\\/produkt\\\/tonies-toniebox-starter-set-inkl-1-kreativ-figur-audioplayer-fuer-hoerbuecher-und-lieder-fuer-kinder\\\/\",\"url\":\"https:\\\/\\\/storyzoo.shop\\\/de\\\/produkt\\\/tonies-toniebox-starter-set-inkl-1-kreativ-figur-audioplayer-fuer-hoerbuecher-und-lieder-fuer-kinder\\\/\",\"name\":\"Toniebox Starter Set \u2013 Audioplayer f\u00fcr Kinder | StoryZoo\",\"isPartOf\":{\"@id\":\"https:\\\/\\\/storyzoo.shop\\\/#website\"},\"primaryImageOfPage\":{\"@id\":\"https:\\\/\\\/storyzoo.shop\\\/de\\\/produkt\\\/tonies-toniebox-starter-set-inkl-1-kreativ-figur-audioplayer-fuer-hoerbuecher-und-lieder-fuer-kinder\\\/#primaryimage\"},\"image\":{\"@id\":\"https:\\\/\\\/storyzoo.shop\\\/de\\\/produkt\\\/tonies-toniebox-starter-set-inkl-1-kreativ-figur-audioplayer-fuer-hoerbuecher-und-lieder-fuer-kinder\\\/#primaryimage\"},\"thumbnailUrl\":\"https:\\\/\\\/storyzoo.shop\\\/wp-content\\\/uploads\\\/2025\\\/12\\\/tonies-Toniebox-Starter-Set-inkl.-1-Kreativ-Figur.jpg\",\"datePublished\":\"2025-12-09T16:40:39+00:00\",\"dateModified\":\"2025-12-22T10:14:41+00:00\",\"description\":\"Entdecke das Toniebox Starter Set inklusive Kreativ-Tonie. Der ideale Audioplayer f\u00fcr H\u00f6rb\u00fccher und Lieder \u2013 einfach zu bedienen und perfekt f\u00fcr Kinder.\",\"breadcrumb\":{\"@id\":\"https:\\\/\\\/storyzoo.shop\\\/de\\\/produkt\\\/tonies-toniebox-starter-set-inkl-1-kreativ-figur-audioplayer-fuer-hoerbuecher-und-lieder-fuer-kinder\\\/#breadcrumb\"},\"inLanguage\":\"de\",\"potentialAction\":[{\"@type\":\"ReadAction\",\"target\":[\"https:\\\/\\\/storyzoo.shop\\\/de\\\/produkt\\\/tonies-toniebox-starter-set-inkl-1-kreativ-figur-audioplayer-fuer-hoerbuecher-und-lieder-fuer-kinder\\\/\"]}]},{\"@type\":\"ImageObject\",\"inLanguage\":\"de\",\"@id\":\"https:\\\/\\\/storyzoo.shop\\\/de\\\/produkt\\\/tonies-toniebox-starter-set-inkl-1-kreativ-figur-audioplayer-fuer-hoerbuecher-und-lieder-fuer-kinder\\\/#primaryimage\",\"url\":\"https:\\\/\\\/storyzoo.shop\\\/wp-content\\\/uploads\\\/2025\\\/12\\\/tonies-Toniebox-Starter-Set-inkl.-1-Kreativ-Figur.jpg\",\"contentUrl\":\"https:\\\/\\\/storyzoo.shop\\\/wp-content\\\/uploads\\\/2025\\\/12\\\/tonies-Toniebox-Starter-Set-inkl.-1-Kreativ-Figur.jpg\",\"width\":450,\"height\":515,\"caption\":\"tonies Toniebox Starter Set inkl. 1 Kreativ Figur\"},{\"@type\":\"BreadcrumbList\",\"@id\":\"https:\\\/\\\/storyzoo.shop\\\/de\\\/produkt\\\/tonies-toniebox-starter-set-inkl-1-kreativ-figur-audioplayer-fuer-hoerbuecher-und-lieder-fuer-kinder\\\/#breadcrumb\",\"itemListElement\":[{\"@type\":\"ListItem\",\"position\":1,\"name\":\"Home\",\"item\":\"https:\\\/\\\/storyzoo.shop\\\/de\\\/\"},{\"@type\":\"ListItem\",\"position\":2,\"name\":\"Shop\",\"item\":\"https:\\\/\\\/storyzoo.shop\\\/\"},{\"@type\":\"ListItem\",\"position\":3,\"name\":\"tonies Toniebox Starter Set inkl. 1 Kreativ Figur \u2013 Audioplayer f\u00fcr H\u00f6rb\u00fccher und Lieder f\u00fcr Kinder\"}]},{\"@type\":\"WebSite\",\"@id\":\"https:\\\/\\\/storyzoo.shop\\\/#website\",\"url\":\"https:\\\/\\\/storyzoo.shop\\\/\",\"name\":\"StoryZoo shop\",\"description\":\"\",\"publisher\":{\"@id\":\"https:\\\/\\\/storyzoo.shop\\\/#organization\"},\"potentialAction\":[{\"@type\":\"SearchAction\",\"target\":{\"@type\":\"EntryPoint\",\"urlTemplate\":\"https:\\\/\\\/storyzoo.shop\\\/?s={search_term_string}\"},\"query-input\":{\"@type\":\"PropertyValueSpecification\",\"valueRequired\":true,\"valueName\":\"search_term_string\"}}],\"inLanguage\":\"de\"},{\"@type\":\"Organization\",\"@id\":\"https:\\\/\\\/storyzoo.shop\\\/#organization\",\"name\":\"StoryZoo shop\",\"url\":\"https:\\\/\\\/storyzoo.shop\\\/\",\"logo\":{\"@type\":\"ImageObject\",\"inLanguage\":\"de\",\"@id\":\"https:\\\/\\\/storyzoo.shop\\\/#\\\/schema\\\/logo\\\/image\\\/\",\"url\":\"https:\\\/\\\/storyzoo.shop\\\/wp-content\\\/uploads\\\/2021\\\/11\\\/StoryZooShop.png\",\"contentUrl\":\"https:\\\/\\\/storyzoo.shop\\\/wp-content\\\/uploads\\\/2021\\\/11\\\/StoryZooShop.png\",\"width\":600,\"height\":222,\"caption\":\"StoryZoo shop\"},\"image\":{\"@id\":\"https:\\\/\\\/storyzoo.shop\\\/#\\\/schema\\\/logo\\\/image\\\/\"},\"sameAs\":[\"https:\\\/\\\/www.facebook.com\\\/StoryZooTV\",\"https:\\\/\\\/x.com\\\/StoryZooTV\",\"https:\\\/\\\/www.instagram.com\\\/storyzoo_tv\\\/\",\"https:\\\/\\\/www.youtube.com\\\/c\\\/storyzoo\",\"https:\\\/\\\/open.spotify.com\\\/artist\\\/4APIhPMlryahikR2nDj3bB\"]}]}<\/script>\n<!-- \/ Yoast SEO plugin. -->","yoast_head_json":{"title":"Toniebox Starter Set \u2013 Audioplayer f\u00fcr Kinder | StoryZoo","description":"Entdecke das Toniebox Starter Set inklusive Kreativ-Tonie. Der ideale Audioplayer f\u00fcr H\u00f6rb\u00fccher und Lieder \u2013 einfach zu bedienen und perfekt f\u00fcr Kinder.","robots":{"index":"index","follow":"follow","max-snippet":"max-snippet:-1","max-image-preview":"max-image-preview:large","max-video-preview":"max-video-preview:-1"},"canonical":"https:\/\/storyzoo.shop\/de\/produkt\/tonies-toniebox-starter-set-inkl-1-kreativ-figur-audioplayer-fuer-hoerbuecher-und-lieder-fuer-kinder\/","og_locale":"de_DE","og_type":"article","og_title":"Toniebox Starter Set \u2013 Audioplayer f\u00fcr Kinder | StoryZoo","og_description":"Entdecke das Toniebox Starter Set inklusive Kreativ-Tonie. Der ideale Audioplayer f\u00fcr H\u00f6rb\u00fccher und Lieder \u2013 einfach zu bedienen und perfekt f\u00fcr Kinder.","og_url":"https:\/\/storyzoo.shop\/de\/produkt\/tonies-toniebox-starter-set-inkl-1-kreativ-figur-audioplayer-fuer-hoerbuecher-und-lieder-fuer-kinder\/","og_site_name":"StoryZoo shop","article_publisher":"https:\/\/www.facebook.com\/StoryZooTV","article_modified_time":"2025-12-22T10:14:41+00:00","og_image":[{"width":450,"height":515,"url":"https:\/\/storyzoo.shop\/wp-content\/uploads\/2025\/12\/tonies-Toniebox-Starter-Set-inkl.-1-Kreativ-Figur.jpg","type":"image\/jpeg"}],"twitter_card":"summary_large_image","twitter_site":"@StoryZooTV","twitter_misc":{"Gesch\u00e4tzte Lesezeit":"1\u00a0Minute"},"schema":{"@context":"https:\/\/schema.org","@graph":[{"@type":"WebPage","@id":"https:\/\/storyzoo.shop\/de\/produkt\/tonies-toniebox-starter-set-inkl-1-kreativ-figur-audioplayer-fuer-hoerbuecher-und-lieder-fuer-kinder\/","url":"https:\/\/storyzoo.shop\/de\/produkt\/tonies-toniebox-starter-set-inkl-1-kreativ-figur-audioplayer-fuer-hoerbuecher-und-lieder-fuer-kinder\/","name":"Toniebox Starter Set \u2013 Audioplayer f\u00fcr Kinder | StoryZoo","isPartOf":{"@id":"https:\/\/storyzoo.shop\/#website"},"primaryImageOfPage":{"@id":"https:\/\/storyzoo.shop\/de\/produkt\/tonies-toniebox-starter-set-inkl-1-kreativ-figur-audioplayer-fuer-hoerbuecher-und-lieder-fuer-kinder\/#primaryimage"},"image":{"@id":"https:\/\/storyzoo.shop\/de\/produkt\/tonies-toniebox-starter-set-inkl-1-kreativ-figur-audioplayer-fuer-hoerbuecher-und-lieder-fuer-kinder\/#primaryimage"},"thumbnailUrl":"https:\/\/storyzoo.shop\/wp-content\/uploads\/2025\/12\/tonies-Toniebox-Starter-Set-inkl.-1-Kreativ-Figur.jpg","datePublished":"2025-12-09T16:40:39+00:00","dateModified":"2025-12-22T10:14:41+00:00","description":"Entdecke das Toniebox Starter Set inklusive Kreativ-Tonie. Der ideale Audioplayer f\u00fcr H\u00f6rb\u00fccher und Lieder \u2013 einfach zu bedienen und perfekt f\u00fcr Kinder.","breadcrumb":{"@id":"https:\/\/storyzoo.shop\/de\/produkt\/tonies-toniebox-starter-set-inkl-1-kreativ-figur-audioplayer-fuer-hoerbuecher-und-lieder-fuer-kinder\/#breadcrumb"},"inLanguage":"de","potentialAction":[{"@type":"ReadAction","target":["https:\/\/storyzoo.shop\/de\/produkt\/tonies-toniebox-starter-set-inkl-1-kreativ-figur-audioplayer-fuer-hoerbuecher-und-lieder-fuer-kinder\/"]}]},{"@type":"ImageObject","inLanguage":"de","@id":"https:\/\/storyzoo.shop\/de\/produkt\/tonies-toniebox-starter-set-inkl-1-kreativ-figur-audioplayer-fuer-hoerbuecher-und-lieder-fuer-kinder\/#primaryimage","url":"https:\/\/storyzoo.shop\/wp-content\/uploads\/2025\/12\/tonies-Toniebox-Starter-Set-inkl.-1-Kreativ-Figur.jpg","contentUrl":"https:\/\/storyzoo.shop\/wp-content\/uploads\/2025\/12\/tonies-Toniebox-Starter-Set-inkl.-1-Kreativ-Figur.jpg","width":450,"height":515,"caption":"tonies Toniebox Starter Set inkl. 1 Kreativ Figur"},{"@type":"BreadcrumbList","@id":"https:\/\/storyzoo.shop\/de\/produkt\/tonies-toniebox-starter-set-inkl-1-kreativ-figur-audioplayer-fuer-hoerbuecher-und-lieder-fuer-kinder\/#breadcrumb","itemListElement":[{"@type":"ListItem","position":1,"name":"Home","item":"https:\/\/storyzoo.shop\/de\/"},{"@type":"ListItem","position":2,"name":"Shop","item":"https:\/\/storyzoo.shop\/"},{"@type":"ListItem","position":3,"name":"tonies Toniebox Starter Set inkl. 1 Kreativ Figur \u2013 Audioplayer f\u00fcr H\u00f6rb\u00fccher und Lieder f\u00fcr Kinder"}]},{"@type":"WebSite","@id":"https:\/\/storyzoo.shop\/#website","url":"https:\/\/storyzoo.shop\/","name":"StoryZoo shop","description":"","publisher":{"@id":"https:\/\/storyzoo.shop\/#organization"},"potentialAction":[{"@type":"SearchAction","target":{"@type":"EntryPoint","urlTemplate":"https:\/\/storyzoo.shop\/?s={search_term_string}"},"query-input":{"@type":"PropertyValueSpecification","valueRequired":true,"valueName":"search_term_string"}}],"inLanguage":"de"},{"@type":"Organization","@id":"https:\/\/storyzoo.shop\/#organization","name":"StoryZoo shop","url":"https:\/\/storyzoo.shop\/","logo":{"@type":"ImageObject","inLanguage":"de","@id":"https:\/\/storyzoo.shop\/#\/schema\/logo\/image\/","url":"https:\/\/storyzoo.shop\/wp-content\/uploads\/2021\/11\/StoryZooShop.png","contentUrl":"https:\/\/storyzoo.shop\/wp-content\/uploads\/2021\/11\/StoryZooShop.png","width":600,"height":222,"caption":"StoryZoo shop"},"image":{"@id":"https:\/\/storyzoo.shop\/#\/schema\/logo\/image\/"},"sameAs":["https:\/\/www.facebook.com\/StoryZooTV","https:\/\/x.com\/StoryZooTV","https:\/\/www.instagram.com\/storyzoo_tv\/","https:\/\/www.youtube.com\/c\/storyzoo","https:\/\/open.spotify.com\/artist\/4APIhPMlryahikR2nDj3bB"]}]}},"jetpack_sharing_enabled":true,"_links":{"self":[{"href":"https:\/\/storyzoo.shop\/de\/wp-json\/wp\/v2\/product\/1869","targetHints":{"allow":["GET"]}}],"collection":[{"href":"https:\/\/storyzoo.shop\/de\/wp-json\/wp\/v2\/product"}],"about":[{"href":"https:\/\/storyzoo.shop\/de\/wp-json\/wp\/v2\/types\/product"}],"replies":[{"embeddable":true,"href":"https:\/\/storyzoo.shop\/de\/wp-json\/wp\/v2\/comments?post=1869"}],"wp:featuredmedia":[{"embeddable":true,"href":"https:\/\/storyzoo.shop\/de\/wp-json\/wp\/v2\/media\/1870"}],"wp:attachment":[{"href":"https:\/\/storyzoo.shop\/de\/wp-json\/wp\/v2\/media?parent=1869"}],"wp:term":[{"taxonomy":"product_brand","embeddable":true,"href":"https:\/\/storyzoo.shop\/de\/wp-json\/wp\/v2\/product_brand?post=1869"},{"taxonomy":"product_cat","embeddable":true,"href":"https:\/\/storyzoo.shop\/de\/wp-json\/wp\/v2\/product_cat?post=1869"},{"taxonomy":"product_tag","embeddable":true,"href":"https:\/\/storyzoo.shop\/de\/wp-json\/wp\/v2\/product_tag?post=1869"}],"curies":[{"name":"wp","href":"https:\/\/api.w.org\/{rel}","templated":true}]}}