{"id":1861,"date":"2025-12-09T17:28:49","date_gmt":"2025-12-09T16:28:49","guid":{"rendered":"https:\/\/storyzoo.shop\/?post_type=product&#038;p=1861"},"modified":"2025-12-22T11:12:08","modified_gmt":"2025-12-22T10:12:08","slug":"tonies-hoerfigur-fuer-toniebox-peppa-wutz-die-schoensten-geschichten-von-schorsch","status":"publish","type":"product","link":"https:\/\/storyzoo.shop\/de\/produkt\/tonies-hoerfigur-fuer-toniebox-peppa-wutz-die-schoensten-geschichten-von-schorsch\/","title":{"rendered":"tonies H\u00f6rfigur f\u00fcr Toniebox, Peppa Wutz \u2013 Die sch\u00f6nsten Geschichten von Schorsch"},"content":{"rendered":"<p>Mit der Toniebox wird H\u00f6rspielh\u00f6ren zum greifbaren Erlebnis! Die liebevoll gestaltete Peppa-Wutz-Toniefigur (Schorsch) enth\u00e4lt nicht nur 8 wundervolle Geschichten, sondern dient gleichzeitig als robuste Spielfigur, die Kinder in fantasievolle Rollenspiele eintauchen l\u00e4sst.<\/p>\n<p>Peppa Wutz H\u00f6rspiel \u2013 Alltagsspa\u00df mit der fr\u00f6hlichen Schweinefamilie<br \/>\nDas 4-j\u00e4hrige Schweinem\u00e4dchen Peppa erlebt gemeinsam mit Mama und Papa Wutz, ihrem Bruder Schorsch und vielen tierischen Freunden spannende, lustige und herzerw\u00e4rmende Alltagssituationen \u2013 perfekt f\u00fcr kleine Fans der beliebten TV-Serie.<\/p>\n<p>Peppas Bruder Schorsch \u2013 8 Abenteuer voller Spa\u00df<br \/>\nIn dieser Sammlung begleiten die Kinder Peppa und Schorsch u. a.<br \/>\n\u2013 zu Opi M\u00fcmmels Leuchtturm,<br \/>\n\u2013 zu Edmund Elefants Geburtstagsparty<br \/>\n\u2013 und ins aufregende Mini-Land.<br \/>\nEin H\u00f6rspiel, das begeistert, unterh\u00e4lt und kleine Zuh\u00f6rer zum Lachen bringt!<\/p>\n<p>So funktioniert\u2019s<br \/>\nEinfach die Peppa-Wutz-Toniefigur (Schorsch) auf die Toniebox stellen \u2013 und schon startet das H\u00f6rabenteuer. Kinderleicht, intuitiv und ideal f\u00fcr Kinder ab 3 Jahren.<\/p>\n","protected":false},"excerpt":{"rendered":"<p>Mit der Toniebox wird H\u00f6rspielh\u00f6ren zum greifbaren Erlebnis! Die liebevoll gestaltete Peppa-Wutz-Toniefigur (Schorsch) enth\u00e4lt nicht nur 8 wundervolle Geschichten, sondern dient gleichzeitig als robuste Spielfigur, die Kinder in fantasievolle Rollenspiele eintauchen l\u00e4sst. Peppa Wutz H\u00f6rspiel \u2013 Alltagsspa\u00df mit der fr\u00f6hlichen Schweinefamilie Das 4-j\u00e4hrige Schweinem\u00e4dchen Peppa erlebt gemeinsam mit Mama und Papa Wutz, ihrem Bruder Schorsch [&hellip;]<\/p>\n","protected":false},"featured_media":1862,"comment_status":"open","ping_status":"closed","template":"","meta":{"_acf_changed":false},"product_brand":[91],"product_cat":[59],"product_tag":[],"class_list":{"0":"post-1861","1":"product","2":"type-product","3":"status-publish","4":"has-post-thumbnail","6":"product_brand-tonies","7":"product_cat-merchandise-de","9":"first","10":"instock","11":"taxable","12":"shipping-taxable","13":"product-type-external"},"acf":[],"yoast_head":"<!-- This site is optimized with the Yoast SEO plugin v27.5 - https:\/\/yoast.com\/product\/yoast-seo-wordpress\/ -->\n<title>Tonies H\u00f6rfigur Peppa Wutz \u2013 Geschichten von Schorsch | StoryZoo<\/title>\n<meta name=\"description\" content=\"Entdecke die Tonies H\u00f6rfigur f\u00fcr die Toniebox mit Peppa Wutz. Die sch\u00f6nsten Geschichten von Schorsch \u2013 liebevoll erz\u00e4hlt und ideal f\u00fcr kleine Zuh\u00f6rer.\" \/>\n<meta name=\"robots\" content=\"index, follow, max-snippet:-1, max-image-preview:large, max-video-preview:-1\" \/>\n<link rel=\"canonical\" href=\"https:\/\/storyzoo.shop\/de\/produkt\/tonies-hoerfigur-fuer-toniebox-peppa-wutz-die-schoensten-geschichten-von-schorsch\/\" \/>\n<meta property=\"og:locale\" content=\"de_DE\" \/>\n<meta property=\"og:type\" content=\"article\" \/>\n<meta property=\"og:title\" content=\"Tonies H\u00f6rfigur Peppa Wutz \u2013 Geschichten von Schorsch | StoryZoo\" \/>\n<meta property=\"og:description\" content=\"Entdecke die Tonies H\u00f6rfigur f\u00fcr die Toniebox mit Peppa Wutz. Die sch\u00f6nsten Geschichten von Schorsch \u2013 liebevoll erz\u00e4hlt und ideal f\u00fcr kleine Zuh\u00f6rer.\" \/>\n<meta property=\"og:url\" content=\"https:\/\/storyzoo.shop\/de\/produkt\/tonies-hoerfigur-fuer-toniebox-peppa-wutz-die-schoensten-geschichten-von-schorsch\/\" \/>\n<meta property=\"og:site_name\" content=\"StoryZoo shop\" \/>\n<meta property=\"article:publisher\" content=\"https:\/\/www.facebook.com\/StoryZooTV\" \/>\n<meta property=\"article:modified_time\" content=\"2025-12-22T10:12:08+00:00\" \/>\n<meta property=\"og:image\" content=\"https:\/\/storyzoo.shop\/wp-content\/uploads\/2025\/12\/tonies-Horfigur-fur-Toniebox-Peppa-Wutz-\u2013-Die-schonsten-Geschichten-von-Schorsch.jpg\" \/>\n\t<meta property=\"og:image:width\" content=\"679\" \/>\n\t<meta property=\"og:image:height\" content=\"627\" \/>\n\t<meta property=\"og:image:type\" content=\"image\/jpeg\" \/>\n<meta name=\"twitter:card\" content=\"summary_large_image\" \/>\n<meta name=\"twitter:site\" content=\"@StoryZooTV\" \/>\n<meta name=\"twitter:label1\" content=\"Gesch\u00e4tzte Lesezeit\" \/>\n\t<meta name=\"twitter:data1\" content=\"1\u00a0Minute\" \/>\n<script type=\"application\/ld+json\" class=\"yoast-schema-graph\">{\"@context\":\"https:\\\/\\\/schema.org\",\"@graph\":[{\"@type\":\"WebPage\",\"@id\":\"https:\\\/\\\/storyzoo.shop\\\/de\\\/produkt\\\/tonies-hoerfigur-fuer-toniebox-peppa-wutz-die-schoensten-geschichten-von-schorsch\\\/\",\"url\":\"https:\\\/\\\/storyzoo.shop\\\/de\\\/produkt\\\/tonies-hoerfigur-fuer-toniebox-peppa-wutz-die-schoensten-geschichten-von-schorsch\\\/\",\"name\":\"Tonies H\u00f6rfigur Peppa Wutz \u2013 Geschichten von Schorsch | StoryZoo\",\"isPartOf\":{\"@id\":\"https:\\\/\\\/storyzoo.shop\\\/#website\"},\"primaryImageOfPage\":{\"@id\":\"https:\\\/\\\/storyzoo.shop\\\/de\\\/produkt\\\/tonies-hoerfigur-fuer-toniebox-peppa-wutz-die-schoensten-geschichten-von-schorsch\\\/#primaryimage\"},\"image\":{\"@id\":\"https:\\\/\\\/storyzoo.shop\\\/de\\\/produkt\\\/tonies-hoerfigur-fuer-toniebox-peppa-wutz-die-schoensten-geschichten-von-schorsch\\\/#primaryimage\"},\"thumbnailUrl\":\"https:\\\/\\\/storyzoo.shop\\\/wp-content\\\/uploads\\\/2025\\\/12\\\/tonies-Horfigur-fur-Toniebox-Peppa-Wutz-\u2013-Die-schonsten-Geschichten-von-Schorsch.jpg\",\"datePublished\":\"2025-12-09T16:28:49+00:00\",\"dateModified\":\"2025-12-22T10:12:08+00:00\",\"description\":\"Entdecke die Tonies H\u00f6rfigur f\u00fcr die Toniebox mit Peppa Wutz. Die sch\u00f6nsten Geschichten von Schorsch \u2013 liebevoll erz\u00e4hlt und ideal f\u00fcr kleine Zuh\u00f6rer.\",\"breadcrumb\":{\"@id\":\"https:\\\/\\\/storyzoo.shop\\\/de\\\/produkt\\\/tonies-hoerfigur-fuer-toniebox-peppa-wutz-die-schoensten-geschichten-von-schorsch\\\/#breadcrumb\"},\"inLanguage\":\"de\",\"potentialAction\":[{\"@type\":\"ReadAction\",\"target\":[\"https:\\\/\\\/storyzoo.shop\\\/de\\\/produkt\\\/tonies-hoerfigur-fuer-toniebox-peppa-wutz-die-schoensten-geschichten-von-schorsch\\\/\"]}]},{\"@type\":\"ImageObject\",\"inLanguage\":\"de\",\"@id\":\"https:\\\/\\\/storyzoo.shop\\\/de\\\/produkt\\\/tonies-hoerfigur-fuer-toniebox-peppa-wutz-die-schoensten-geschichten-von-schorsch\\\/#primaryimage\",\"url\":\"https:\\\/\\\/storyzoo.shop\\\/wp-content\\\/uploads\\\/2025\\\/12\\\/tonies-Horfigur-fur-Toniebox-Peppa-Wutz-\u2013-Die-schonsten-Geschichten-von-Schorsch.jpg\",\"contentUrl\":\"https:\\\/\\\/storyzoo.shop\\\/wp-content\\\/uploads\\\/2025\\\/12\\\/tonies-Horfigur-fur-Toniebox-Peppa-Wutz-\u2013-Die-schonsten-Geschichten-von-Schorsch.jpg\",\"width\":679,\"height\":627,\"caption\":\"tonies Ho\u0308rfigur fu\u0308r Toniebox, Peppa Wutz \u2013 Die scho\u0308nsten Geschichten von Schorsch\"},{\"@type\":\"BreadcrumbList\",\"@id\":\"https:\\\/\\\/storyzoo.shop\\\/de\\\/produkt\\\/tonies-hoerfigur-fuer-toniebox-peppa-wutz-die-schoensten-geschichten-von-schorsch\\\/#breadcrumb\",\"itemListElement\":[{\"@type\":\"ListItem\",\"position\":1,\"name\":\"Home\",\"item\":\"https:\\\/\\\/storyzoo.shop\\\/de\\\/\"},{\"@type\":\"ListItem\",\"position\":2,\"name\":\"Shop\",\"item\":\"https:\\\/\\\/storyzoo.shop\\\/\"},{\"@type\":\"ListItem\",\"position\":3,\"name\":\"tonies H\u00f6rfigur f\u00fcr Toniebox, Peppa Wutz \u2013 Die sch\u00f6nsten Geschichten von Schorsch\"}]},{\"@type\":\"WebSite\",\"@id\":\"https:\\\/\\\/storyzoo.shop\\\/#website\",\"url\":\"https:\\\/\\\/storyzoo.shop\\\/\",\"name\":\"StoryZoo shop\",\"description\":\"\",\"publisher\":{\"@id\":\"https:\\\/\\\/storyzoo.shop\\\/#organization\"},\"potentialAction\":[{\"@type\":\"SearchAction\",\"target\":{\"@type\":\"EntryPoint\",\"urlTemplate\":\"https:\\\/\\\/storyzoo.shop\\\/?s={search_term_string}\"},\"query-input\":{\"@type\":\"PropertyValueSpecification\",\"valueRequired\":true,\"valueName\":\"search_term_string\"}}],\"inLanguage\":\"de\"},{\"@type\":\"Organization\",\"@id\":\"https:\\\/\\\/storyzoo.shop\\\/#organization\",\"name\":\"StoryZoo shop\",\"url\":\"https:\\\/\\\/storyzoo.shop\\\/\",\"logo\":{\"@type\":\"ImageObject\",\"inLanguage\":\"de\",\"@id\":\"https:\\\/\\\/storyzoo.shop\\\/#\\\/schema\\\/logo\\\/image\\\/\",\"url\":\"https:\\\/\\\/storyzoo.shop\\\/wp-content\\\/uploads\\\/2021\\\/11\\\/StoryZooShop.png\",\"contentUrl\":\"https:\\\/\\\/storyzoo.shop\\\/wp-content\\\/uploads\\\/2021\\\/11\\\/StoryZooShop.png\",\"width\":600,\"height\":222,\"caption\":\"StoryZoo shop\"},\"image\":{\"@id\":\"https:\\\/\\\/storyzoo.shop\\\/#\\\/schema\\\/logo\\\/image\\\/\"},\"sameAs\":[\"https:\\\/\\\/www.facebook.com\\\/StoryZooTV\",\"https:\\\/\\\/x.com\\\/StoryZooTV\",\"https:\\\/\\\/www.instagram.com\\\/storyzoo_tv\\\/\",\"https:\\\/\\\/www.youtube.com\\\/c\\\/storyzoo\",\"https:\\\/\\\/open.spotify.com\\\/artist\\\/4APIhPMlryahikR2nDj3bB\"]}]}<\/script>\n<!-- \/ Yoast SEO plugin. -->","yoast_head_json":{"title":"Tonies H\u00f6rfigur Peppa Wutz \u2013 Geschichten von Schorsch | StoryZoo","description":"Entdecke die Tonies H\u00f6rfigur f\u00fcr die Toniebox mit Peppa Wutz. Die sch\u00f6nsten Geschichten von Schorsch \u2013 liebevoll erz\u00e4hlt und ideal f\u00fcr kleine Zuh\u00f6rer.","robots":{"index":"index","follow":"follow","max-snippet":"max-snippet:-1","max-image-preview":"max-image-preview:large","max-video-preview":"max-video-preview:-1"},"canonical":"https:\/\/storyzoo.shop\/de\/produkt\/tonies-hoerfigur-fuer-toniebox-peppa-wutz-die-schoensten-geschichten-von-schorsch\/","og_locale":"de_DE","og_type":"article","og_title":"Tonies H\u00f6rfigur Peppa Wutz \u2013 Geschichten von Schorsch | StoryZoo","og_description":"Entdecke die Tonies H\u00f6rfigur f\u00fcr die Toniebox mit Peppa Wutz. Die sch\u00f6nsten Geschichten von Schorsch \u2013 liebevoll erz\u00e4hlt und ideal f\u00fcr kleine Zuh\u00f6rer.","og_url":"https:\/\/storyzoo.shop\/de\/produkt\/tonies-hoerfigur-fuer-toniebox-peppa-wutz-die-schoensten-geschichten-von-schorsch\/","og_site_name":"StoryZoo shop","article_publisher":"https:\/\/www.facebook.com\/StoryZooTV","article_modified_time":"2025-12-22T10:12:08+00:00","og_image":[{"width":679,"height":627,"url":"https:\/\/storyzoo.shop\/wp-content\/uploads\/2025\/12\/tonies-Horfigur-fur-Toniebox-Peppa-Wutz-\u2013-Die-schonsten-Geschichten-von-Schorsch.jpg","type":"image\/jpeg"}],"twitter_card":"summary_large_image","twitter_site":"@StoryZooTV","twitter_misc":{"Gesch\u00e4tzte Lesezeit":"1\u00a0Minute"},"schema":{"@context":"https:\/\/schema.org","@graph":[{"@type":"WebPage","@id":"https:\/\/storyzoo.shop\/de\/produkt\/tonies-hoerfigur-fuer-toniebox-peppa-wutz-die-schoensten-geschichten-von-schorsch\/","url":"https:\/\/storyzoo.shop\/de\/produkt\/tonies-hoerfigur-fuer-toniebox-peppa-wutz-die-schoensten-geschichten-von-schorsch\/","name":"Tonies H\u00f6rfigur Peppa Wutz \u2013 Geschichten von Schorsch | StoryZoo","isPartOf":{"@id":"https:\/\/storyzoo.shop\/#website"},"primaryImageOfPage":{"@id":"https:\/\/storyzoo.shop\/de\/produkt\/tonies-hoerfigur-fuer-toniebox-peppa-wutz-die-schoensten-geschichten-von-schorsch\/#primaryimage"},"image":{"@id":"https:\/\/storyzoo.shop\/de\/produkt\/tonies-hoerfigur-fuer-toniebox-peppa-wutz-die-schoensten-geschichten-von-schorsch\/#primaryimage"},"thumbnailUrl":"https:\/\/storyzoo.shop\/wp-content\/uploads\/2025\/12\/tonies-Horfigur-fur-Toniebox-Peppa-Wutz-\u2013-Die-schonsten-Geschichten-von-Schorsch.jpg","datePublished":"2025-12-09T16:28:49+00:00","dateModified":"2025-12-22T10:12:08+00:00","description":"Entdecke die Tonies H\u00f6rfigur f\u00fcr die Toniebox mit Peppa Wutz. Die sch\u00f6nsten Geschichten von Schorsch \u2013 liebevoll erz\u00e4hlt und ideal f\u00fcr kleine Zuh\u00f6rer.","breadcrumb":{"@id":"https:\/\/storyzoo.shop\/de\/produkt\/tonies-hoerfigur-fuer-toniebox-peppa-wutz-die-schoensten-geschichten-von-schorsch\/#breadcrumb"},"inLanguage":"de","potentialAction":[{"@type":"ReadAction","target":["https:\/\/storyzoo.shop\/de\/produkt\/tonies-hoerfigur-fuer-toniebox-peppa-wutz-die-schoensten-geschichten-von-schorsch\/"]}]},{"@type":"ImageObject","inLanguage":"de","@id":"https:\/\/storyzoo.shop\/de\/produkt\/tonies-hoerfigur-fuer-toniebox-peppa-wutz-die-schoensten-geschichten-von-schorsch\/#primaryimage","url":"https:\/\/storyzoo.shop\/wp-content\/uploads\/2025\/12\/tonies-Horfigur-fur-Toniebox-Peppa-Wutz-\u2013-Die-schonsten-Geschichten-von-Schorsch.jpg","contentUrl":"https:\/\/storyzoo.shop\/wp-content\/uploads\/2025\/12\/tonies-Horfigur-fur-Toniebox-Peppa-Wutz-\u2013-Die-schonsten-Geschichten-von-Schorsch.jpg","width":679,"height":627,"caption":"tonies Ho\u0308rfigur fu\u0308r Toniebox, Peppa Wutz \u2013 Die scho\u0308nsten Geschichten von Schorsch"},{"@type":"BreadcrumbList","@id":"https:\/\/storyzoo.shop\/de\/produkt\/tonies-hoerfigur-fuer-toniebox-peppa-wutz-die-schoensten-geschichten-von-schorsch\/#breadcrumb","itemListElement":[{"@type":"ListItem","position":1,"name":"Home","item":"https:\/\/storyzoo.shop\/de\/"},{"@type":"ListItem","position":2,"name":"Shop","item":"https:\/\/storyzoo.shop\/"},{"@type":"ListItem","position":3,"name":"tonies H\u00f6rfigur f\u00fcr Toniebox, Peppa Wutz \u2013 Die sch\u00f6nsten Geschichten von Schorsch"}]},{"@type":"WebSite","@id":"https:\/\/storyzoo.shop\/#website","url":"https:\/\/storyzoo.shop\/","name":"StoryZoo shop","description":"","publisher":{"@id":"https:\/\/storyzoo.shop\/#organization"},"potentialAction":[{"@type":"SearchAction","target":{"@type":"EntryPoint","urlTemplate":"https:\/\/storyzoo.shop\/?s={search_term_string}"},"query-input":{"@type":"PropertyValueSpecification","valueRequired":true,"valueName":"search_term_string"}}],"inLanguage":"de"},{"@type":"Organization","@id":"https:\/\/storyzoo.shop\/#organization","name":"StoryZoo shop","url":"https:\/\/storyzoo.shop\/","logo":{"@type":"ImageObject","inLanguage":"de","@id":"https:\/\/storyzoo.shop\/#\/schema\/logo\/image\/","url":"https:\/\/storyzoo.shop\/wp-content\/uploads\/2021\/11\/StoryZooShop.png","contentUrl":"https:\/\/storyzoo.shop\/wp-content\/uploads\/2021\/11\/StoryZooShop.png","width":600,"height":222,"caption":"StoryZoo shop"},"image":{"@id":"https:\/\/storyzoo.shop\/#\/schema\/logo\/image\/"},"sameAs":["https:\/\/www.facebook.com\/StoryZooTV","https:\/\/x.com\/StoryZooTV","https:\/\/www.instagram.com\/storyzoo_tv\/","https:\/\/www.youtube.com\/c\/storyzoo","https:\/\/open.spotify.com\/artist\/4APIhPMlryahikR2nDj3bB"]}]}},"jetpack_sharing_enabled":true,"_links":{"self":[{"href":"https:\/\/storyzoo.shop\/de\/wp-json\/wp\/v2\/product\/1861","targetHints":{"allow":["GET"]}}],"collection":[{"href":"https:\/\/storyzoo.shop\/de\/wp-json\/wp\/v2\/product"}],"about":[{"href":"https:\/\/storyzoo.shop\/de\/wp-json\/wp\/v2\/types\/product"}],"replies":[{"embeddable":true,"href":"https:\/\/storyzoo.shop\/de\/wp-json\/wp\/v2\/comments?post=1861"}],"wp:featuredmedia":[{"embeddable":true,"href":"https:\/\/storyzoo.shop\/de\/wp-json\/wp\/v2\/media\/1862"}],"wp:attachment":[{"href":"https:\/\/storyzoo.shop\/de\/wp-json\/wp\/v2\/media?parent=1861"}],"wp:term":[{"taxonomy":"product_brand","embeddable":true,"href":"https:\/\/storyzoo.shop\/de\/wp-json\/wp\/v2\/product_brand?post=1861"},{"taxonomy":"product_cat","embeddable":true,"href":"https:\/\/storyzoo.shop\/de\/wp-json\/wp\/v2\/product_cat?post=1861"},{"taxonomy":"product_tag","embeddable":true,"href":"https:\/\/storyzoo.shop\/de\/wp-json\/wp\/v2\/product_tag?post=1861"}],"curies":[{"name":"wp","href":"https:\/\/api.w.org\/{rel}","templated":true}]}}