{"id":1857,"date":"2025-12-09T17:19:22","date_gmt":"2025-12-09T16:19:22","guid":{"rendered":"https:\/\/storyzoo.shop\/?post_type=product&#038;p=1857"},"modified":"2025-12-22T11:15:19","modified_gmt":"2025-12-22T10:15:19","slug":"hoerspielspass-mit-tonies-benjamin-bluemchen-der-zoo-kindergarten","status":"publish","type":"product","link":"https:\/\/storyzoo.shop\/de\/produkt\/hoerspielspass-mit-tonies-benjamin-bluemchen-der-zoo-kindergarten\/","title":{"rendered":"H\u00f6rspielspa\u00df mit tonies\u00ae \u2013 Benjamin Bl\u00fcmchen \u2013 Der Zoo-Kindergarten"},"content":{"rendered":"<p>Mit der Toniebox wird H\u00f6rbuchh\u00f6ren zum echten Erlebnis! Die liebevoll gestaltetet Benjamin-Bl\u00fcmchen-Toniefigur enth\u00e4lt nicht nur ein spannendes H\u00f6rspiel, sondern dient zugleich als robuste Spielfigur, die Kindern beim Spielen und Fantasieren zus\u00e4tzliche Freude bereitet.<\/p>\n<p>Benjamin Bl\u00fcmchen \u2013 Ein Ferienabenteuer f\u00fcr kleine Zuh\u00f6rer<br \/>\nIn Neustadt stehen die Sommerferien bevor \u2013 doch alle Kinderg\u00e4rten bleiben geschlossen. Viele Kinder fragen sich: Wohin, wenn Mama und Papa arbeiten m\u00fcssen?<\/p>\n<p>Der Zoo-Kindergarten \u2013 Benjamins tolle Idee<br \/>\nBenjamin m\u00f6chte helfen! Er plant, im Zoo einen Ferien-Kindergarten zu er\u00f6ffnen. Doch bevor es so weit ist, muss er erst eine ganz besondere Pr\u00fcfung bestehen \u2026 und die hat es in sich! Ein warmherziges, humorvolles H\u00f6rspiel voller Freundschaft, Einf\u00fchlungsverm\u00f6gen und spannender Momente.<\/p>\n<p>So funktioniert\u2019s<br \/>\nEinfach den Benjamin-Bl\u00fcmchen-Tonie auf die Toniebox stellen \u2013 und schon beginnt das Abenteuer. Kinderleicht, intuitiv und perfekt f\u00fcr kleine Zuh\u00f6rer ab 3 Jahren.<\/p>\n","protected":false},"excerpt":{"rendered":"<p>Mit der Toniebox wird H\u00f6rbuchh\u00f6ren zum echten Erlebnis! Die liebevoll gestaltetet Benjamin-Bl\u00fcmchen-Toniefigur enth\u00e4lt nicht nur ein spannendes H\u00f6rspiel, sondern dient zugleich als robuste Spielfigur, die Kindern beim Spielen und Fantasieren zus\u00e4tzliche Freude bereitet. Benjamin Bl\u00fcmchen \u2013 Ein Ferienabenteuer f\u00fcr kleine Zuh\u00f6rer In Neustadt stehen die Sommerferien bevor \u2013 doch alle Kinderg\u00e4rten bleiben geschlossen. Viele Kinder [&hellip;]<\/p>\n","protected":false},"featured_media":1858,"comment_status":"open","ping_status":"closed","template":"","meta":{"_acf_changed":false},"product_brand":[91],"product_cat":[59],"product_tag":[],"class_list":{"0":"post-1857","1":"product","2":"type-product","3":"status-publish","4":"has-post-thumbnail","6":"product_brand-tonies","7":"product_cat-merchandise-de","9":"first","10":"instock","11":"taxable","12":"shipping-taxable","13":"product-type-external"},"acf":[],"yoast_head":"<!-- This site is optimized with the Yoast SEO plugin v27.5 - https:\/\/yoast.com\/product\/yoast-seo-wordpress\/ -->\n<title>H\u00f6rspielspa\u00df mit Tonies \u2013 Benjamin Bl\u00fcmchen im Zoo<\/title>\n<meta name=\"description\" content=\"Erlebe H\u00f6rspielspa\u00df mit den Tonies von Benjamin Bl\u00fcmchen im Zoo-Kindergarten. Ein liebevoll erz\u00e4hltes Abenteuer f\u00fcr Kinder \u2013 perfekt zum Zuh\u00f6ren, Lernen und Tr\u00e4umen.\" \/>\n<meta name=\"robots\" content=\"index, follow, max-snippet:-1, max-image-preview:large, max-video-preview:-1\" \/>\n<link rel=\"canonical\" href=\"https:\/\/storyzoo.shop\/de\/produkt\/hoerspielspass-mit-tonies-benjamin-bluemchen-der-zoo-kindergarten\/\" \/>\n<meta property=\"og:locale\" content=\"de_DE\" \/>\n<meta property=\"og:type\" content=\"article\" \/>\n<meta property=\"og:title\" content=\"H\u00f6rspielspa\u00df mit Tonies \u2013 Benjamin Bl\u00fcmchen im Zoo\" \/>\n<meta property=\"og:description\" content=\"Erlebe H\u00f6rspielspa\u00df mit den Tonies von Benjamin Bl\u00fcmchen im Zoo-Kindergarten. Ein liebevoll erz\u00e4hltes Abenteuer f\u00fcr Kinder \u2013 perfekt zum Zuh\u00f6ren, Lernen und Tr\u00e4umen.\" \/>\n<meta property=\"og:url\" content=\"https:\/\/storyzoo.shop\/de\/produkt\/hoerspielspass-mit-tonies-benjamin-bluemchen-der-zoo-kindergarten\/\" \/>\n<meta property=\"og:site_name\" content=\"StoryZoo shop\" \/>\n<meta property=\"article:publisher\" content=\"https:\/\/www.facebook.com\/StoryZooTV\" \/>\n<meta property=\"article:modified_time\" content=\"2025-12-22T10:15:19+00:00\" \/>\n<meta property=\"og:image\" content=\"https:\/\/storyzoo.shop\/wp-content\/uploads\/2025\/12\/tonies-Horfiguren-fur-Toniebox-Benjamin-Blumchen-\u2013-Der-Zoo-Kindergarten.jpg\" \/>\n\t<meta property=\"og:image:width\" content=\"679\" \/>\n\t<meta property=\"og:image:height\" content=\"608\" \/>\n\t<meta property=\"og:image:type\" content=\"image\/jpeg\" \/>\n<meta name=\"twitter:card\" content=\"summary_large_image\" \/>\n<meta name=\"twitter:site\" content=\"@StoryZooTV\" \/>\n<meta name=\"twitter:label1\" content=\"Gesch\u00e4tzte Lesezeit\" \/>\n\t<meta name=\"twitter:data1\" content=\"1\u00a0Minute\" \/>\n<script type=\"application\/ld+json\" class=\"yoast-schema-graph\">{\"@context\":\"https:\\\/\\\/schema.org\",\"@graph\":[{\"@type\":\"WebPage\",\"@id\":\"https:\\\/\\\/storyzoo.shop\\\/de\\\/produkt\\\/hoerspielspass-mit-tonies-benjamin-bluemchen-der-zoo-kindergarten\\\/\",\"url\":\"https:\\\/\\\/storyzoo.shop\\\/de\\\/produkt\\\/hoerspielspass-mit-tonies-benjamin-bluemchen-der-zoo-kindergarten\\\/\",\"name\":\"H\u00f6rspielspa\u00df mit Tonies \u2013 Benjamin Bl\u00fcmchen im Zoo\",\"isPartOf\":{\"@id\":\"https:\\\/\\\/storyzoo.shop\\\/#website\"},\"primaryImageOfPage\":{\"@id\":\"https:\\\/\\\/storyzoo.shop\\\/de\\\/produkt\\\/hoerspielspass-mit-tonies-benjamin-bluemchen-der-zoo-kindergarten\\\/#primaryimage\"},\"image\":{\"@id\":\"https:\\\/\\\/storyzoo.shop\\\/de\\\/produkt\\\/hoerspielspass-mit-tonies-benjamin-bluemchen-der-zoo-kindergarten\\\/#primaryimage\"},\"thumbnailUrl\":\"https:\\\/\\\/storyzoo.shop\\\/wp-content\\\/uploads\\\/2025\\\/12\\\/tonies-Horfiguren-fur-Toniebox-Benjamin-Blumchen-\u2013-Der-Zoo-Kindergarten.jpg\",\"datePublished\":\"2025-12-09T16:19:22+00:00\",\"dateModified\":\"2025-12-22T10:15:19+00:00\",\"description\":\"Erlebe H\u00f6rspielspa\u00df mit den Tonies von Benjamin Bl\u00fcmchen im Zoo-Kindergarten. Ein liebevoll erz\u00e4hltes Abenteuer f\u00fcr Kinder \u2013 perfekt zum Zuh\u00f6ren, Lernen und Tr\u00e4umen.\",\"breadcrumb\":{\"@id\":\"https:\\\/\\\/storyzoo.shop\\\/de\\\/produkt\\\/hoerspielspass-mit-tonies-benjamin-bluemchen-der-zoo-kindergarten\\\/#breadcrumb\"},\"inLanguage\":\"de\",\"potentialAction\":[{\"@type\":\"ReadAction\",\"target\":[\"https:\\\/\\\/storyzoo.shop\\\/de\\\/produkt\\\/hoerspielspass-mit-tonies-benjamin-bluemchen-der-zoo-kindergarten\\\/\"]}]},{\"@type\":\"ImageObject\",\"inLanguage\":\"de\",\"@id\":\"https:\\\/\\\/storyzoo.shop\\\/de\\\/produkt\\\/hoerspielspass-mit-tonies-benjamin-bluemchen-der-zoo-kindergarten\\\/#primaryimage\",\"url\":\"https:\\\/\\\/storyzoo.shop\\\/wp-content\\\/uploads\\\/2025\\\/12\\\/tonies-Horfiguren-fur-Toniebox-Benjamin-Blumchen-\u2013-Der-Zoo-Kindergarten.jpg\",\"contentUrl\":\"https:\\\/\\\/storyzoo.shop\\\/wp-content\\\/uploads\\\/2025\\\/12\\\/tonies-Horfiguren-fur-Toniebox-Benjamin-Blumchen-\u2013-Der-Zoo-Kindergarten.jpg\",\"width\":679,\"height\":608,\"caption\":\"tonies Ho\u0308rfiguren fu\u0308r Toniebox, Benjamin Blu\u0308mchen \u2013 Der Zoo-Kindergarten\"},{\"@type\":\"BreadcrumbList\",\"@id\":\"https:\\\/\\\/storyzoo.shop\\\/de\\\/produkt\\\/hoerspielspass-mit-tonies-benjamin-bluemchen-der-zoo-kindergarten\\\/#breadcrumb\",\"itemListElement\":[{\"@type\":\"ListItem\",\"position\":1,\"name\":\"Home\",\"item\":\"https:\\\/\\\/storyzoo.shop\\\/de\\\/\"},{\"@type\":\"ListItem\",\"position\":2,\"name\":\"Shop\",\"item\":\"https:\\\/\\\/storyzoo.shop\\\/\"},{\"@type\":\"ListItem\",\"position\":3,\"name\":\"H\u00f6rspielspa\u00df mit tonies\u00ae \u2013 Benjamin Bl\u00fcmchen \u2013 Der Zoo-Kindergarten\"}]},{\"@type\":\"WebSite\",\"@id\":\"https:\\\/\\\/storyzoo.shop\\\/#website\",\"url\":\"https:\\\/\\\/storyzoo.shop\\\/\",\"name\":\"StoryZoo shop\",\"description\":\"\",\"publisher\":{\"@id\":\"https:\\\/\\\/storyzoo.shop\\\/#organization\"},\"potentialAction\":[{\"@type\":\"SearchAction\",\"target\":{\"@type\":\"EntryPoint\",\"urlTemplate\":\"https:\\\/\\\/storyzoo.shop\\\/?s={search_term_string}\"},\"query-input\":{\"@type\":\"PropertyValueSpecification\",\"valueRequired\":true,\"valueName\":\"search_term_string\"}}],\"inLanguage\":\"de\"},{\"@type\":\"Organization\",\"@id\":\"https:\\\/\\\/storyzoo.shop\\\/#organization\",\"name\":\"StoryZoo shop\",\"url\":\"https:\\\/\\\/storyzoo.shop\\\/\",\"logo\":{\"@type\":\"ImageObject\",\"inLanguage\":\"de\",\"@id\":\"https:\\\/\\\/storyzoo.shop\\\/#\\\/schema\\\/logo\\\/image\\\/\",\"url\":\"https:\\\/\\\/storyzoo.shop\\\/wp-content\\\/uploads\\\/2021\\\/11\\\/StoryZooShop.png\",\"contentUrl\":\"https:\\\/\\\/storyzoo.shop\\\/wp-content\\\/uploads\\\/2021\\\/11\\\/StoryZooShop.png\",\"width\":600,\"height\":222,\"caption\":\"StoryZoo shop\"},\"image\":{\"@id\":\"https:\\\/\\\/storyzoo.shop\\\/#\\\/schema\\\/logo\\\/image\\\/\"},\"sameAs\":[\"https:\\\/\\\/www.facebook.com\\\/StoryZooTV\",\"https:\\\/\\\/x.com\\\/StoryZooTV\",\"https:\\\/\\\/www.instagram.com\\\/storyzoo_tv\\\/\",\"https:\\\/\\\/www.youtube.com\\\/c\\\/storyzoo\",\"https:\\\/\\\/open.spotify.com\\\/artist\\\/4APIhPMlryahikR2nDj3bB\"]}]}<\/script>\n<!-- \/ Yoast SEO plugin. -->","yoast_head_json":{"title":"H\u00f6rspielspa\u00df mit Tonies \u2013 Benjamin Bl\u00fcmchen im Zoo","description":"Erlebe H\u00f6rspielspa\u00df mit den Tonies von Benjamin Bl\u00fcmchen im Zoo-Kindergarten. Ein liebevoll erz\u00e4hltes Abenteuer f\u00fcr Kinder \u2013 perfekt zum Zuh\u00f6ren, Lernen und Tr\u00e4umen.","robots":{"index":"index","follow":"follow","max-snippet":"max-snippet:-1","max-image-preview":"max-image-preview:large","max-video-preview":"max-video-preview:-1"},"canonical":"https:\/\/storyzoo.shop\/de\/produkt\/hoerspielspass-mit-tonies-benjamin-bluemchen-der-zoo-kindergarten\/","og_locale":"de_DE","og_type":"article","og_title":"H\u00f6rspielspa\u00df mit Tonies \u2013 Benjamin Bl\u00fcmchen im Zoo","og_description":"Erlebe H\u00f6rspielspa\u00df mit den Tonies von Benjamin Bl\u00fcmchen im Zoo-Kindergarten. Ein liebevoll erz\u00e4hltes Abenteuer f\u00fcr Kinder \u2013 perfekt zum Zuh\u00f6ren, Lernen und Tr\u00e4umen.","og_url":"https:\/\/storyzoo.shop\/de\/produkt\/hoerspielspass-mit-tonies-benjamin-bluemchen-der-zoo-kindergarten\/","og_site_name":"StoryZoo shop","article_publisher":"https:\/\/www.facebook.com\/StoryZooTV","article_modified_time":"2025-12-22T10:15:19+00:00","og_image":[{"width":679,"height":608,"url":"https:\/\/storyzoo.shop\/wp-content\/uploads\/2025\/12\/tonies-Horfiguren-fur-Toniebox-Benjamin-Blumchen-\u2013-Der-Zoo-Kindergarten.jpg","type":"image\/jpeg"}],"twitter_card":"summary_large_image","twitter_site":"@StoryZooTV","twitter_misc":{"Gesch\u00e4tzte Lesezeit":"1\u00a0Minute"},"schema":{"@context":"https:\/\/schema.org","@graph":[{"@type":"WebPage","@id":"https:\/\/storyzoo.shop\/de\/produkt\/hoerspielspass-mit-tonies-benjamin-bluemchen-der-zoo-kindergarten\/","url":"https:\/\/storyzoo.shop\/de\/produkt\/hoerspielspass-mit-tonies-benjamin-bluemchen-der-zoo-kindergarten\/","name":"H\u00f6rspielspa\u00df mit Tonies \u2013 Benjamin Bl\u00fcmchen im Zoo","isPartOf":{"@id":"https:\/\/storyzoo.shop\/#website"},"primaryImageOfPage":{"@id":"https:\/\/storyzoo.shop\/de\/produkt\/hoerspielspass-mit-tonies-benjamin-bluemchen-der-zoo-kindergarten\/#primaryimage"},"image":{"@id":"https:\/\/storyzoo.shop\/de\/produkt\/hoerspielspass-mit-tonies-benjamin-bluemchen-der-zoo-kindergarten\/#primaryimage"},"thumbnailUrl":"https:\/\/storyzoo.shop\/wp-content\/uploads\/2025\/12\/tonies-Horfiguren-fur-Toniebox-Benjamin-Blumchen-\u2013-Der-Zoo-Kindergarten.jpg","datePublished":"2025-12-09T16:19:22+00:00","dateModified":"2025-12-22T10:15:19+00:00","description":"Erlebe H\u00f6rspielspa\u00df mit den Tonies von Benjamin Bl\u00fcmchen im Zoo-Kindergarten. Ein liebevoll erz\u00e4hltes Abenteuer f\u00fcr Kinder \u2013 perfekt zum Zuh\u00f6ren, Lernen und Tr\u00e4umen.","breadcrumb":{"@id":"https:\/\/storyzoo.shop\/de\/produkt\/hoerspielspass-mit-tonies-benjamin-bluemchen-der-zoo-kindergarten\/#breadcrumb"},"inLanguage":"de","potentialAction":[{"@type":"ReadAction","target":["https:\/\/storyzoo.shop\/de\/produkt\/hoerspielspass-mit-tonies-benjamin-bluemchen-der-zoo-kindergarten\/"]}]},{"@type":"ImageObject","inLanguage":"de","@id":"https:\/\/storyzoo.shop\/de\/produkt\/hoerspielspass-mit-tonies-benjamin-bluemchen-der-zoo-kindergarten\/#primaryimage","url":"https:\/\/storyzoo.shop\/wp-content\/uploads\/2025\/12\/tonies-Horfiguren-fur-Toniebox-Benjamin-Blumchen-\u2013-Der-Zoo-Kindergarten.jpg","contentUrl":"https:\/\/storyzoo.shop\/wp-content\/uploads\/2025\/12\/tonies-Horfiguren-fur-Toniebox-Benjamin-Blumchen-\u2013-Der-Zoo-Kindergarten.jpg","width":679,"height":608,"caption":"tonies Ho\u0308rfiguren fu\u0308r Toniebox, Benjamin Blu\u0308mchen \u2013 Der Zoo-Kindergarten"},{"@type":"BreadcrumbList","@id":"https:\/\/storyzoo.shop\/de\/produkt\/hoerspielspass-mit-tonies-benjamin-bluemchen-der-zoo-kindergarten\/#breadcrumb","itemListElement":[{"@type":"ListItem","position":1,"name":"Home","item":"https:\/\/storyzoo.shop\/de\/"},{"@type":"ListItem","position":2,"name":"Shop","item":"https:\/\/storyzoo.shop\/"},{"@type":"ListItem","position":3,"name":"H\u00f6rspielspa\u00df mit tonies\u00ae \u2013 Benjamin Bl\u00fcmchen \u2013 Der Zoo-Kindergarten"}]},{"@type":"WebSite","@id":"https:\/\/storyzoo.shop\/#website","url":"https:\/\/storyzoo.shop\/","name":"StoryZoo shop","description":"","publisher":{"@id":"https:\/\/storyzoo.shop\/#organization"},"potentialAction":[{"@type":"SearchAction","target":{"@type":"EntryPoint","urlTemplate":"https:\/\/storyzoo.shop\/?s={search_term_string}"},"query-input":{"@type":"PropertyValueSpecification","valueRequired":true,"valueName":"search_term_string"}}],"inLanguage":"de"},{"@type":"Organization","@id":"https:\/\/storyzoo.shop\/#organization","name":"StoryZoo shop","url":"https:\/\/storyzoo.shop\/","logo":{"@type":"ImageObject","inLanguage":"de","@id":"https:\/\/storyzoo.shop\/#\/schema\/logo\/image\/","url":"https:\/\/storyzoo.shop\/wp-content\/uploads\/2021\/11\/StoryZooShop.png","contentUrl":"https:\/\/storyzoo.shop\/wp-content\/uploads\/2021\/11\/StoryZooShop.png","width":600,"height":222,"caption":"StoryZoo shop"},"image":{"@id":"https:\/\/storyzoo.shop\/#\/schema\/logo\/image\/"},"sameAs":["https:\/\/www.facebook.com\/StoryZooTV","https:\/\/x.com\/StoryZooTV","https:\/\/www.instagram.com\/storyzoo_tv\/","https:\/\/www.youtube.com\/c\/storyzoo","https:\/\/open.spotify.com\/artist\/4APIhPMlryahikR2nDj3bB"]}]}},"jetpack_sharing_enabled":true,"_links":{"self":[{"href":"https:\/\/storyzoo.shop\/de\/wp-json\/wp\/v2\/product\/1857","targetHints":{"allow":["GET"]}}],"collection":[{"href":"https:\/\/storyzoo.shop\/de\/wp-json\/wp\/v2\/product"}],"about":[{"href":"https:\/\/storyzoo.shop\/de\/wp-json\/wp\/v2\/types\/product"}],"replies":[{"embeddable":true,"href":"https:\/\/storyzoo.shop\/de\/wp-json\/wp\/v2\/comments?post=1857"}],"wp:featuredmedia":[{"embeddable":true,"href":"https:\/\/storyzoo.shop\/de\/wp-json\/wp\/v2\/media\/1858"}],"wp:attachment":[{"href":"https:\/\/storyzoo.shop\/de\/wp-json\/wp\/v2\/media?parent=1857"}],"wp:term":[{"taxonomy":"product_brand","embeddable":true,"href":"https:\/\/storyzoo.shop\/de\/wp-json\/wp\/v2\/product_brand?post=1857"},{"taxonomy":"product_cat","embeddable":true,"href":"https:\/\/storyzoo.shop\/de\/wp-json\/wp\/v2\/product_cat?post=1857"},{"taxonomy":"product_tag","embeddable":true,"href":"https:\/\/storyzoo.shop\/de\/wp-json\/wp\/v2\/product_tag?post=1857"}],"curies":[{"name":"wp","href":"https:\/\/api.w.org\/{rel}","templated":true}]}}