{"id":1844,"date":"2025-12-09T16:55:15","date_gmt":"2025-12-09T15:55:15","guid":{"rendered":"https:\/\/storyzoo.shop\/?post_type=product&#038;p=1844"},"modified":"2025-12-22T11:16:17","modified_gmt":"2025-12-22T10:16:17","slug":"bing-friends-6-figure-gift-set","status":"publish","type":"product","link":"https:\/\/storyzoo.shop\/de\/produkt\/bing-friends-6-figure-gift-set\/","title":{"rendered":"Bing &#038; Friends 6 Figure Gift Set"},"content":{"rendered":"<p>Um die Ecke, nicht weit entfernt, spielen wir heute mit Bing und seinen Freunden. Basierend auf den beliebten Charakteren aus der beliebten CBeebies-Show Bing! Diese entz\u00fcckenden Bing Figuren sind genau das Richtige f\u00fcr kleine H\u00e4nde und lassen sich leicht aufheben und platzieren.<\/p>\n<p>Bing-Fans werden stundenlang Spa\u00df haben, ihre Lieblingsgeschichten aus der Show nachzubilden. Ob es sich um einen Ausflug in den Park oder einen Tag im Kindergarten handelt, die Kleinen werden es lieben, sie auf all ihre Abenteuer mitzunehmen. Enth\u00e4lt Bing, Flop, Sula, Pando, Charlie und Amma. Die Gr\u00f6\u00dfe der Figuren reicht von 5-9 cm und ist f\u00fcr Kinder ab 18 Monaten geeignet.<\/p>\n","protected":false},"excerpt":{"rendered":"<p>Um die Ecke, nicht weit entfernt, spielen wir heute mit Bing und seinen Freunden. Basierend auf den beliebten Charakteren aus der beliebten CBeebies-Show Bing! Diese entz\u00fcckenden Bing Figuren sind genau das Richtige f\u00fcr kleine H\u00e4nde und lassen sich leicht aufheben und platzieren. Bing-Fans werden stundenlang Spa\u00df haben, ihre Lieblingsgeschichten aus der Show nachzubilden. Ob es [&hellip;]<\/p>\n","protected":false},"featured_media":1845,"comment_status":"open","ping_status":"closed","template":"","meta":{"_acf_changed":false},"product_brand":[99],"product_cat":[59],"product_tag":[],"class_list":{"0":"post-1844","1":"product","2":"type-product","3":"status-publish","4":"has-post-thumbnail","6":"product_brand-bing-de","7":"product_cat-merchandise-de","9":"first","10":"instock","11":"taxable","12":"shipping-taxable","13":"product-type-external"},"acf":[],"yoast_head":"<!-- This site is optimized with the Yoast SEO plugin v27.4 - https:\/\/yoast.com\/product\/yoast-seo-wordpress\/ -->\n<title>Bing &amp; Friends Geschenkset | 6 Spielfiguren f\u00fcr Kinder<\/title>\n<meta name=\"description\" content=\"Entdecke das Bing &amp; Friends Geschenkset mit 6 liebevollen Spielfiguren. Perfekt f\u00fcr fantasievolles Spielen und ein tolles Geschenk f\u00fcr Kinder.\" \/>\n<meta name=\"robots\" content=\"index, follow, max-snippet:-1, max-image-preview:large, max-video-preview:-1\" \/>\n<link rel=\"canonical\" href=\"https:\/\/storyzoo.shop\/de\/produkt\/bing-friends-6-figure-gift-set\/\" \/>\n<meta property=\"og:locale\" content=\"de_DE\" \/>\n<meta property=\"og:type\" content=\"article\" \/>\n<meta property=\"og:title\" content=\"Bing &amp; Friends Geschenkset | 6 Spielfiguren f\u00fcr Kinder\" \/>\n<meta property=\"og:description\" content=\"Entdecke das Bing &amp; Friends Geschenkset mit 6 liebevollen Spielfiguren. Perfekt f\u00fcr fantasievolles Spielen und ein tolles Geschenk f\u00fcr Kinder.\" \/>\n<meta property=\"og:url\" content=\"https:\/\/storyzoo.shop\/de\/produkt\/bing-friends-6-figure-gift-set\/\" \/>\n<meta property=\"og:site_name\" content=\"StoryZoo shop\" \/>\n<meta property=\"article:publisher\" content=\"https:\/\/www.facebook.com\/StoryZooTV\" \/>\n<meta property=\"article:modified_time\" content=\"2025-12-22T10:16:17+00:00\" \/>\n<meta property=\"og:image\" content=\"https:\/\/storyzoo.shop\/wp-content\/uploads\/2025\/12\/Bing-3519-Friends-6-Figure-Gift-Set.jpg\" \/>\n\t<meta property=\"og:image:width\" content=\"906\" \/>\n\t<meta property=\"og:image:height\" content=\"980\" \/>\n\t<meta property=\"og:image:type\" content=\"image\/jpeg\" \/>\n<meta name=\"twitter:card\" content=\"summary_large_image\" \/>\n<meta name=\"twitter:site\" content=\"@StoryZooTV\" \/>\n<meta name=\"twitter:label1\" content=\"Gesch\u00e4tzte Lesezeit\" \/>\n\t<meta name=\"twitter:data1\" content=\"1\u00a0Minute\" \/>\n<script type=\"application\/ld+json\" class=\"yoast-schema-graph\">{\"@context\":\"https:\\\/\\\/schema.org\",\"@graph\":[{\"@type\":\"WebPage\",\"@id\":\"https:\\\/\\\/storyzoo.shop\\\/de\\\/produkt\\\/bing-friends-6-figure-gift-set\\\/\",\"url\":\"https:\\\/\\\/storyzoo.shop\\\/de\\\/produkt\\\/bing-friends-6-figure-gift-set\\\/\",\"name\":\"Bing & Friends Geschenkset | 6 Spielfiguren f\u00fcr Kinder\",\"isPartOf\":{\"@id\":\"https:\\\/\\\/storyzoo.shop\\\/#website\"},\"primaryImageOfPage\":{\"@id\":\"https:\\\/\\\/storyzoo.shop\\\/de\\\/produkt\\\/bing-friends-6-figure-gift-set\\\/#primaryimage\"},\"image\":{\"@id\":\"https:\\\/\\\/storyzoo.shop\\\/de\\\/produkt\\\/bing-friends-6-figure-gift-set\\\/#primaryimage\"},\"thumbnailUrl\":\"https:\\\/\\\/storyzoo.shop\\\/wp-content\\\/uploads\\\/2025\\\/12\\\/Bing-3519-Friends-6-Figure-Gift-Set.jpg\",\"datePublished\":\"2025-12-09T15:55:15+00:00\",\"dateModified\":\"2025-12-22T10:16:17+00:00\",\"description\":\"Entdecke das Bing & Friends Geschenkset mit 6 liebevollen Spielfiguren. Perfekt f\u00fcr fantasievolles Spielen und ein tolles Geschenk f\u00fcr Kinder.\",\"breadcrumb\":{\"@id\":\"https:\\\/\\\/storyzoo.shop\\\/de\\\/produkt\\\/bing-friends-6-figure-gift-set\\\/#breadcrumb\"},\"inLanguage\":\"de\",\"potentialAction\":[{\"@type\":\"ReadAction\",\"target\":[\"https:\\\/\\\/storyzoo.shop\\\/de\\\/produkt\\\/bing-friends-6-figure-gift-set\\\/\"]}]},{\"@type\":\"ImageObject\",\"inLanguage\":\"de\",\"@id\":\"https:\\\/\\\/storyzoo.shop\\\/de\\\/produkt\\\/bing-friends-6-figure-gift-set\\\/#primaryimage\",\"url\":\"https:\\\/\\\/storyzoo.shop\\\/wp-content\\\/uploads\\\/2025\\\/12\\\/Bing-3519-Friends-6-Figure-Gift-Set.jpg\",\"contentUrl\":\"https:\\\/\\\/storyzoo.shop\\\/wp-content\\\/uploads\\\/2025\\\/12\\\/Bing-3519-Friends-6-Figure-Gift-Set.jpg\",\"width\":906,\"height\":980,\"caption\":\"Bing 3519 & Friends 6 Figure Gift, Set\"},{\"@type\":\"BreadcrumbList\",\"@id\":\"https:\\\/\\\/storyzoo.shop\\\/de\\\/produkt\\\/bing-friends-6-figure-gift-set\\\/#breadcrumb\",\"itemListElement\":[{\"@type\":\"ListItem\",\"position\":1,\"name\":\"Home\",\"item\":\"https:\\\/\\\/storyzoo.shop\\\/de\\\/\"},{\"@type\":\"ListItem\",\"position\":2,\"name\":\"Shop\",\"item\":\"https:\\\/\\\/storyzoo.shop\\\/\"},{\"@type\":\"ListItem\",\"position\":3,\"name\":\"Bing &#038; Friends 6 Figure Gift Set\"}]},{\"@type\":\"WebSite\",\"@id\":\"https:\\\/\\\/storyzoo.shop\\\/#website\",\"url\":\"https:\\\/\\\/storyzoo.shop\\\/\",\"name\":\"StoryZoo shop\",\"description\":\"\",\"publisher\":{\"@id\":\"https:\\\/\\\/storyzoo.shop\\\/#organization\"},\"potentialAction\":[{\"@type\":\"SearchAction\",\"target\":{\"@type\":\"EntryPoint\",\"urlTemplate\":\"https:\\\/\\\/storyzoo.shop\\\/?s={search_term_string}\"},\"query-input\":{\"@type\":\"PropertyValueSpecification\",\"valueRequired\":true,\"valueName\":\"search_term_string\"}}],\"inLanguage\":\"de\"},{\"@type\":\"Organization\",\"@id\":\"https:\\\/\\\/storyzoo.shop\\\/#organization\",\"name\":\"StoryZoo shop\",\"url\":\"https:\\\/\\\/storyzoo.shop\\\/\",\"logo\":{\"@type\":\"ImageObject\",\"inLanguage\":\"de\",\"@id\":\"https:\\\/\\\/storyzoo.shop\\\/#\\\/schema\\\/logo\\\/image\\\/\",\"url\":\"https:\\\/\\\/storyzoo.shop\\\/wp-content\\\/uploads\\\/2021\\\/11\\\/StoryZooShop.png\",\"contentUrl\":\"https:\\\/\\\/storyzoo.shop\\\/wp-content\\\/uploads\\\/2021\\\/11\\\/StoryZooShop.png\",\"width\":600,\"height\":222,\"caption\":\"StoryZoo shop\"},\"image\":{\"@id\":\"https:\\\/\\\/storyzoo.shop\\\/#\\\/schema\\\/logo\\\/image\\\/\"},\"sameAs\":[\"https:\\\/\\\/www.facebook.com\\\/StoryZooTV\",\"https:\\\/\\\/x.com\\\/StoryZooTV\",\"https:\\\/\\\/www.instagram.com\\\/storyzoo_tv\\\/\",\"https:\\\/\\\/www.youtube.com\\\/c\\\/storyzoo\",\"https:\\\/\\\/open.spotify.com\\\/artist\\\/4APIhPMlryahikR2nDj3bB\"]}]}<\/script>\n<!-- \/ Yoast SEO plugin. -->","yoast_head_json":{"title":"Bing & Friends Geschenkset | 6 Spielfiguren f\u00fcr Kinder","description":"Entdecke das Bing & Friends Geschenkset mit 6 liebevollen Spielfiguren. Perfekt f\u00fcr fantasievolles Spielen und ein tolles Geschenk f\u00fcr Kinder.","robots":{"index":"index","follow":"follow","max-snippet":"max-snippet:-1","max-image-preview":"max-image-preview:large","max-video-preview":"max-video-preview:-1"},"canonical":"https:\/\/storyzoo.shop\/de\/produkt\/bing-friends-6-figure-gift-set\/","og_locale":"de_DE","og_type":"article","og_title":"Bing & Friends Geschenkset | 6 Spielfiguren f\u00fcr Kinder","og_description":"Entdecke das Bing & Friends Geschenkset mit 6 liebevollen Spielfiguren. Perfekt f\u00fcr fantasievolles Spielen und ein tolles Geschenk f\u00fcr Kinder.","og_url":"https:\/\/storyzoo.shop\/de\/produkt\/bing-friends-6-figure-gift-set\/","og_site_name":"StoryZoo shop","article_publisher":"https:\/\/www.facebook.com\/StoryZooTV","article_modified_time":"2025-12-22T10:16:17+00:00","og_image":[{"width":906,"height":980,"url":"https:\/\/storyzoo.shop\/wp-content\/uploads\/2025\/12\/Bing-3519-Friends-6-Figure-Gift-Set.jpg","type":"image\/jpeg"}],"twitter_card":"summary_large_image","twitter_site":"@StoryZooTV","twitter_misc":{"Gesch\u00e4tzte Lesezeit":"1\u00a0Minute"},"schema":{"@context":"https:\/\/schema.org","@graph":[{"@type":"WebPage","@id":"https:\/\/storyzoo.shop\/de\/produkt\/bing-friends-6-figure-gift-set\/","url":"https:\/\/storyzoo.shop\/de\/produkt\/bing-friends-6-figure-gift-set\/","name":"Bing & Friends Geschenkset | 6 Spielfiguren f\u00fcr Kinder","isPartOf":{"@id":"https:\/\/storyzoo.shop\/#website"},"primaryImageOfPage":{"@id":"https:\/\/storyzoo.shop\/de\/produkt\/bing-friends-6-figure-gift-set\/#primaryimage"},"image":{"@id":"https:\/\/storyzoo.shop\/de\/produkt\/bing-friends-6-figure-gift-set\/#primaryimage"},"thumbnailUrl":"https:\/\/storyzoo.shop\/wp-content\/uploads\/2025\/12\/Bing-3519-Friends-6-Figure-Gift-Set.jpg","datePublished":"2025-12-09T15:55:15+00:00","dateModified":"2025-12-22T10:16:17+00:00","description":"Entdecke das Bing & Friends Geschenkset mit 6 liebevollen Spielfiguren. Perfekt f\u00fcr fantasievolles Spielen und ein tolles Geschenk f\u00fcr Kinder.","breadcrumb":{"@id":"https:\/\/storyzoo.shop\/de\/produkt\/bing-friends-6-figure-gift-set\/#breadcrumb"},"inLanguage":"de","potentialAction":[{"@type":"ReadAction","target":["https:\/\/storyzoo.shop\/de\/produkt\/bing-friends-6-figure-gift-set\/"]}]},{"@type":"ImageObject","inLanguage":"de","@id":"https:\/\/storyzoo.shop\/de\/produkt\/bing-friends-6-figure-gift-set\/#primaryimage","url":"https:\/\/storyzoo.shop\/wp-content\/uploads\/2025\/12\/Bing-3519-Friends-6-Figure-Gift-Set.jpg","contentUrl":"https:\/\/storyzoo.shop\/wp-content\/uploads\/2025\/12\/Bing-3519-Friends-6-Figure-Gift-Set.jpg","width":906,"height":980,"caption":"Bing 3519 & Friends 6 Figure Gift, Set"},{"@type":"BreadcrumbList","@id":"https:\/\/storyzoo.shop\/de\/produkt\/bing-friends-6-figure-gift-set\/#breadcrumb","itemListElement":[{"@type":"ListItem","position":1,"name":"Home","item":"https:\/\/storyzoo.shop\/de\/"},{"@type":"ListItem","position":2,"name":"Shop","item":"https:\/\/storyzoo.shop\/"},{"@type":"ListItem","position":3,"name":"Bing &#038; Friends 6 Figure Gift Set"}]},{"@type":"WebSite","@id":"https:\/\/storyzoo.shop\/#website","url":"https:\/\/storyzoo.shop\/","name":"StoryZoo shop","description":"","publisher":{"@id":"https:\/\/storyzoo.shop\/#organization"},"potentialAction":[{"@type":"SearchAction","target":{"@type":"EntryPoint","urlTemplate":"https:\/\/storyzoo.shop\/?s={search_term_string}"},"query-input":{"@type":"PropertyValueSpecification","valueRequired":true,"valueName":"search_term_string"}}],"inLanguage":"de"},{"@type":"Organization","@id":"https:\/\/storyzoo.shop\/#organization","name":"StoryZoo shop","url":"https:\/\/storyzoo.shop\/","logo":{"@type":"ImageObject","inLanguage":"de","@id":"https:\/\/storyzoo.shop\/#\/schema\/logo\/image\/","url":"https:\/\/storyzoo.shop\/wp-content\/uploads\/2021\/11\/StoryZooShop.png","contentUrl":"https:\/\/storyzoo.shop\/wp-content\/uploads\/2021\/11\/StoryZooShop.png","width":600,"height":222,"caption":"StoryZoo shop"},"image":{"@id":"https:\/\/storyzoo.shop\/#\/schema\/logo\/image\/"},"sameAs":["https:\/\/www.facebook.com\/StoryZooTV","https:\/\/x.com\/StoryZooTV","https:\/\/www.instagram.com\/storyzoo_tv\/","https:\/\/www.youtube.com\/c\/storyzoo","https:\/\/open.spotify.com\/artist\/4APIhPMlryahikR2nDj3bB"]}]}},"jetpack_sharing_enabled":true,"_links":{"self":[{"href":"https:\/\/storyzoo.shop\/de\/wp-json\/wp\/v2\/product\/1844","targetHints":{"allow":["GET"]}}],"collection":[{"href":"https:\/\/storyzoo.shop\/de\/wp-json\/wp\/v2\/product"}],"about":[{"href":"https:\/\/storyzoo.shop\/de\/wp-json\/wp\/v2\/types\/product"}],"replies":[{"embeddable":true,"href":"https:\/\/storyzoo.shop\/de\/wp-json\/wp\/v2\/comments?post=1844"}],"wp:featuredmedia":[{"embeddable":true,"href":"https:\/\/storyzoo.shop\/de\/wp-json\/wp\/v2\/media\/1845"}],"wp:attachment":[{"href":"https:\/\/storyzoo.shop\/de\/wp-json\/wp\/v2\/media?parent=1844"}],"wp:term":[{"taxonomy":"product_brand","embeddable":true,"href":"https:\/\/storyzoo.shop\/de\/wp-json\/wp\/v2\/product_brand?post=1844"},{"taxonomy":"product_cat","embeddable":true,"href":"https:\/\/storyzoo.shop\/de\/wp-json\/wp\/v2\/product_cat?post=1844"},{"taxonomy":"product_tag","embeddable":true,"href":"https:\/\/storyzoo.shop\/de\/wp-json\/wp\/v2\/product_tag?post=1844"}],"curies":[{"name":"wp","href":"https:\/\/api.w.org\/{rel}","templated":true}]}}