{"id":1840,"date":"2025-12-09T16:46:02","date_gmt":"2025-12-09T15:46:02","guid":{"rendered":"https:\/\/storyzoo.shop\/?post_type=product&#038;p=1840"},"modified":"2025-12-22T11:16:25","modified_gmt":"2025-12-22T10:16:25","slug":"bing-und-flop-set-plueschtiere","status":"publish","type":"product","link":"https:\/\/storyzoo.shop\/de\/produkt\/bing-und-flop-set-plueschtiere\/","title":{"rendered":"Bing Und Flop Set Pl\u00fcschtiere"},"content":{"rendered":"<p>Diese bezaubernden und kuscheligen Pl\u00fcschfiguren von Bing und seinem Freund Flop lassen Kinderherzen h\u00f6herschlagen. Mit viel Liebe zum Detail gefertigt, begeistern sie kleine Serienfans sofort und laden zum Spielen, Tr\u00f6sten und Kuscheln ein.<\/p>\n<p>Die beiden Maskottchen bestehen aus besonders weichen, hochwertigen Materialien, die sich angenehm anschmiegen und f\u00fcr ein wohliges Gef\u00fchl sorgen. Wundersch\u00f6n gestickte Augen und Gesichter verleihen den Figuren ihren authentischen Ausdruck und machen sie zu langlebigen Lieblingsbegleitern.<\/p>\n<p>Beim Spielen mit den Pl\u00fcschfiguren werden Kinder auf nat\u00fcrliche Weise zum Kuscheln, Greifen und interaktiven Spielen angeregt \u2013 eine wunderbare Unterst\u00fctzung, um ihre Motorik, Fantasie und emotionale Entwicklung zu f\u00f6rdern.<\/p>\n","protected":false},"excerpt":{"rendered":"<p>Diese bezaubernden und kuscheligen Pl\u00fcschfiguren von Bing und seinem Freund Flop lassen Kinderherzen h\u00f6herschlagen. Mit viel Liebe zum Detail gefertigt, begeistern sie kleine Serienfans sofort und laden zum Spielen, Tr\u00f6sten und Kuscheln ein. Die beiden Maskottchen bestehen aus besonders weichen, hochwertigen Materialien, die sich angenehm anschmiegen und f\u00fcr ein wohliges Gef\u00fchl sorgen. Wundersch\u00f6n gestickte Augen [&hellip;]<\/p>\n","protected":false},"featured_media":1841,"comment_status":"open","ping_status":"closed","template":"","meta":{"_acf_changed":false},"product_brand":[99],"product_cat":[54],"product_tag":[],"class_list":{"0":"post-1840","1":"product","2":"type-product","3":"status-publish","4":"has-post-thumbnail","6":"product_brand-bing-de","7":"product_cat-pluschtiere","9":"first","10":"instock","11":"taxable","12":"shipping-taxable","13":"product-type-external"},"acf":[],"yoast_head":"<!-- This site is optimized with the Yoast SEO plugin v27.4 - https:\/\/yoast.com\/product\/yoast-seo-wordpress\/ -->\n<title>Bing und Flop Pl\u00fcschtiere Set | Weiche Kuscheltiere f\u00fcr Kinder<\/title>\n<meta name=\"description\" content=\"Entdecke das Bing und Flop Pl\u00fcschtiere Set! Zwei superweiche Bing- und Flop-Kuscheltiere aus der beliebten Serie \u2013 perfekt zum Schmusen und tolles Geschenk f\u00fcr Kinder.\" \/>\n<meta name=\"robots\" content=\"index, follow, max-snippet:-1, max-image-preview:large, max-video-preview:-1\" \/>\n<link rel=\"canonical\" href=\"https:\/\/storyzoo.shop\/de\/produkt\/bing-und-flop-set-plueschtiere\/\" \/>\n<meta property=\"og:locale\" content=\"de_DE\" \/>\n<meta property=\"og:type\" content=\"article\" \/>\n<meta property=\"og:title\" content=\"Bing und Flop Pl\u00fcschtiere Set | Weiche Kuscheltiere f\u00fcr Kinder\" \/>\n<meta property=\"og:description\" content=\"Entdecke das Bing und Flop Pl\u00fcschtiere Set! Zwei superweiche Bing- und Flop-Kuscheltiere aus der beliebten Serie \u2013 perfekt zum Schmusen und tolles Geschenk f\u00fcr Kinder.\" \/>\n<meta property=\"og:url\" content=\"https:\/\/storyzoo.shop\/de\/produkt\/bing-und-flop-set-plueschtiere\/\" \/>\n<meta property=\"og:site_name\" content=\"StoryZoo shop\" \/>\n<meta property=\"article:publisher\" content=\"https:\/\/www.facebook.com\/StoryZooTV\" \/>\n<meta property=\"article:modified_time\" content=\"2025-12-22T10:16:25+00:00\" \/>\n<meta property=\"og:image\" content=\"https:\/\/storyzoo.shop\/wp-content\/uploads\/2025\/12\/Bing-Und-Flop-Set-Pluschtiere.jpg\" \/>\n\t<meta property=\"og:image:width\" content=\"1087\" \/>\n\t<meta property=\"og:image:height\" content=\"1284\" \/>\n\t<meta property=\"og:image:type\" content=\"image\/jpeg\" \/>\n<meta name=\"twitter:card\" content=\"summary_large_image\" \/>\n<meta name=\"twitter:site\" content=\"@StoryZooTV\" \/>\n<meta name=\"twitter:label1\" content=\"Gesch\u00e4tzte Lesezeit\" \/>\n\t<meta name=\"twitter:data1\" content=\"1\u00a0Minute\" \/>\n<script type=\"application\/ld+json\" class=\"yoast-schema-graph\">{\"@context\":\"https:\\\/\\\/schema.org\",\"@graph\":[{\"@type\":\"WebPage\",\"@id\":\"https:\\\/\\\/storyzoo.shop\\\/de\\\/produkt\\\/bing-und-flop-set-plueschtiere\\\/\",\"url\":\"https:\\\/\\\/storyzoo.shop\\\/de\\\/produkt\\\/bing-und-flop-set-plueschtiere\\\/\",\"name\":\"Bing und Flop Pl\u00fcschtiere Set | Weiche Kuscheltiere f\u00fcr Kinder\",\"isPartOf\":{\"@id\":\"https:\\\/\\\/storyzoo.shop\\\/#website\"},\"primaryImageOfPage\":{\"@id\":\"https:\\\/\\\/storyzoo.shop\\\/de\\\/produkt\\\/bing-und-flop-set-plueschtiere\\\/#primaryimage\"},\"image\":{\"@id\":\"https:\\\/\\\/storyzoo.shop\\\/de\\\/produkt\\\/bing-und-flop-set-plueschtiere\\\/#primaryimage\"},\"thumbnailUrl\":\"https:\\\/\\\/storyzoo.shop\\\/wp-content\\\/uploads\\\/2025\\\/12\\\/Bing-Und-Flop-Set-Pluschtiere.jpg\",\"datePublished\":\"2025-12-09T15:46:02+00:00\",\"dateModified\":\"2025-12-22T10:16:25+00:00\",\"description\":\"Entdecke das Bing und Flop Pl\u00fcschtiere Set! Zwei superweiche Bing- und Flop-Kuscheltiere aus der beliebten Serie \u2013 perfekt zum Schmusen und tolles Geschenk f\u00fcr Kinder.\",\"breadcrumb\":{\"@id\":\"https:\\\/\\\/storyzoo.shop\\\/de\\\/produkt\\\/bing-und-flop-set-plueschtiere\\\/#breadcrumb\"},\"inLanguage\":\"de\",\"potentialAction\":[{\"@type\":\"ReadAction\",\"target\":[\"https:\\\/\\\/storyzoo.shop\\\/de\\\/produkt\\\/bing-und-flop-set-plueschtiere\\\/\"]}]},{\"@type\":\"ImageObject\",\"inLanguage\":\"de\",\"@id\":\"https:\\\/\\\/storyzoo.shop\\\/de\\\/produkt\\\/bing-und-flop-set-plueschtiere\\\/#primaryimage\",\"url\":\"https:\\\/\\\/storyzoo.shop\\\/wp-content\\\/uploads\\\/2025\\\/12\\\/Bing-Und-Flop-Set-Pluschtiere.jpg\",\"contentUrl\":\"https:\\\/\\\/storyzoo.shop\\\/wp-content\\\/uploads\\\/2025\\\/12\\\/Bing-Und-Flop-Set-Pluschtiere.jpg\",\"width\":1087,\"height\":1284,\"caption\":\"Bing Und Flop Set Plu\u0308schtiere\"},{\"@type\":\"BreadcrumbList\",\"@id\":\"https:\\\/\\\/storyzoo.shop\\\/de\\\/produkt\\\/bing-und-flop-set-plueschtiere\\\/#breadcrumb\",\"itemListElement\":[{\"@type\":\"ListItem\",\"position\":1,\"name\":\"Home\",\"item\":\"https:\\\/\\\/storyzoo.shop\\\/de\\\/\"},{\"@type\":\"ListItem\",\"position\":2,\"name\":\"Shop\",\"item\":\"https:\\\/\\\/storyzoo.shop\\\/\"},{\"@type\":\"ListItem\",\"position\":3,\"name\":\"Bing Und Flop Set Pl\u00fcschtiere\"}]},{\"@type\":\"WebSite\",\"@id\":\"https:\\\/\\\/storyzoo.shop\\\/#website\",\"url\":\"https:\\\/\\\/storyzoo.shop\\\/\",\"name\":\"StoryZoo shop\",\"description\":\"\",\"publisher\":{\"@id\":\"https:\\\/\\\/storyzoo.shop\\\/#organization\"},\"potentialAction\":[{\"@type\":\"SearchAction\",\"target\":{\"@type\":\"EntryPoint\",\"urlTemplate\":\"https:\\\/\\\/storyzoo.shop\\\/?s={search_term_string}\"},\"query-input\":{\"@type\":\"PropertyValueSpecification\",\"valueRequired\":true,\"valueName\":\"search_term_string\"}}],\"inLanguage\":\"de\"},{\"@type\":\"Organization\",\"@id\":\"https:\\\/\\\/storyzoo.shop\\\/#organization\",\"name\":\"StoryZoo shop\",\"url\":\"https:\\\/\\\/storyzoo.shop\\\/\",\"logo\":{\"@type\":\"ImageObject\",\"inLanguage\":\"de\",\"@id\":\"https:\\\/\\\/storyzoo.shop\\\/#\\\/schema\\\/logo\\\/image\\\/\",\"url\":\"https:\\\/\\\/storyzoo.shop\\\/wp-content\\\/uploads\\\/2021\\\/11\\\/StoryZooShop.png\",\"contentUrl\":\"https:\\\/\\\/storyzoo.shop\\\/wp-content\\\/uploads\\\/2021\\\/11\\\/StoryZooShop.png\",\"width\":600,\"height\":222,\"caption\":\"StoryZoo shop\"},\"image\":{\"@id\":\"https:\\\/\\\/storyzoo.shop\\\/#\\\/schema\\\/logo\\\/image\\\/\"},\"sameAs\":[\"https:\\\/\\\/www.facebook.com\\\/StoryZooTV\",\"https:\\\/\\\/x.com\\\/StoryZooTV\",\"https:\\\/\\\/www.instagram.com\\\/storyzoo_tv\\\/\",\"https:\\\/\\\/www.youtube.com\\\/c\\\/storyzoo\",\"https:\\\/\\\/open.spotify.com\\\/artist\\\/4APIhPMlryahikR2nDj3bB\"]}]}<\/script>\n<!-- \/ Yoast SEO plugin. -->","yoast_head_json":{"title":"Bing und Flop Pl\u00fcschtiere Set | Weiche Kuscheltiere f\u00fcr Kinder","description":"Entdecke das Bing und Flop Pl\u00fcschtiere Set! Zwei superweiche Bing- und Flop-Kuscheltiere aus der beliebten Serie \u2013 perfekt zum Schmusen und tolles Geschenk f\u00fcr Kinder.","robots":{"index":"index","follow":"follow","max-snippet":"max-snippet:-1","max-image-preview":"max-image-preview:large","max-video-preview":"max-video-preview:-1"},"canonical":"https:\/\/storyzoo.shop\/de\/produkt\/bing-und-flop-set-plueschtiere\/","og_locale":"de_DE","og_type":"article","og_title":"Bing und Flop Pl\u00fcschtiere Set | Weiche Kuscheltiere f\u00fcr Kinder","og_description":"Entdecke das Bing und Flop Pl\u00fcschtiere Set! Zwei superweiche Bing- und Flop-Kuscheltiere aus der beliebten Serie \u2013 perfekt zum Schmusen und tolles Geschenk f\u00fcr Kinder.","og_url":"https:\/\/storyzoo.shop\/de\/produkt\/bing-und-flop-set-plueschtiere\/","og_site_name":"StoryZoo shop","article_publisher":"https:\/\/www.facebook.com\/StoryZooTV","article_modified_time":"2025-12-22T10:16:25+00:00","og_image":[{"width":1087,"height":1284,"url":"https:\/\/storyzoo.shop\/wp-content\/uploads\/2025\/12\/Bing-Und-Flop-Set-Pluschtiere.jpg","type":"image\/jpeg"}],"twitter_card":"summary_large_image","twitter_site":"@StoryZooTV","twitter_misc":{"Gesch\u00e4tzte Lesezeit":"1\u00a0Minute"},"schema":{"@context":"https:\/\/schema.org","@graph":[{"@type":"WebPage","@id":"https:\/\/storyzoo.shop\/de\/produkt\/bing-und-flop-set-plueschtiere\/","url":"https:\/\/storyzoo.shop\/de\/produkt\/bing-und-flop-set-plueschtiere\/","name":"Bing und Flop Pl\u00fcschtiere Set | Weiche Kuscheltiere f\u00fcr Kinder","isPartOf":{"@id":"https:\/\/storyzoo.shop\/#website"},"primaryImageOfPage":{"@id":"https:\/\/storyzoo.shop\/de\/produkt\/bing-und-flop-set-plueschtiere\/#primaryimage"},"image":{"@id":"https:\/\/storyzoo.shop\/de\/produkt\/bing-und-flop-set-plueschtiere\/#primaryimage"},"thumbnailUrl":"https:\/\/storyzoo.shop\/wp-content\/uploads\/2025\/12\/Bing-Und-Flop-Set-Pluschtiere.jpg","datePublished":"2025-12-09T15:46:02+00:00","dateModified":"2025-12-22T10:16:25+00:00","description":"Entdecke das Bing und Flop Pl\u00fcschtiere Set! Zwei superweiche Bing- und Flop-Kuscheltiere aus der beliebten Serie \u2013 perfekt zum Schmusen und tolles Geschenk f\u00fcr Kinder.","breadcrumb":{"@id":"https:\/\/storyzoo.shop\/de\/produkt\/bing-und-flop-set-plueschtiere\/#breadcrumb"},"inLanguage":"de","potentialAction":[{"@type":"ReadAction","target":["https:\/\/storyzoo.shop\/de\/produkt\/bing-und-flop-set-plueschtiere\/"]}]},{"@type":"ImageObject","inLanguage":"de","@id":"https:\/\/storyzoo.shop\/de\/produkt\/bing-und-flop-set-plueschtiere\/#primaryimage","url":"https:\/\/storyzoo.shop\/wp-content\/uploads\/2025\/12\/Bing-Und-Flop-Set-Pluschtiere.jpg","contentUrl":"https:\/\/storyzoo.shop\/wp-content\/uploads\/2025\/12\/Bing-Und-Flop-Set-Pluschtiere.jpg","width":1087,"height":1284,"caption":"Bing Und Flop Set Plu\u0308schtiere"},{"@type":"BreadcrumbList","@id":"https:\/\/storyzoo.shop\/de\/produkt\/bing-und-flop-set-plueschtiere\/#breadcrumb","itemListElement":[{"@type":"ListItem","position":1,"name":"Home","item":"https:\/\/storyzoo.shop\/de\/"},{"@type":"ListItem","position":2,"name":"Shop","item":"https:\/\/storyzoo.shop\/"},{"@type":"ListItem","position":3,"name":"Bing Und Flop Set Pl\u00fcschtiere"}]},{"@type":"WebSite","@id":"https:\/\/storyzoo.shop\/#website","url":"https:\/\/storyzoo.shop\/","name":"StoryZoo shop","description":"","publisher":{"@id":"https:\/\/storyzoo.shop\/#organization"},"potentialAction":[{"@type":"SearchAction","target":{"@type":"EntryPoint","urlTemplate":"https:\/\/storyzoo.shop\/?s={search_term_string}"},"query-input":{"@type":"PropertyValueSpecification","valueRequired":true,"valueName":"search_term_string"}}],"inLanguage":"de"},{"@type":"Organization","@id":"https:\/\/storyzoo.shop\/#organization","name":"StoryZoo shop","url":"https:\/\/storyzoo.shop\/","logo":{"@type":"ImageObject","inLanguage":"de","@id":"https:\/\/storyzoo.shop\/#\/schema\/logo\/image\/","url":"https:\/\/storyzoo.shop\/wp-content\/uploads\/2021\/11\/StoryZooShop.png","contentUrl":"https:\/\/storyzoo.shop\/wp-content\/uploads\/2021\/11\/StoryZooShop.png","width":600,"height":222,"caption":"StoryZoo shop"},"image":{"@id":"https:\/\/storyzoo.shop\/#\/schema\/logo\/image\/"},"sameAs":["https:\/\/www.facebook.com\/StoryZooTV","https:\/\/x.com\/StoryZooTV","https:\/\/www.instagram.com\/storyzoo_tv\/","https:\/\/www.youtube.com\/c\/storyzoo","https:\/\/open.spotify.com\/artist\/4APIhPMlryahikR2nDj3bB"]}]}},"jetpack_sharing_enabled":true,"_links":{"self":[{"href":"https:\/\/storyzoo.shop\/de\/wp-json\/wp\/v2\/product\/1840","targetHints":{"allow":["GET"]}}],"collection":[{"href":"https:\/\/storyzoo.shop\/de\/wp-json\/wp\/v2\/product"}],"about":[{"href":"https:\/\/storyzoo.shop\/de\/wp-json\/wp\/v2\/types\/product"}],"replies":[{"embeddable":true,"href":"https:\/\/storyzoo.shop\/de\/wp-json\/wp\/v2\/comments?post=1840"}],"wp:featuredmedia":[{"embeddable":true,"href":"https:\/\/storyzoo.shop\/de\/wp-json\/wp\/v2\/media\/1841"}],"wp:attachment":[{"href":"https:\/\/storyzoo.shop\/de\/wp-json\/wp\/v2\/media?parent=1840"}],"wp:term":[{"taxonomy":"product_brand","embeddable":true,"href":"https:\/\/storyzoo.shop\/de\/wp-json\/wp\/v2\/product_brand?post=1840"},{"taxonomy":"product_cat","embeddable":true,"href":"https:\/\/storyzoo.shop\/de\/wp-json\/wp\/v2\/product_cat?post=1840"},{"taxonomy":"product_tag","embeddable":true,"href":"https:\/\/storyzoo.shop\/de\/wp-json\/wp\/v2\/product_tag?post=1840"}],"curies":[{"name":"wp","href":"https:\/\/api.w.org\/{rel}","templated":true}]}}