{"id":1831,"date":"2025-12-09T16:11:06","date_gmt":"2025-12-09T15:11:06","guid":{"rendered":"https:\/\/storyzoo.shop\/?post_type=product&#038;p=1831"},"modified":"2025-12-22T11:08:02","modified_gmt":"2025-12-22T10:08:02","slug":"miffy-kuschelkissen-schmusekissen-babykissen-aus-coral-fleece","status":"publish","type":"product","link":"https:\/\/storyzoo.shop\/de\/produkt\/miffy-kuschelkissen-schmusekissen-babykissen-aus-coral-fleece\/","title":{"rendered":"Miffy Kuschelkissen, Schmusekissen, Babykissen aus Coral-Fleece"},"content":{"rendered":"<p>Das zauberhafte roba Dekokissen miffy ist ein echter Hingucker im Baby- und Kinderzimmer und zugleich ein entz\u00fcckendes Geschenk zur Geburt. Gefertigt aus babyweichem Pl\u00fcsch, wird das Kissen im Handumdrehen zum Lieblings-Kuschelbegleiter f\u00fcr die Kleinsten. Das liebevoll bestickte miffy-Gesicht verleiht dem Kissen einen besonders charmanten Ausdruck und sorgt f\u00fcr eine dekorative Wohlf\u00fchlatmosph\u00e4re.<\/p>\n<p>In Kombination mit weiteren Artikeln aus der roba miffy-Kollektion l\u00e4sst sich das Zimmer stilvoll und harmonisch im beliebten miffy-Look einrichten. So entsteht ein rundum gem\u00fctlicher Ort zum Spielen, Schlafen und Tr\u00e4umen.<\/p>\n<p>Alle verwendeten Materialien des Dekokissens sind schadstoffgepr\u00fcft und zertifiziert, sodass Eltern auf h\u00f6chste Sicherheit und Qualit\u00e4t vertrauen k\u00f6nnen. Das Pl\u00fcschkissen ist zu 100 % mit Polyestervlies gef\u00fcllt und besitzt eine handliche Gr\u00f6\u00dfe von 30 cm H\u00f6he und 21 cm Breite \u2013 ideal zum Kuscheln, Greifen und Liebhaben.<\/p>\n","protected":false},"excerpt":{"rendered":"<p>Das zauberhafte roba Dekokissen miffy ist ein echter Hingucker im Baby- und Kinderzimmer und zugleich ein entz\u00fcckendes Geschenk zur Geburt. Gefertigt aus babyweichem Pl\u00fcsch, wird das Kissen im Handumdrehen zum Lieblings-Kuschelbegleiter f\u00fcr die Kleinsten. Das liebevoll bestickte miffy-Gesicht verleiht dem Kissen einen besonders charmanten Ausdruck und sorgt f\u00fcr eine dekorative Wohlf\u00fchlatmosph\u00e4re. In Kombination mit weiteren [&hellip;]<\/p>\n","protected":false},"featured_media":1832,"comment_status":"open","ping_status":"closed","template":"","meta":{"_acf_changed":false},"product_brand":[90],"product_cat":[59],"product_tag":[],"class_list":{"0":"post-1831","1":"product","2":"type-product","3":"status-publish","4":"has-post-thumbnail","6":"product_brand-miffy","7":"product_cat-merchandise-de","9":"first","10":"instock","11":"taxable","12":"shipping-taxable","13":"product-type-external"},"acf":[],"yoast_head":"<!-- This site is optimized with the Yoast SEO plugin v27.5 - https:\/\/yoast.com\/product\/yoast-seo-wordpress\/ -->\n<title>Miffy Kuschelkissen aus Coral Fleece \u2013 Babykissen<\/title>\n<meta name=\"description\" content=\"Entdecke das weiche Miffy Kuschelkissen aus Coral Fleece. Ein liebevolles Schmuse- und Babykissen f\u00fcr Komfort, Geborgenheit und s\u00fc\u00dfe Momente im Kinderzimmer.\" \/>\n<meta name=\"robots\" content=\"index, follow, max-snippet:-1, max-image-preview:large, max-video-preview:-1\" \/>\n<link rel=\"canonical\" href=\"https:\/\/storyzoo.shop\/de\/produkt\/miffy-kuschelkissen-schmusekissen-babykissen-aus-coral-fleece\/\" \/>\n<meta property=\"og:locale\" content=\"de_DE\" \/>\n<meta property=\"og:type\" content=\"article\" \/>\n<meta property=\"og:title\" content=\"Miffy Kuschelkissen aus Coral Fleece \u2013 Babykissen\" \/>\n<meta property=\"og:description\" content=\"Entdecke das weiche Miffy Kuschelkissen aus Coral Fleece. Ein liebevolles Schmuse- und Babykissen f\u00fcr Komfort, Geborgenheit und s\u00fc\u00dfe Momente im Kinderzimmer.\" \/>\n<meta property=\"og:url\" content=\"https:\/\/storyzoo.shop\/de\/produkt\/miffy-kuschelkissen-schmusekissen-babykissen-aus-coral-fleece\/\" \/>\n<meta property=\"og:site_name\" content=\"StoryZoo shop\" \/>\n<meta property=\"article:publisher\" content=\"https:\/\/www.facebook.com\/StoryZooTV\" \/>\n<meta property=\"article:modified_time\" content=\"2025-12-22T10:08:02+00:00\" \/>\n<meta property=\"og:image\" content=\"https:\/\/storyzoo.shop\/wp-content\/uploads\/2025\/12\/miffy-Kuschelkissen-Schmusekissen-Babykissen-aus-Coral-Fleece.jpg\" \/>\n\t<meta property=\"og:image:width\" content=\"1500\" \/>\n\t<meta property=\"og:image:height\" content=\"1500\" \/>\n\t<meta property=\"og:image:type\" content=\"image\/jpeg\" \/>\n<meta name=\"twitter:card\" content=\"summary_large_image\" \/>\n<meta name=\"twitter:site\" content=\"@StoryZooTV\" \/>\n<meta name=\"twitter:label1\" content=\"Gesch\u00e4tzte Lesezeit\" \/>\n\t<meta name=\"twitter:data1\" content=\"1\u00a0Minute\" \/>\n<script type=\"application\/ld+json\" class=\"yoast-schema-graph\">{\"@context\":\"https:\\\/\\\/schema.org\",\"@graph\":[{\"@type\":\"WebPage\",\"@id\":\"https:\\\/\\\/storyzoo.shop\\\/de\\\/produkt\\\/miffy-kuschelkissen-schmusekissen-babykissen-aus-coral-fleece\\\/\",\"url\":\"https:\\\/\\\/storyzoo.shop\\\/de\\\/produkt\\\/miffy-kuschelkissen-schmusekissen-babykissen-aus-coral-fleece\\\/\",\"name\":\"Miffy Kuschelkissen aus Coral Fleece \u2013 Babykissen\",\"isPartOf\":{\"@id\":\"https:\\\/\\\/storyzoo.shop\\\/#website\"},\"primaryImageOfPage\":{\"@id\":\"https:\\\/\\\/storyzoo.shop\\\/de\\\/produkt\\\/miffy-kuschelkissen-schmusekissen-babykissen-aus-coral-fleece\\\/#primaryimage\"},\"image\":{\"@id\":\"https:\\\/\\\/storyzoo.shop\\\/de\\\/produkt\\\/miffy-kuschelkissen-schmusekissen-babykissen-aus-coral-fleece\\\/#primaryimage\"},\"thumbnailUrl\":\"https:\\\/\\\/storyzoo.shop\\\/wp-content\\\/uploads\\\/2025\\\/12\\\/miffy-Kuschelkissen-Schmusekissen-Babykissen-aus-Coral-Fleece.jpg\",\"datePublished\":\"2025-12-09T15:11:06+00:00\",\"dateModified\":\"2025-12-22T10:08:02+00:00\",\"description\":\"Entdecke das weiche Miffy Kuschelkissen aus Coral Fleece. Ein liebevolles Schmuse- und Babykissen f\u00fcr Komfort, Geborgenheit und s\u00fc\u00dfe Momente im Kinderzimmer.\",\"breadcrumb\":{\"@id\":\"https:\\\/\\\/storyzoo.shop\\\/de\\\/produkt\\\/miffy-kuschelkissen-schmusekissen-babykissen-aus-coral-fleece\\\/#breadcrumb\"},\"inLanguage\":\"de\",\"potentialAction\":[{\"@type\":\"ReadAction\",\"target\":[\"https:\\\/\\\/storyzoo.shop\\\/de\\\/produkt\\\/miffy-kuschelkissen-schmusekissen-babykissen-aus-coral-fleece\\\/\"]}]},{\"@type\":\"ImageObject\",\"inLanguage\":\"de\",\"@id\":\"https:\\\/\\\/storyzoo.shop\\\/de\\\/produkt\\\/miffy-kuschelkissen-schmusekissen-babykissen-aus-coral-fleece\\\/#primaryimage\",\"url\":\"https:\\\/\\\/storyzoo.shop\\\/wp-content\\\/uploads\\\/2025\\\/12\\\/miffy-Kuschelkissen-Schmusekissen-Babykissen-aus-Coral-Fleece.jpg\",\"contentUrl\":\"https:\\\/\\\/storyzoo.shop\\\/wp-content\\\/uploads\\\/2025\\\/12\\\/miffy-Kuschelkissen-Schmusekissen-Babykissen-aus-Coral-Fleece.jpg\",\"width\":1500,\"height\":1500,\"caption\":\"miffy Kuschelkissen, Schmusekissen, Babykissen aus Coral-Fleece\"},{\"@type\":\"BreadcrumbList\",\"@id\":\"https:\\\/\\\/storyzoo.shop\\\/de\\\/produkt\\\/miffy-kuschelkissen-schmusekissen-babykissen-aus-coral-fleece\\\/#breadcrumb\",\"itemListElement\":[{\"@type\":\"ListItem\",\"position\":1,\"name\":\"Home\",\"item\":\"https:\\\/\\\/storyzoo.shop\\\/de\\\/\"},{\"@type\":\"ListItem\",\"position\":2,\"name\":\"Shop\",\"item\":\"https:\\\/\\\/storyzoo.shop\\\/\"},{\"@type\":\"ListItem\",\"position\":3,\"name\":\"Miffy Kuschelkissen, Schmusekissen, Babykissen aus Coral-Fleece\"}]},{\"@type\":\"WebSite\",\"@id\":\"https:\\\/\\\/storyzoo.shop\\\/#website\",\"url\":\"https:\\\/\\\/storyzoo.shop\\\/\",\"name\":\"StoryZoo shop\",\"description\":\"\",\"publisher\":{\"@id\":\"https:\\\/\\\/storyzoo.shop\\\/#organization\"},\"potentialAction\":[{\"@type\":\"SearchAction\",\"target\":{\"@type\":\"EntryPoint\",\"urlTemplate\":\"https:\\\/\\\/storyzoo.shop\\\/?s={search_term_string}\"},\"query-input\":{\"@type\":\"PropertyValueSpecification\",\"valueRequired\":true,\"valueName\":\"search_term_string\"}}],\"inLanguage\":\"de\"},{\"@type\":\"Organization\",\"@id\":\"https:\\\/\\\/storyzoo.shop\\\/#organization\",\"name\":\"StoryZoo shop\",\"url\":\"https:\\\/\\\/storyzoo.shop\\\/\",\"logo\":{\"@type\":\"ImageObject\",\"inLanguage\":\"de\",\"@id\":\"https:\\\/\\\/storyzoo.shop\\\/#\\\/schema\\\/logo\\\/image\\\/\",\"url\":\"https:\\\/\\\/storyzoo.shop\\\/wp-content\\\/uploads\\\/2021\\\/11\\\/StoryZooShop.png\",\"contentUrl\":\"https:\\\/\\\/storyzoo.shop\\\/wp-content\\\/uploads\\\/2021\\\/11\\\/StoryZooShop.png\",\"width\":600,\"height\":222,\"caption\":\"StoryZoo shop\"},\"image\":{\"@id\":\"https:\\\/\\\/storyzoo.shop\\\/#\\\/schema\\\/logo\\\/image\\\/\"},\"sameAs\":[\"https:\\\/\\\/www.facebook.com\\\/StoryZooTV\",\"https:\\\/\\\/x.com\\\/StoryZooTV\",\"https:\\\/\\\/www.instagram.com\\\/storyzoo_tv\\\/\",\"https:\\\/\\\/www.youtube.com\\\/c\\\/storyzoo\",\"https:\\\/\\\/open.spotify.com\\\/artist\\\/4APIhPMlryahikR2nDj3bB\"]}]}<\/script>\n<!-- \/ Yoast SEO plugin. -->","yoast_head_json":{"title":"Miffy Kuschelkissen aus Coral Fleece \u2013 Babykissen","description":"Entdecke das weiche Miffy Kuschelkissen aus Coral Fleece. Ein liebevolles Schmuse- und Babykissen f\u00fcr Komfort, Geborgenheit und s\u00fc\u00dfe Momente im Kinderzimmer.","robots":{"index":"index","follow":"follow","max-snippet":"max-snippet:-1","max-image-preview":"max-image-preview:large","max-video-preview":"max-video-preview:-1"},"canonical":"https:\/\/storyzoo.shop\/de\/produkt\/miffy-kuschelkissen-schmusekissen-babykissen-aus-coral-fleece\/","og_locale":"de_DE","og_type":"article","og_title":"Miffy Kuschelkissen aus Coral Fleece \u2013 Babykissen","og_description":"Entdecke das weiche Miffy Kuschelkissen aus Coral Fleece. Ein liebevolles Schmuse- und Babykissen f\u00fcr Komfort, Geborgenheit und s\u00fc\u00dfe Momente im Kinderzimmer.","og_url":"https:\/\/storyzoo.shop\/de\/produkt\/miffy-kuschelkissen-schmusekissen-babykissen-aus-coral-fleece\/","og_site_name":"StoryZoo shop","article_publisher":"https:\/\/www.facebook.com\/StoryZooTV","article_modified_time":"2025-12-22T10:08:02+00:00","og_image":[{"width":1500,"height":1500,"url":"https:\/\/storyzoo.shop\/wp-content\/uploads\/2025\/12\/miffy-Kuschelkissen-Schmusekissen-Babykissen-aus-Coral-Fleece.jpg","type":"image\/jpeg"}],"twitter_card":"summary_large_image","twitter_site":"@StoryZooTV","twitter_misc":{"Gesch\u00e4tzte Lesezeit":"1\u00a0Minute"},"schema":{"@context":"https:\/\/schema.org","@graph":[{"@type":"WebPage","@id":"https:\/\/storyzoo.shop\/de\/produkt\/miffy-kuschelkissen-schmusekissen-babykissen-aus-coral-fleece\/","url":"https:\/\/storyzoo.shop\/de\/produkt\/miffy-kuschelkissen-schmusekissen-babykissen-aus-coral-fleece\/","name":"Miffy Kuschelkissen aus Coral Fleece \u2013 Babykissen","isPartOf":{"@id":"https:\/\/storyzoo.shop\/#website"},"primaryImageOfPage":{"@id":"https:\/\/storyzoo.shop\/de\/produkt\/miffy-kuschelkissen-schmusekissen-babykissen-aus-coral-fleece\/#primaryimage"},"image":{"@id":"https:\/\/storyzoo.shop\/de\/produkt\/miffy-kuschelkissen-schmusekissen-babykissen-aus-coral-fleece\/#primaryimage"},"thumbnailUrl":"https:\/\/storyzoo.shop\/wp-content\/uploads\/2025\/12\/miffy-Kuschelkissen-Schmusekissen-Babykissen-aus-Coral-Fleece.jpg","datePublished":"2025-12-09T15:11:06+00:00","dateModified":"2025-12-22T10:08:02+00:00","description":"Entdecke das weiche Miffy Kuschelkissen aus Coral Fleece. Ein liebevolles Schmuse- und Babykissen f\u00fcr Komfort, Geborgenheit und s\u00fc\u00dfe Momente im Kinderzimmer.","breadcrumb":{"@id":"https:\/\/storyzoo.shop\/de\/produkt\/miffy-kuschelkissen-schmusekissen-babykissen-aus-coral-fleece\/#breadcrumb"},"inLanguage":"de","potentialAction":[{"@type":"ReadAction","target":["https:\/\/storyzoo.shop\/de\/produkt\/miffy-kuschelkissen-schmusekissen-babykissen-aus-coral-fleece\/"]}]},{"@type":"ImageObject","inLanguage":"de","@id":"https:\/\/storyzoo.shop\/de\/produkt\/miffy-kuschelkissen-schmusekissen-babykissen-aus-coral-fleece\/#primaryimage","url":"https:\/\/storyzoo.shop\/wp-content\/uploads\/2025\/12\/miffy-Kuschelkissen-Schmusekissen-Babykissen-aus-Coral-Fleece.jpg","contentUrl":"https:\/\/storyzoo.shop\/wp-content\/uploads\/2025\/12\/miffy-Kuschelkissen-Schmusekissen-Babykissen-aus-Coral-Fleece.jpg","width":1500,"height":1500,"caption":"miffy Kuschelkissen, Schmusekissen, Babykissen aus Coral-Fleece"},{"@type":"BreadcrumbList","@id":"https:\/\/storyzoo.shop\/de\/produkt\/miffy-kuschelkissen-schmusekissen-babykissen-aus-coral-fleece\/#breadcrumb","itemListElement":[{"@type":"ListItem","position":1,"name":"Home","item":"https:\/\/storyzoo.shop\/de\/"},{"@type":"ListItem","position":2,"name":"Shop","item":"https:\/\/storyzoo.shop\/"},{"@type":"ListItem","position":3,"name":"Miffy Kuschelkissen, Schmusekissen, Babykissen aus Coral-Fleece"}]},{"@type":"WebSite","@id":"https:\/\/storyzoo.shop\/#website","url":"https:\/\/storyzoo.shop\/","name":"StoryZoo shop","description":"","publisher":{"@id":"https:\/\/storyzoo.shop\/#organization"},"potentialAction":[{"@type":"SearchAction","target":{"@type":"EntryPoint","urlTemplate":"https:\/\/storyzoo.shop\/?s={search_term_string}"},"query-input":{"@type":"PropertyValueSpecification","valueRequired":true,"valueName":"search_term_string"}}],"inLanguage":"de"},{"@type":"Organization","@id":"https:\/\/storyzoo.shop\/#organization","name":"StoryZoo shop","url":"https:\/\/storyzoo.shop\/","logo":{"@type":"ImageObject","inLanguage":"de","@id":"https:\/\/storyzoo.shop\/#\/schema\/logo\/image\/","url":"https:\/\/storyzoo.shop\/wp-content\/uploads\/2021\/11\/StoryZooShop.png","contentUrl":"https:\/\/storyzoo.shop\/wp-content\/uploads\/2021\/11\/StoryZooShop.png","width":600,"height":222,"caption":"StoryZoo shop"},"image":{"@id":"https:\/\/storyzoo.shop\/#\/schema\/logo\/image\/"},"sameAs":["https:\/\/www.facebook.com\/StoryZooTV","https:\/\/x.com\/StoryZooTV","https:\/\/www.instagram.com\/storyzoo_tv\/","https:\/\/www.youtube.com\/c\/storyzoo","https:\/\/open.spotify.com\/artist\/4APIhPMlryahikR2nDj3bB"]}]}},"jetpack_sharing_enabled":true,"_links":{"self":[{"href":"https:\/\/storyzoo.shop\/de\/wp-json\/wp\/v2\/product\/1831","targetHints":{"allow":["GET"]}}],"collection":[{"href":"https:\/\/storyzoo.shop\/de\/wp-json\/wp\/v2\/product"}],"about":[{"href":"https:\/\/storyzoo.shop\/de\/wp-json\/wp\/v2\/types\/product"}],"replies":[{"embeddable":true,"href":"https:\/\/storyzoo.shop\/de\/wp-json\/wp\/v2\/comments?post=1831"}],"wp:featuredmedia":[{"embeddable":true,"href":"https:\/\/storyzoo.shop\/de\/wp-json\/wp\/v2\/media\/1832"}],"wp:attachment":[{"href":"https:\/\/storyzoo.shop\/de\/wp-json\/wp\/v2\/media?parent=1831"}],"wp:term":[{"taxonomy":"product_brand","embeddable":true,"href":"https:\/\/storyzoo.shop\/de\/wp-json\/wp\/v2\/product_brand?post=1831"},{"taxonomy":"product_cat","embeddable":true,"href":"https:\/\/storyzoo.shop\/de\/wp-json\/wp\/v2\/product_cat?post=1831"},{"taxonomy":"product_tag","embeddable":true,"href":"https:\/\/storyzoo.shop\/de\/wp-json\/wp\/v2\/product_tag?post=1831"}],"curies":[{"name":"wp","href":"https:\/\/api.w.org\/{rel}","templated":true}]}}