{"id":1826,"date":"2025-12-09T15:59:03","date_gmt":"2025-12-09T14:59:03","guid":{"rendered":"https:\/\/storyzoo.shop\/?post_type=product&#038;p=1826"},"modified":"2025-12-22T11:17:08","modified_gmt":"2025-12-22T10:17:08","slug":"mr-maria-miffy-xl-lamp","status":"publish","type":"product","link":"https:\/\/storyzoo.shop\/de\/produkt\/mr-maria-miffy-xl-lamp\/","title":{"rendered":"Mr Maria Miffy XL Lamp"},"content":{"rendered":"<p>Riesige Bodenleuchte Hase aus Polyethylen (recyclebar)<\/p>\n<p>Diese Designlampe eignet sich sowohl f\u00fcr Kinderzimmer als auch f\u00fcr moderne Innenr\u00e4ume von Erwachsenen.<\/p>\n<p>Sie leuchtet ohne zu erhitzen dank der LED-Beleuchtung.<\/p>\n<p>Zur Verwendung als Stehlampe oder Tischlampe.<\/p>\n<p>Der Touchdimmer (Netzbetrieb) erm\u00f6glicht es Ihnen, mit diesen 6 verschiedenen Atmosph\u00e4ren die gew\u00fcnschte Intensit\u00e4t zu erzielen.<\/p>\n","protected":false},"excerpt":{"rendered":"<p>Riesige Bodenleuchte Hase aus Polyethylen (recyclebar) Diese Designlampe eignet sich sowohl f\u00fcr Kinderzimmer als auch f\u00fcr moderne Innenr\u00e4ume von Erwachsenen. Sie leuchtet ohne zu erhitzen dank der LED-Beleuchtung. Zur Verwendung als Stehlampe oder Tischlampe. Der Touchdimmer (Netzbetrieb) erm\u00f6glicht es Ihnen, mit diesen 6 verschiedenen Atmosph\u00e4ren die gew\u00fcnschte Intensit\u00e4t zu erzielen.<\/p>\n","protected":false},"featured_media":1827,"comment_status":"open","ping_status":"closed","template":"","meta":{"_acf_changed":false},"product_brand":[90],"product_cat":[59],"product_tag":[],"class_list":{"0":"post-1826","1":"product","2":"type-product","3":"status-publish","4":"has-post-thumbnail","6":"product_brand-miffy","7":"product_cat-merchandise-de","9":"first","10":"instock","11":"taxable","12":"shipping-taxable","13":"product-type-external"},"acf":[],"yoast_head":"<!-- This site is optimized with the Yoast SEO plugin v27.4 - https:\/\/yoast.com\/product\/yoast-seo-wordpress\/ -->\n<title>Mr Maria Miffy XL Lampe \u2013 Ikonische Kinderzimmerlampe<\/title>\n<meta name=\"description\" content=\"Entdecke die Mr Maria Miffy XL Lampe. Eine ikonische, stimmungsvolle Lampe f\u00fcrs Kinderzimmer \u2013 sicher, hochwertig und perfekt als Nachtlicht oder Designobjekt.\" \/>\n<meta name=\"robots\" content=\"index, follow, max-snippet:-1, max-image-preview:large, max-video-preview:-1\" \/>\n<link rel=\"canonical\" href=\"https:\/\/storyzoo.shop\/de\/produkt\/mr-maria-miffy-xl-lamp\/\" \/>\n<meta property=\"og:locale\" content=\"de_DE\" \/>\n<meta property=\"og:type\" content=\"article\" \/>\n<meta property=\"og:title\" content=\"Mr Maria Miffy XL Lampe \u2013 Ikonische Kinderzimmerlampe\" \/>\n<meta property=\"og:description\" content=\"Entdecke die Mr Maria Miffy XL Lampe. Eine ikonische, stimmungsvolle Lampe f\u00fcrs Kinderzimmer \u2013 sicher, hochwertig und perfekt als Nachtlicht oder Designobjekt.\" \/>\n<meta property=\"og:url\" content=\"https:\/\/storyzoo.shop\/de\/produkt\/mr-maria-miffy-xl-lamp\/\" \/>\n<meta property=\"og:site_name\" content=\"StoryZoo shop\" \/>\n<meta property=\"article:publisher\" content=\"https:\/\/www.facebook.com\/StoryZooTV\" \/>\n<meta property=\"article:modified_time\" content=\"2025-12-22T10:17:08+00:00\" \/>\n<meta property=\"og:image\" content=\"https:\/\/storyzoo.shop\/wp-content\/uploads\/2025\/12\/Mr-Maria-Miffy-XL-Lamp.jpg\" \/>\n\t<meta property=\"og:image:width\" content=\"707\" \/>\n\t<meta property=\"og:image:height\" content=\"1500\" \/>\n\t<meta property=\"og:image:type\" content=\"image\/jpeg\" \/>\n<meta name=\"twitter:card\" content=\"summary_large_image\" \/>\n<meta name=\"twitter:site\" content=\"@StoryZooTV\" \/>\n<meta name=\"twitter:label1\" content=\"Gesch\u00e4tzte Lesezeit\" \/>\n\t<meta name=\"twitter:data1\" content=\"1\u00a0Minute\" \/>\n<script type=\"application\/ld+json\" class=\"yoast-schema-graph\">{\"@context\":\"https:\\\/\\\/schema.org\",\"@graph\":[{\"@type\":\"WebPage\",\"@id\":\"https:\\\/\\\/storyzoo.shop\\\/de\\\/produkt\\\/mr-maria-miffy-xl-lamp\\\/\",\"url\":\"https:\\\/\\\/storyzoo.shop\\\/de\\\/produkt\\\/mr-maria-miffy-xl-lamp\\\/\",\"name\":\"Mr Maria Miffy XL Lampe \u2013 Ikonische Kinderzimmerlampe\",\"isPartOf\":{\"@id\":\"https:\\\/\\\/storyzoo.shop\\\/#website\"},\"primaryImageOfPage\":{\"@id\":\"https:\\\/\\\/storyzoo.shop\\\/de\\\/produkt\\\/mr-maria-miffy-xl-lamp\\\/#primaryimage\"},\"image\":{\"@id\":\"https:\\\/\\\/storyzoo.shop\\\/de\\\/produkt\\\/mr-maria-miffy-xl-lamp\\\/#primaryimage\"},\"thumbnailUrl\":\"https:\\\/\\\/storyzoo.shop\\\/wp-content\\\/uploads\\\/2025\\\/12\\\/Mr-Maria-Miffy-XL-Lamp.jpg\",\"datePublished\":\"2025-12-09T14:59:03+00:00\",\"dateModified\":\"2025-12-22T10:17:08+00:00\",\"description\":\"Entdecke die Mr Maria Miffy XL Lampe. Eine ikonische, stimmungsvolle Lampe f\u00fcrs Kinderzimmer \u2013 sicher, hochwertig und perfekt als Nachtlicht oder Designobjekt.\",\"breadcrumb\":{\"@id\":\"https:\\\/\\\/storyzoo.shop\\\/de\\\/produkt\\\/mr-maria-miffy-xl-lamp\\\/#breadcrumb\"},\"inLanguage\":\"de\",\"potentialAction\":[{\"@type\":\"ReadAction\",\"target\":[\"https:\\\/\\\/storyzoo.shop\\\/de\\\/produkt\\\/mr-maria-miffy-xl-lamp\\\/\"]}]},{\"@type\":\"ImageObject\",\"inLanguage\":\"de\",\"@id\":\"https:\\\/\\\/storyzoo.shop\\\/de\\\/produkt\\\/mr-maria-miffy-xl-lamp\\\/#primaryimage\",\"url\":\"https:\\\/\\\/storyzoo.shop\\\/wp-content\\\/uploads\\\/2025\\\/12\\\/Mr-Maria-Miffy-XL-Lamp.jpg\",\"contentUrl\":\"https:\\\/\\\/storyzoo.shop\\\/wp-content\\\/uploads\\\/2025\\\/12\\\/Mr-Maria-Miffy-XL-Lamp.jpg\",\"width\":707,\"height\":1500,\"caption\":\"Mr Maria Miffy XL Lamp\"},{\"@type\":\"BreadcrumbList\",\"@id\":\"https:\\\/\\\/storyzoo.shop\\\/de\\\/produkt\\\/mr-maria-miffy-xl-lamp\\\/#breadcrumb\",\"itemListElement\":[{\"@type\":\"ListItem\",\"position\":1,\"name\":\"Home\",\"item\":\"https:\\\/\\\/storyzoo.shop\\\/de\\\/\"},{\"@type\":\"ListItem\",\"position\":2,\"name\":\"Shop\",\"item\":\"https:\\\/\\\/storyzoo.shop\\\/\"},{\"@type\":\"ListItem\",\"position\":3,\"name\":\"Mr Maria Miffy XL Lamp\"}]},{\"@type\":\"WebSite\",\"@id\":\"https:\\\/\\\/storyzoo.shop\\\/#website\",\"url\":\"https:\\\/\\\/storyzoo.shop\\\/\",\"name\":\"StoryZoo shop\",\"description\":\"\",\"publisher\":{\"@id\":\"https:\\\/\\\/storyzoo.shop\\\/#organization\"},\"potentialAction\":[{\"@type\":\"SearchAction\",\"target\":{\"@type\":\"EntryPoint\",\"urlTemplate\":\"https:\\\/\\\/storyzoo.shop\\\/?s={search_term_string}\"},\"query-input\":{\"@type\":\"PropertyValueSpecification\",\"valueRequired\":true,\"valueName\":\"search_term_string\"}}],\"inLanguage\":\"de\"},{\"@type\":\"Organization\",\"@id\":\"https:\\\/\\\/storyzoo.shop\\\/#organization\",\"name\":\"StoryZoo shop\",\"url\":\"https:\\\/\\\/storyzoo.shop\\\/\",\"logo\":{\"@type\":\"ImageObject\",\"inLanguage\":\"de\",\"@id\":\"https:\\\/\\\/storyzoo.shop\\\/#\\\/schema\\\/logo\\\/image\\\/\",\"url\":\"https:\\\/\\\/storyzoo.shop\\\/wp-content\\\/uploads\\\/2021\\\/11\\\/StoryZooShop.png\",\"contentUrl\":\"https:\\\/\\\/storyzoo.shop\\\/wp-content\\\/uploads\\\/2021\\\/11\\\/StoryZooShop.png\",\"width\":600,\"height\":222,\"caption\":\"StoryZoo shop\"},\"image\":{\"@id\":\"https:\\\/\\\/storyzoo.shop\\\/#\\\/schema\\\/logo\\\/image\\\/\"},\"sameAs\":[\"https:\\\/\\\/www.facebook.com\\\/StoryZooTV\",\"https:\\\/\\\/x.com\\\/StoryZooTV\",\"https:\\\/\\\/www.instagram.com\\\/storyzoo_tv\\\/\",\"https:\\\/\\\/www.youtube.com\\\/c\\\/storyzoo\",\"https:\\\/\\\/open.spotify.com\\\/artist\\\/4APIhPMlryahikR2nDj3bB\"]}]}<\/script>\n<!-- \/ Yoast SEO plugin. -->","yoast_head_json":{"title":"Mr Maria Miffy XL Lampe \u2013 Ikonische Kinderzimmerlampe","description":"Entdecke die Mr Maria Miffy XL Lampe. Eine ikonische, stimmungsvolle Lampe f\u00fcrs Kinderzimmer \u2013 sicher, hochwertig und perfekt als Nachtlicht oder Designobjekt.","robots":{"index":"index","follow":"follow","max-snippet":"max-snippet:-1","max-image-preview":"max-image-preview:large","max-video-preview":"max-video-preview:-1"},"canonical":"https:\/\/storyzoo.shop\/de\/produkt\/mr-maria-miffy-xl-lamp\/","og_locale":"de_DE","og_type":"article","og_title":"Mr Maria Miffy XL Lampe \u2013 Ikonische Kinderzimmerlampe","og_description":"Entdecke die Mr Maria Miffy XL Lampe. Eine ikonische, stimmungsvolle Lampe f\u00fcrs Kinderzimmer \u2013 sicher, hochwertig und perfekt als Nachtlicht oder Designobjekt.","og_url":"https:\/\/storyzoo.shop\/de\/produkt\/mr-maria-miffy-xl-lamp\/","og_site_name":"StoryZoo shop","article_publisher":"https:\/\/www.facebook.com\/StoryZooTV","article_modified_time":"2025-12-22T10:17:08+00:00","og_image":[{"width":707,"height":1500,"url":"https:\/\/storyzoo.shop\/wp-content\/uploads\/2025\/12\/Mr-Maria-Miffy-XL-Lamp.jpg","type":"image\/jpeg"}],"twitter_card":"summary_large_image","twitter_site":"@StoryZooTV","twitter_misc":{"Gesch\u00e4tzte Lesezeit":"1\u00a0Minute"},"schema":{"@context":"https:\/\/schema.org","@graph":[{"@type":"WebPage","@id":"https:\/\/storyzoo.shop\/de\/produkt\/mr-maria-miffy-xl-lamp\/","url":"https:\/\/storyzoo.shop\/de\/produkt\/mr-maria-miffy-xl-lamp\/","name":"Mr Maria Miffy XL Lampe \u2013 Ikonische Kinderzimmerlampe","isPartOf":{"@id":"https:\/\/storyzoo.shop\/#website"},"primaryImageOfPage":{"@id":"https:\/\/storyzoo.shop\/de\/produkt\/mr-maria-miffy-xl-lamp\/#primaryimage"},"image":{"@id":"https:\/\/storyzoo.shop\/de\/produkt\/mr-maria-miffy-xl-lamp\/#primaryimage"},"thumbnailUrl":"https:\/\/storyzoo.shop\/wp-content\/uploads\/2025\/12\/Mr-Maria-Miffy-XL-Lamp.jpg","datePublished":"2025-12-09T14:59:03+00:00","dateModified":"2025-12-22T10:17:08+00:00","description":"Entdecke die Mr Maria Miffy XL Lampe. Eine ikonische, stimmungsvolle Lampe f\u00fcrs Kinderzimmer \u2013 sicher, hochwertig und perfekt als Nachtlicht oder Designobjekt.","breadcrumb":{"@id":"https:\/\/storyzoo.shop\/de\/produkt\/mr-maria-miffy-xl-lamp\/#breadcrumb"},"inLanguage":"de","potentialAction":[{"@type":"ReadAction","target":["https:\/\/storyzoo.shop\/de\/produkt\/mr-maria-miffy-xl-lamp\/"]}]},{"@type":"ImageObject","inLanguage":"de","@id":"https:\/\/storyzoo.shop\/de\/produkt\/mr-maria-miffy-xl-lamp\/#primaryimage","url":"https:\/\/storyzoo.shop\/wp-content\/uploads\/2025\/12\/Mr-Maria-Miffy-XL-Lamp.jpg","contentUrl":"https:\/\/storyzoo.shop\/wp-content\/uploads\/2025\/12\/Mr-Maria-Miffy-XL-Lamp.jpg","width":707,"height":1500,"caption":"Mr Maria Miffy XL Lamp"},{"@type":"BreadcrumbList","@id":"https:\/\/storyzoo.shop\/de\/produkt\/mr-maria-miffy-xl-lamp\/#breadcrumb","itemListElement":[{"@type":"ListItem","position":1,"name":"Home","item":"https:\/\/storyzoo.shop\/de\/"},{"@type":"ListItem","position":2,"name":"Shop","item":"https:\/\/storyzoo.shop\/"},{"@type":"ListItem","position":3,"name":"Mr Maria Miffy XL Lamp"}]},{"@type":"WebSite","@id":"https:\/\/storyzoo.shop\/#website","url":"https:\/\/storyzoo.shop\/","name":"StoryZoo shop","description":"","publisher":{"@id":"https:\/\/storyzoo.shop\/#organization"},"potentialAction":[{"@type":"SearchAction","target":{"@type":"EntryPoint","urlTemplate":"https:\/\/storyzoo.shop\/?s={search_term_string}"},"query-input":{"@type":"PropertyValueSpecification","valueRequired":true,"valueName":"search_term_string"}}],"inLanguage":"de"},{"@type":"Organization","@id":"https:\/\/storyzoo.shop\/#organization","name":"StoryZoo shop","url":"https:\/\/storyzoo.shop\/","logo":{"@type":"ImageObject","inLanguage":"de","@id":"https:\/\/storyzoo.shop\/#\/schema\/logo\/image\/","url":"https:\/\/storyzoo.shop\/wp-content\/uploads\/2021\/11\/StoryZooShop.png","contentUrl":"https:\/\/storyzoo.shop\/wp-content\/uploads\/2021\/11\/StoryZooShop.png","width":600,"height":222,"caption":"StoryZoo shop"},"image":{"@id":"https:\/\/storyzoo.shop\/#\/schema\/logo\/image\/"},"sameAs":["https:\/\/www.facebook.com\/StoryZooTV","https:\/\/x.com\/StoryZooTV","https:\/\/www.instagram.com\/storyzoo_tv\/","https:\/\/www.youtube.com\/c\/storyzoo","https:\/\/open.spotify.com\/artist\/4APIhPMlryahikR2nDj3bB"]}]}},"jetpack_sharing_enabled":true,"_links":{"self":[{"href":"https:\/\/storyzoo.shop\/de\/wp-json\/wp\/v2\/product\/1826","targetHints":{"allow":["GET"]}}],"collection":[{"href":"https:\/\/storyzoo.shop\/de\/wp-json\/wp\/v2\/product"}],"about":[{"href":"https:\/\/storyzoo.shop\/de\/wp-json\/wp\/v2\/types\/product"}],"replies":[{"embeddable":true,"href":"https:\/\/storyzoo.shop\/de\/wp-json\/wp\/v2\/comments?post=1826"}],"wp:featuredmedia":[{"embeddable":true,"href":"https:\/\/storyzoo.shop\/de\/wp-json\/wp\/v2\/media\/1827"}],"wp:attachment":[{"href":"https:\/\/storyzoo.shop\/de\/wp-json\/wp\/v2\/media?parent=1826"}],"wp:term":[{"taxonomy":"product_brand","embeddable":true,"href":"https:\/\/storyzoo.shop\/de\/wp-json\/wp\/v2\/product_brand?post=1826"},{"taxonomy":"product_cat","embeddable":true,"href":"https:\/\/storyzoo.shop\/de\/wp-json\/wp\/v2\/product_cat?post=1826"},{"taxonomy":"product_tag","embeddable":true,"href":"https:\/\/storyzoo.shop\/de\/wp-json\/wp\/v2\/product_tag?post=1826"}],"curies":[{"name":"wp","href":"https:\/\/api.w.org\/{rel}","templated":true}]}}