{"id":318,"date":"2021-11-29T13:51:17","date_gmt":"2021-11-29T13:51:17","guid":{"rendered":"https:\/\/storyzoo.shop\/ueber-storyzoo\/"},"modified":"2021-11-29T13:51:19","modified_gmt":"2021-11-29T13:51:19","slug":"ueber-storyzoo","status":"publish","type":"page","link":"https:\/\/storyzoo.shop\/de\/ueber-storyzoo\/","title":{"rendered":"\u00dcber StoryZoo"},"content":{"rendered":"<p>In der brandneuen Animationsserie StoryZoo, die seit Herbst 2016 t\u00e4glich bei RTL Telekids im Fernsehen zu sehen ist, lernen Kleinkinder spielerisch Englisch. Die Reihe wurde in Zusammenarbeit mit renommierten Sprachinstituten entwickelt und hat eine p\u00e4dagogische Basis. StoryZoo bietet Kindern zwischen 2 und 6 Jahren eine gro\u00dfe Abenteuerparty: Es ist eine Wohlf\u00fchl-Animation mit p\u00e4dagogischem Fundament.<\/p>\n<p>* Spielerisches Englischlernen f\u00fcr Kleinkinder<br \/>\n* T\u00e4gliche Ausstrahlung bei RTL Telekids<br \/>\n* Entwickelt von Autoren der Sesamstra\u00dfe und Pim &amp; Pom<\/p>\n<p>Die B\u00fccher sind ein Fest des Wiedererkennens f\u00fcr Kleinkinder, die die Serie im Fernsehen verfolgen, sie sind aber auch einzeln sehr gut zu lesen. Jeder Teil konzentriert sich auf ein Thema und enth\u00e4lt fr\u00f6hliche Lesegeschichten und kleine Aufgaben. Beim Lesen und Spielen lernen Kleinkinder ihre ersten englischen W\u00f6rter.<\/p>\n<p><iframe loading=\"lazy\" title=\"Welcome to StoryZoo \ud83e\udd73 Join the adventures of Toby, Bax &amp; Pepper!\" width=\"980\" height=\"551\" src=\"https:\/\/www.youtube.com\/embed\/JMR4KZmaL-0?feature=oembed\" frameborder=\"0\" allow=\"accelerometer; autoplay; clipboard-write; encrypted-media; gyroscope; picture-in-picture\" allowfullscreen><\/iframe><\/p>\n","protected":false},"excerpt":{"rendered":"<p>In der brandneuen Animationsserie StoryZoo, die seit Herbst 2016 t\u00e4glich bei RTL Telekids im Fernsehen zu sehen ist, lernen Kleinkinder spielerisch Englisch. Die Reihe wurde in Zusammenarbeit mit renommierten Sprachinstituten entwickelt und hat eine p\u00e4dagogische Basis. StoryZoo bietet Kindern zwischen 2 und 6 Jahren eine gro\u00dfe Abenteuerparty: Es ist eine Wohlf\u00fchl-Animation mit p\u00e4dagogischem Fundament. * [&hellip;]<\/p>\n","protected":false},"author":1,"featured_media":0,"parent":0,"menu_order":0,"comment_status":"closed","ping_status":"closed","template":"","meta":{"_acf_changed":false,"footnotes":""},"class_list":["post-318","page","type-page","status-publish","hentry"],"acf":[],"yoast_head":"<!-- This site is optimized with the Yoast SEO plugin v27.4 - https:\/\/yoast.com\/product\/yoast-seo-wordpress\/ -->\n<title>\u00dcber StoryZoo \u2013 Liebevolle Geschichten &amp; Produkte f\u00fcr Kinder<\/title>\n<meta name=\"description\" content=\"Lerne StoryZoo kennen: kreative Geschichten, Spielzeug &amp; Kinderb\u00fccher, die Fantasie f\u00f6rdern. Mit Liebe gemacht f\u00fcr Kinder &amp; Eltern.\" \/>\n<meta name=\"robots\" content=\"index, follow, max-snippet:-1, max-image-preview:large, max-video-preview:-1\" \/>\n<link rel=\"canonical\" href=\"https:\/\/storyzoo.shop\/over-storyzoo\/\" \/>\n<meta property=\"og:locale\" content=\"de_DE\" \/>\n<meta property=\"og:type\" content=\"article\" \/>\n<meta property=\"og:title\" content=\"\u00dcber StoryZoo \u2013 Liebevolle Geschichten &amp; Produkte f\u00fcr Kinder\" \/>\n<meta property=\"og:description\" content=\"Lerne StoryZoo kennen: kreative Geschichten, Spielzeug &amp; Kinderb\u00fccher, die Fantasie f\u00f6rdern. Mit Liebe gemacht f\u00fcr Kinder &amp; Eltern.\" \/>\n<meta property=\"og:url\" content=\"https:\/\/storyzoo.shop\/over-storyzoo\/\" \/>\n<meta property=\"og:site_name\" content=\"StoryZoo shop\" \/>\n<meta property=\"article:publisher\" content=\"https:\/\/www.facebook.com\/StoryZooTV\" \/>\n<meta property=\"article:modified_time\" content=\"2021-11-29T13:51:19+00:00\" \/>\n<meta name=\"twitter:card\" content=\"summary_large_image\" \/>\n<meta name=\"twitter:site\" content=\"@StoryZooTV\" \/>\n<meta name=\"twitter:label1\" content=\"Gesch\u00e4tzte Lesezeit\" \/>\n\t<meta name=\"twitter:data1\" content=\"1\u00a0Minute\" \/>\n<script type=\"application\/ld+json\" class=\"yoast-schema-graph\">{\"@context\":\"https:\\\/\\\/schema.org\",\"@graph\":[{\"@type\":\"WebPage\",\"@id\":\"https:\\\/\\\/storyzoo.shop\\\/over-storyzoo\\\/\",\"url\":\"https:\\\/\\\/storyzoo.shop\\\/over-storyzoo\\\/\",\"name\":\"\u00dcber StoryZoo \u2013 Liebevolle Geschichten & Produkte f\u00fcr Kinder\",\"isPartOf\":{\"@id\":\"https:\\\/\\\/storyzoo.shop\\\/#website\"},\"datePublished\":\"2021-11-29T13:51:17+00:00\",\"dateModified\":\"2021-11-29T13:51:19+00:00\",\"description\":\"Lerne StoryZoo kennen: kreative Geschichten, Spielzeug & Kinderb\u00fccher, die Fantasie f\u00f6rdern. Mit Liebe gemacht f\u00fcr Kinder & Eltern.\",\"breadcrumb\":{\"@id\":\"https:\\\/\\\/storyzoo.shop\\\/over-storyzoo\\\/#breadcrumb\"},\"inLanguage\":\"de\",\"potentialAction\":[{\"@type\":\"ReadAction\",\"target\":[\"https:\\\/\\\/storyzoo.shop\\\/over-storyzoo\\\/\"]}]},{\"@type\":\"BreadcrumbList\",\"@id\":\"https:\\\/\\\/storyzoo.shop\\\/over-storyzoo\\\/#breadcrumb\",\"itemListElement\":[{\"@type\":\"ListItem\",\"position\":1,\"name\":\"Home\",\"item\":\"https:\\\/\\\/storyzoo.shop\\\/de\\\/\"},{\"@type\":\"ListItem\",\"position\":2,\"name\":\"\u00dcber StoryZoo\"}]},{\"@type\":\"WebSite\",\"@id\":\"https:\\\/\\\/storyzoo.shop\\\/#website\",\"url\":\"https:\\\/\\\/storyzoo.shop\\\/\",\"name\":\"StoryZoo shop\",\"description\":\"\",\"publisher\":{\"@id\":\"https:\\\/\\\/storyzoo.shop\\\/#organization\"},\"potentialAction\":[{\"@type\":\"SearchAction\",\"target\":{\"@type\":\"EntryPoint\",\"urlTemplate\":\"https:\\\/\\\/storyzoo.shop\\\/?s={search_term_string}\"},\"query-input\":{\"@type\":\"PropertyValueSpecification\",\"valueRequired\":true,\"valueName\":\"search_term_string\"}}],\"inLanguage\":\"de\"},{\"@type\":\"Organization\",\"@id\":\"https:\\\/\\\/storyzoo.shop\\\/#organization\",\"name\":\"StoryZoo shop\",\"url\":\"https:\\\/\\\/storyzoo.shop\\\/\",\"logo\":{\"@type\":\"ImageObject\",\"inLanguage\":\"de\",\"@id\":\"https:\\\/\\\/storyzoo.shop\\\/#\\\/schema\\\/logo\\\/image\\\/\",\"url\":\"https:\\\/\\\/storyzoo.shop\\\/wp-content\\\/uploads\\\/2021\\\/11\\\/StoryZooShop.png\",\"contentUrl\":\"https:\\\/\\\/storyzoo.shop\\\/wp-content\\\/uploads\\\/2021\\\/11\\\/StoryZooShop.png\",\"width\":600,\"height\":222,\"caption\":\"StoryZoo shop\"},\"image\":{\"@id\":\"https:\\\/\\\/storyzoo.shop\\\/#\\\/schema\\\/logo\\\/image\\\/\"},\"sameAs\":[\"https:\\\/\\\/www.facebook.com\\\/StoryZooTV\",\"https:\\\/\\\/x.com\\\/StoryZooTV\",\"https:\\\/\\\/www.instagram.com\\\/storyzoo_tv\\\/\",\"https:\\\/\\\/www.youtube.com\\\/c\\\/storyzoo\",\"https:\\\/\\\/open.spotify.com\\\/artist\\\/4APIhPMlryahikR2nDj3bB\"]}]}<\/script>\n<!-- \/ Yoast SEO plugin. -->","yoast_head_json":{"title":"\u00dcber StoryZoo \u2013 Liebevolle Geschichten & Produkte f\u00fcr Kinder","description":"Lerne StoryZoo kennen: kreative Geschichten, Spielzeug & Kinderb\u00fccher, die Fantasie f\u00f6rdern. Mit Liebe gemacht f\u00fcr Kinder & Eltern.","robots":{"index":"index","follow":"follow","max-snippet":"max-snippet:-1","max-image-preview":"max-image-preview:large","max-video-preview":"max-video-preview:-1"},"canonical":"https:\/\/storyzoo.shop\/over-storyzoo\/","og_locale":"de_DE","og_type":"article","og_title":"\u00dcber StoryZoo \u2013 Liebevolle Geschichten & Produkte f\u00fcr Kinder","og_description":"Lerne StoryZoo kennen: kreative Geschichten, Spielzeug & Kinderb\u00fccher, die Fantasie f\u00f6rdern. Mit Liebe gemacht f\u00fcr Kinder & Eltern.","og_url":"https:\/\/storyzoo.shop\/over-storyzoo\/","og_site_name":"StoryZoo shop","article_publisher":"https:\/\/www.facebook.com\/StoryZooTV","article_modified_time":"2021-11-29T13:51:19+00:00","twitter_card":"summary_large_image","twitter_site":"@StoryZooTV","twitter_misc":{"Gesch\u00e4tzte Lesezeit":"1\u00a0Minute"},"schema":{"@context":"https:\/\/schema.org","@graph":[{"@type":"WebPage","@id":"https:\/\/storyzoo.shop\/over-storyzoo\/","url":"https:\/\/storyzoo.shop\/over-storyzoo\/","name":"\u00dcber StoryZoo \u2013 Liebevolle Geschichten & Produkte f\u00fcr Kinder","isPartOf":{"@id":"https:\/\/storyzoo.shop\/#website"},"datePublished":"2021-11-29T13:51:17+00:00","dateModified":"2021-11-29T13:51:19+00:00","description":"Lerne StoryZoo kennen: kreative Geschichten, Spielzeug & Kinderb\u00fccher, die Fantasie f\u00f6rdern. Mit Liebe gemacht f\u00fcr Kinder & Eltern.","breadcrumb":{"@id":"https:\/\/storyzoo.shop\/over-storyzoo\/#breadcrumb"},"inLanguage":"de","potentialAction":[{"@type":"ReadAction","target":["https:\/\/storyzoo.shop\/over-storyzoo\/"]}]},{"@type":"BreadcrumbList","@id":"https:\/\/storyzoo.shop\/over-storyzoo\/#breadcrumb","itemListElement":[{"@type":"ListItem","position":1,"name":"Home","item":"https:\/\/storyzoo.shop\/de\/"},{"@type":"ListItem","position":2,"name":"\u00dcber StoryZoo"}]},{"@type":"WebSite","@id":"https:\/\/storyzoo.shop\/#website","url":"https:\/\/storyzoo.shop\/","name":"StoryZoo shop","description":"","publisher":{"@id":"https:\/\/storyzoo.shop\/#organization"},"potentialAction":[{"@type":"SearchAction","target":{"@type":"EntryPoint","urlTemplate":"https:\/\/storyzoo.shop\/?s={search_term_string}"},"query-input":{"@type":"PropertyValueSpecification","valueRequired":true,"valueName":"search_term_string"}}],"inLanguage":"de"},{"@type":"Organization","@id":"https:\/\/storyzoo.shop\/#organization","name":"StoryZoo shop","url":"https:\/\/storyzoo.shop\/","logo":{"@type":"ImageObject","inLanguage":"de","@id":"https:\/\/storyzoo.shop\/#\/schema\/logo\/image\/","url":"https:\/\/storyzoo.shop\/wp-content\/uploads\/2021\/11\/StoryZooShop.png","contentUrl":"https:\/\/storyzoo.shop\/wp-content\/uploads\/2021\/11\/StoryZooShop.png","width":600,"height":222,"caption":"StoryZoo shop"},"image":{"@id":"https:\/\/storyzoo.shop\/#\/schema\/logo\/image\/"},"sameAs":["https:\/\/www.facebook.com\/StoryZooTV","https:\/\/x.com\/StoryZooTV","https:\/\/www.instagram.com\/storyzoo_tv\/","https:\/\/www.youtube.com\/c\/storyzoo","https:\/\/open.spotify.com\/artist\/4APIhPMlryahikR2nDj3bB"]}]}},"jetpack_sharing_enabled":true,"_links":{"self":[{"href":"https:\/\/storyzoo.shop\/de\/wp-json\/wp\/v2\/pages\/318","targetHints":{"allow":["GET"]}}],"collection":[{"href":"https:\/\/storyzoo.shop\/de\/wp-json\/wp\/v2\/pages"}],"about":[{"href":"https:\/\/storyzoo.shop\/de\/wp-json\/wp\/v2\/types\/page"}],"author":[{"embeddable":true,"href":"https:\/\/storyzoo.shop\/de\/wp-json\/wp\/v2\/users\/1"}],"replies":[{"embeddable":true,"href":"https:\/\/storyzoo.shop\/de\/wp-json\/wp\/v2\/comments?post=318"}],"version-history":[{"count":0,"href":"https:\/\/storyzoo.shop\/de\/wp-json\/wp\/v2\/pages\/318\/revisions"}],"wp:attachment":[{"href":"https:\/\/storyzoo.shop\/de\/wp-json\/wp\/v2\/media?parent=318"}],"curies":[{"name":"wp","href":"https:\/\/api.w.org\/{rel}","templated":true}]}}