{"id":304,"date":"2021-11-29T13:51:04","date_gmt":"2021-11-29T13:51:04","guid":{"rendered":"https:\/\/storyzoo.shop\/zahlung-und-versand\/"},"modified":"2021-11-29T13:51:04","modified_gmt":"2021-11-29T13:51:04","slug":"zahlung-und-versand","status":"publish","type":"page","link":"https:\/\/storyzoo.shop\/de\/zahlung-und-versand\/","title":{"rendered":"Zahlung und Versand"},"content":{"rendered":"<p><strong>Kosten<\/strong><br \/>\nDie Kosten richten sich nach der gew\u00e4hlten Zahlungsart und dem Gesamtgewicht der Bestellung.<\/p>\n<p><strong>Lieferzeit<\/strong><br \/>\nDie voraussichtliche Lieferzeit betr\u00e4gt 3-5 Werktage.<\/p>\n<p><strong>Zahlung<\/strong><br \/>\nSie k\u00f6nnen den Betrag bequem online \u00fcber PayPal oder iDEAL bezahlen. Sie k\u00f6nnen das Geld auch per Bank\u00fcberweisung an NL44 ABNA 0403 8134 84 im Namen von StoryZoo BV und unter Angabe der Rechnungsnummer \u00fcberweisen.<\/p>\n<p>Sobald Ihre Zahlung eingegangen ist, wird Ihre Bestellung bearbeitet. Bei Auswahl der letzten Option &#8218;Geld \u00fcberweisen&#8216; dauert es einen Tag l\u00e4nger, bis die Bestellung versendet wird.<\/p>\n<p>Eine \u00c4nderung des Bestellstatus wird per E-Mail best\u00e4tigt.<\/p>\n<p>Hast du Fragen? Bitte kontaktieren Sie uns unter <a href=\"mailto:info@storyzoo.shop\">info@storyzoo.shop<\/a><\/p>\n<p>Dein,<br \/>\nStoryZoo<\/p>\n","protected":false},"excerpt":{"rendered":"<p>Kosten Die Kosten richten sich nach der gew\u00e4hlten Zahlungsart und dem Gesamtgewicht der Bestellung. Lieferzeit Die voraussichtliche Lieferzeit betr\u00e4gt 3-5 Werktage. Zahlung Sie k\u00f6nnen den Betrag bequem online \u00fcber PayPal oder iDEAL bezahlen. Sie k\u00f6nnen das Geld auch per Bank\u00fcberweisung an NL44 ABNA 0403 8134 84 im Namen von StoryZoo BV und unter Angabe der [&hellip;]<\/p>\n","protected":false},"author":1,"featured_media":0,"parent":0,"menu_order":0,"comment_status":"closed","ping_status":"closed","template":"","meta":{"_acf_changed":false,"footnotes":""},"class_list":["post-304","page","type-page","status-publish","hentry"],"acf":[],"yoast_head":"<!-- This site is optimized with the Yoast SEO plugin v27.4 - https:\/\/yoast.com\/product\/yoast-seo-wordpress\/ -->\n<title>Zahlung &amp; Versand \u2013 Sicher bestellen im StoryZoo Shop<\/title>\n<meta name=\"description\" content=\"Alle Infos zu Zahlung und Versand im StoryZoo Shop: sichere Bezahlung, schnelle Lieferung &amp; klare Kosten f\u00fcr Eltern und Kinderprodukte.\" \/>\n<meta name=\"robots\" content=\"index, follow, max-snippet:-1, max-image-preview:large, max-video-preview:-1\" \/>\n<link rel=\"canonical\" href=\"https:\/\/storyzoo.shop\/betalen-en-verzending\/\" \/>\n<meta property=\"og:locale\" content=\"de_DE\" \/>\n<meta property=\"og:type\" content=\"article\" \/>\n<meta property=\"og:title\" content=\"Zahlung &amp; Versand \u2013 Sicher bestellen im StoryZoo Shop\" \/>\n<meta property=\"og:description\" content=\"Alle Infos zu Zahlung und Versand im StoryZoo Shop: sichere Bezahlung, schnelle Lieferung &amp; klare Kosten f\u00fcr Eltern und Kinderprodukte.\" \/>\n<meta property=\"og:url\" content=\"https:\/\/storyzoo.shop\/betalen-en-verzending\/\" \/>\n<meta property=\"og:site_name\" content=\"StoryZoo shop\" \/>\n<meta property=\"article:publisher\" content=\"https:\/\/www.facebook.com\/StoryZooTV\" \/>\n<meta name=\"twitter:card\" content=\"summary_large_image\" \/>\n<meta name=\"twitter:site\" content=\"@StoryZooTV\" \/>\n<meta name=\"twitter:label1\" content=\"Gesch\u00e4tzte Lesezeit\" \/>\n\t<meta name=\"twitter:data1\" content=\"1\u00a0Minute\" \/>\n<script type=\"application\/ld+json\" class=\"yoast-schema-graph\">{\"@context\":\"https:\\\/\\\/schema.org\",\"@graph\":[{\"@type\":\"WebPage\",\"@id\":\"https:\\\/\\\/storyzoo.shop\\\/betalen-en-verzending\\\/\",\"url\":\"https:\\\/\\\/storyzoo.shop\\\/betalen-en-verzending\\\/\",\"name\":\"Zahlung & Versand \u2013 Sicher bestellen im StoryZoo Shop\",\"isPartOf\":{\"@id\":\"https:\\\/\\\/storyzoo.shop\\\/#website\"},\"datePublished\":\"2021-11-29T13:51:04+00:00\",\"description\":\"Alle Infos zu Zahlung und Versand im StoryZoo Shop: sichere Bezahlung, schnelle Lieferung & klare Kosten f\u00fcr Eltern und Kinderprodukte.\",\"breadcrumb\":{\"@id\":\"https:\\\/\\\/storyzoo.shop\\\/betalen-en-verzending\\\/#breadcrumb\"},\"inLanguage\":\"de\",\"potentialAction\":[{\"@type\":\"ReadAction\",\"target\":[\"https:\\\/\\\/storyzoo.shop\\\/betalen-en-verzending\\\/\"]}]},{\"@type\":\"BreadcrumbList\",\"@id\":\"https:\\\/\\\/storyzoo.shop\\\/betalen-en-verzending\\\/#breadcrumb\",\"itemListElement\":[{\"@type\":\"ListItem\",\"position\":1,\"name\":\"Home\",\"item\":\"https:\\\/\\\/storyzoo.shop\\\/de\\\/\"},{\"@type\":\"ListItem\",\"position\":2,\"name\":\"Zahlung und Versand\"}]},{\"@type\":\"WebSite\",\"@id\":\"https:\\\/\\\/storyzoo.shop\\\/#website\",\"url\":\"https:\\\/\\\/storyzoo.shop\\\/\",\"name\":\"StoryZoo shop\",\"description\":\"\",\"publisher\":{\"@id\":\"https:\\\/\\\/storyzoo.shop\\\/#organization\"},\"potentialAction\":[{\"@type\":\"SearchAction\",\"target\":{\"@type\":\"EntryPoint\",\"urlTemplate\":\"https:\\\/\\\/storyzoo.shop\\\/?s={search_term_string}\"},\"query-input\":{\"@type\":\"PropertyValueSpecification\",\"valueRequired\":true,\"valueName\":\"search_term_string\"}}],\"inLanguage\":\"de\"},{\"@type\":\"Organization\",\"@id\":\"https:\\\/\\\/storyzoo.shop\\\/#organization\",\"name\":\"StoryZoo shop\",\"url\":\"https:\\\/\\\/storyzoo.shop\\\/\",\"logo\":{\"@type\":\"ImageObject\",\"inLanguage\":\"de\",\"@id\":\"https:\\\/\\\/storyzoo.shop\\\/#\\\/schema\\\/logo\\\/image\\\/\",\"url\":\"https:\\\/\\\/storyzoo.shop\\\/wp-content\\\/uploads\\\/2021\\\/11\\\/StoryZooShop.png\",\"contentUrl\":\"https:\\\/\\\/storyzoo.shop\\\/wp-content\\\/uploads\\\/2021\\\/11\\\/StoryZooShop.png\",\"width\":600,\"height\":222,\"caption\":\"StoryZoo shop\"},\"image\":{\"@id\":\"https:\\\/\\\/storyzoo.shop\\\/#\\\/schema\\\/logo\\\/image\\\/\"},\"sameAs\":[\"https:\\\/\\\/www.facebook.com\\\/StoryZooTV\",\"https:\\\/\\\/x.com\\\/StoryZooTV\",\"https:\\\/\\\/www.instagram.com\\\/storyzoo_tv\\\/\",\"https:\\\/\\\/www.youtube.com\\\/c\\\/storyzoo\",\"https:\\\/\\\/open.spotify.com\\\/artist\\\/4APIhPMlryahikR2nDj3bB\"]}]}<\/script>\n<!-- \/ Yoast SEO plugin. -->","yoast_head_json":{"title":"Zahlung & Versand \u2013 Sicher bestellen im StoryZoo Shop","description":"Alle Infos zu Zahlung und Versand im StoryZoo Shop: sichere Bezahlung, schnelle Lieferung & klare Kosten f\u00fcr Eltern und Kinderprodukte.","robots":{"index":"index","follow":"follow","max-snippet":"max-snippet:-1","max-image-preview":"max-image-preview:large","max-video-preview":"max-video-preview:-1"},"canonical":"https:\/\/storyzoo.shop\/betalen-en-verzending\/","og_locale":"de_DE","og_type":"article","og_title":"Zahlung & Versand \u2013 Sicher bestellen im StoryZoo Shop","og_description":"Alle Infos zu Zahlung und Versand im StoryZoo Shop: sichere Bezahlung, schnelle Lieferung & klare Kosten f\u00fcr Eltern und Kinderprodukte.","og_url":"https:\/\/storyzoo.shop\/betalen-en-verzending\/","og_site_name":"StoryZoo shop","article_publisher":"https:\/\/www.facebook.com\/StoryZooTV","twitter_card":"summary_large_image","twitter_site":"@StoryZooTV","twitter_misc":{"Gesch\u00e4tzte Lesezeit":"1\u00a0Minute"},"schema":{"@context":"https:\/\/schema.org","@graph":[{"@type":"WebPage","@id":"https:\/\/storyzoo.shop\/betalen-en-verzending\/","url":"https:\/\/storyzoo.shop\/betalen-en-verzending\/","name":"Zahlung & Versand \u2013 Sicher bestellen im StoryZoo Shop","isPartOf":{"@id":"https:\/\/storyzoo.shop\/#website"},"datePublished":"2021-11-29T13:51:04+00:00","description":"Alle Infos zu Zahlung und Versand im StoryZoo Shop: sichere Bezahlung, schnelle Lieferung & klare Kosten f\u00fcr Eltern und Kinderprodukte.","breadcrumb":{"@id":"https:\/\/storyzoo.shop\/betalen-en-verzending\/#breadcrumb"},"inLanguage":"de","potentialAction":[{"@type":"ReadAction","target":["https:\/\/storyzoo.shop\/betalen-en-verzending\/"]}]},{"@type":"BreadcrumbList","@id":"https:\/\/storyzoo.shop\/betalen-en-verzending\/#breadcrumb","itemListElement":[{"@type":"ListItem","position":1,"name":"Home","item":"https:\/\/storyzoo.shop\/de\/"},{"@type":"ListItem","position":2,"name":"Zahlung und Versand"}]},{"@type":"WebSite","@id":"https:\/\/storyzoo.shop\/#website","url":"https:\/\/storyzoo.shop\/","name":"StoryZoo shop","description":"","publisher":{"@id":"https:\/\/storyzoo.shop\/#organization"},"potentialAction":[{"@type":"SearchAction","target":{"@type":"EntryPoint","urlTemplate":"https:\/\/storyzoo.shop\/?s={search_term_string}"},"query-input":{"@type":"PropertyValueSpecification","valueRequired":true,"valueName":"search_term_string"}}],"inLanguage":"de"},{"@type":"Organization","@id":"https:\/\/storyzoo.shop\/#organization","name":"StoryZoo shop","url":"https:\/\/storyzoo.shop\/","logo":{"@type":"ImageObject","inLanguage":"de","@id":"https:\/\/storyzoo.shop\/#\/schema\/logo\/image\/","url":"https:\/\/storyzoo.shop\/wp-content\/uploads\/2021\/11\/StoryZooShop.png","contentUrl":"https:\/\/storyzoo.shop\/wp-content\/uploads\/2021\/11\/StoryZooShop.png","width":600,"height":222,"caption":"StoryZoo shop"},"image":{"@id":"https:\/\/storyzoo.shop\/#\/schema\/logo\/image\/"},"sameAs":["https:\/\/www.facebook.com\/StoryZooTV","https:\/\/x.com\/StoryZooTV","https:\/\/www.instagram.com\/storyzoo_tv\/","https:\/\/www.youtube.com\/c\/storyzoo","https:\/\/open.spotify.com\/artist\/4APIhPMlryahikR2nDj3bB"]}]}},"jetpack_sharing_enabled":true,"_links":{"self":[{"href":"https:\/\/storyzoo.shop\/de\/wp-json\/wp\/v2\/pages\/304","targetHints":{"allow":["GET"]}}],"collection":[{"href":"https:\/\/storyzoo.shop\/de\/wp-json\/wp\/v2\/pages"}],"about":[{"href":"https:\/\/storyzoo.shop\/de\/wp-json\/wp\/v2\/types\/page"}],"author":[{"embeddable":true,"href":"https:\/\/storyzoo.shop\/de\/wp-json\/wp\/v2\/users\/1"}],"replies":[{"embeddable":true,"href":"https:\/\/storyzoo.shop\/de\/wp-json\/wp\/v2\/comments?post=304"}],"version-history":[{"count":0,"href":"https:\/\/storyzoo.shop\/de\/wp-json\/wp\/v2\/pages\/304\/revisions"}],"wp:attachment":[{"href":"https:\/\/storyzoo.shop\/de\/wp-json\/wp\/v2\/media?parent=304"}],"curies":[{"name":"wp","href":"https:\/\/api.w.org\/{rel}","templated":true}]}}