{"id":301,"date":"2021-11-29T13:51:02","date_gmt":"2021-11-29T13:51:02","guid":{"rendered":"https:\/\/storyzoo.shop\/geschaeftsbedingungen\/"},"modified":"2021-11-29T13:51:03","modified_gmt":"2021-11-29T13:51:03","slug":"geschaeftsbedingungen","status":"publish","type":"page","link":"https:\/\/storyzoo.shop\/de\/geschaeftsbedingungen\/","title":{"rendered":"Gesch\u00e4ftsbedingungen"},"content":{"rendered":"&#13;\n<p><strong>Allgemeine Gesch\u00e4ftsbedingungen Webshop StoryZoo<\/strong><\/p>&#13;\n<p>Bevor Sie unseren <a title=\"Algemene Voorwaarden Webshop StoryZoo\" href=\"https:\/\/storyzoo.shop\/public\/assets\/Files\/Algemene%20Voorwaarden%20Webshop.pdf\">Allgemeinen Gesch\u00e4ftsbedingungen Webshop<\/a> zustimmen, bitten wir Sie, die Gesch\u00e4ftsbedingungen sorgf\u00e4ltig zu lesen und sich mit unserer Arbeitsweise vertraut zu machen. Dies kann unangenehme Situationen verhindern! Bei Fragen zu unseren Konditionen k\u00f6nnen Sie sich nat\u00fcrlich gerne an uns wenden.<\/p>&#13;\n<p><strong>Artikel 1 \u2013 StoryZoo-Webshop<\/strong><\/p>&#13;\n<p>1.1 Der Webshop ist bei der Handelskammer registriert und zahlt seinen gesetzlichen Beitrag an das Finanzamt. Unsere Handelskammernummer und Umsatzsteuer-Identifikationsnummer finden Sie auf unserer Website. Dort finden Sie auch unsere Kontaktdaten.<\/p>&#13;\n<p>1.2 Unser Webshop ist mit einem SLL-Zertifikat ausgestattet. Damit erf\u00fcllen wir alle gesetzlichen Anforderungen an die Sicherheit Ihrer Personen- und Zahlungsdaten. Wir sind bestrebt, die Sicherheit Ihrer Daten kontinuierlich zu verbessern. Bei Missbrauch durch Hacker melden wir dies der Polizei.<\/p>&#13;\n<p>1.3 Wir geben Ihre personenbezogenen Daten niemals an Dritte weiter. Sofern wir Ihre personenbezogenen Daten an Dritte weitergeben, werden wir Sie stets vorab um Erlaubnis bitten.<\/p>&#13;\n<p>1.4 Unser Webshop ist verpflichtet, Sie bez\u00fcglich Cookies vorab um Erlaubnis zu bitten. Weitere Informationen hierzu finden Sie in unserer Cookie-Richtlinie.<\/p>&#13;\n<p>1.5 Wir sind zur Anzeige bei der Polizei verpflichtet, wenn ein m\u00f6glicher Verdacht auf Missbrauch oder Betrug besteht.<\/p>&#13;\n<p>1.6 Wir bem\u00fchen uns, Ihnen jederzeit einen exzellenten Service zu bieten. Sollten Sie Zweifel beim Kauf eines Produktes haben, helfen Ihnen unsere Mitarbeiter gerne weiter.<\/p>&#13;\n<p>\u00a0<\/p>&#13;\n<p><strong>Artikel 2 &#8211; Bedenkzeit<\/strong><\/p>&#13;\n<p>2.1 Sie haben 14 Tage Zeit, Ihre Meinung nach dem Kauf eines bestimmten Produkts zu \u00e4ndern. Wenn Sie innerhalb dieser Frist mit dem Kauf nicht zufrieden sind, k\u00f6nnen Sie das Produkt an uns zur\u00fccksenden, ohne das Produkt selbst bezahlen zu m\u00fcssen. Sie zahlen lediglich die Versandkosten f\u00fcr die R\u00fccksendung des betreffenden Produkts. Wenn Sie bereits eine Zahlung geleistet haben, erhalten Sie eine Gutschriftsrechnung und der von Ihnen gezahlte Betrag wird auf Ihre Kontonummer zur\u00fcckerstattet.<\/p>&#13;\n<p>2.2 Produkte, die an uns zur\u00fcckgesendet werden, m\u00fcssen in der Originalverpackung sein.<\/p>&#13;\n<p>2.3 Es gibt eine Reihe von Produkten, die nicht an uns zur\u00fcckgesendet werden k\u00f6nnen. Produkte, die nicht innerhalb von 14 Tagen an uns zur\u00fcckgegeben werden k\u00f6nnen, sind Lebensmittel, Zeitschriften und Reisen, die Sie gebucht haben. Bei CDs und DVDs sollte das Siegel nicht gebrochen werden. Wenn das Siegel gebrochen ist, k\u00f6nnen wir den Kauf leider nicht erstatten oder stornieren.<\/p>&#13;\n<p>\u00a0<\/p>&#13;\n<p><strong>Artikel 3 &#8211; Die Vereinbarung<\/strong><\/p>&#13;\n<p>3.1 Der Vertrag zwischen dem Webshop und dem Kunden kommt zustande, wenn der Kunde erkl\u00e4rt hat, dass er den Allgemeinen Gesch\u00e4ftsbedingungen zugestimmt hat und er den Webshop erm\u00e4chtigt hat, das Geld von seinem Konto abzubuchen, wenn der Kunde eine Zahlung \u00fcber iDEAL oder Paypal vorgenommen hat , oder wenn dem Kunden nachtr\u00e4glich eine Rechnung zugestellt wurde. Nach Ablauf der Bedenkzeit von 14 Tagen und Eingang der Zahlung im Webshop wird der Kunde Eigent\u00fcmer des betreffenden Produkts.<\/p>&#13;\n<p>3.2 Der Vertragsschluss erfolgt elektronisch durch Ausf\u00fcllen der Pflichtfelder und Zustimmung zu den Allgemeinen Gesch\u00e4ftsbedingungen.<\/p>&#13;\n<p>3.3 Als Kunde sind Sie verpflichtet, Ihre Zahlungsverpflichtung gegen\u00fcber dem Webshop zu erf\u00fcllen. Wenn Sie nicht innerhalb der gesetzten Frist bezahlen, erhalten Sie von uns eine Mahnung. Wenn Sie nach 14 Tagen immer noch nicht bezahlt haben, werden Ihnen die Kosten in Rechnung gestellt. Sollten Sie die geschuldete Forderung auch nach mehrmaliger Mahnung immer noch nicht beglichen haben, \u00fcbergeben wir den Einzug an ein Inkassob\u00fcro.<\/p>&#13;\n<p>3.4 Nachdem Sie einen Kauf get\u00e4tigt haben, erhalten Sie von uns eine schriftliche Best\u00e4tigung Ihres Kaufs per E-Mail. Darin wird angegeben, welches Produkt Sie gekauft haben, was es kostet und wohin Sie sich mit Beschwerden und Kommentaren wenden k\u00f6nnen.<\/p>&#13;\n<p>3.5 Wir sind verpflichtet, das Produkt oder den Artikel innerhalb von 30 Tagen an Sie auszuliefern. Sollte der Artikel aufgrund unvorhergesehener Umst\u00e4nde innerhalb dieser Frist nicht lieferbar sein, werden wir Sie schriftlich informieren. Nach Ablauf dieser 30 Tage erhalten Sie den bereits bezahlten Kaufpreis zur\u00fcckerstattet. Dieser darf nie mehr als 50 Prozent der Gesamtkaufsumme betragen. Wenn Sie jedoch vorab angegeben haben, dass auch ein Ersatzartikel in Frage kommt, liefern wir Ihnen ein Ersatzprodukt oder einen Ersatzartikel, der Ihren Anforderungen so gut wie m\u00f6glich entspricht. Sie k\u00f6nnen nat\u00fcrlich vorab angeben, dass Sie dies nicht m\u00f6chten.<\/p>&#13;\n<p>3.6 Die Lieferung von Produkten ins Ausland kann l\u00e4nger dauern als eine Lieferung in die Niederlande. Die anfallenden Kosten f\u00fcr den Versand an eine Auslandsadresse sind f\u00fcr Sie beim Kauf des Produkts ersichtlich.<\/p>&#13;\n<p>\u00a0<\/p>&#13;\n<p><strong>Artikel 4 &#8211; Der Preis<\/strong><\/p>&#13;\n<p>4.1 Die in unserem Webshop angegebenen Preise enthalten immer die gesetzliche Mehrwertsteuer. Die anfallenden Kosten f\u00fcr den Versand des Produkts werden sichtbar, wenn Sie das Produkt in den Warenkorb legen.<\/p>&#13;\n<p>4.2 Wenn Sie uns zur automatischen Abbuchung Ihrer Kontonummer erm\u00e4chtigen, sind Sie verpflichtet, uns eine korrekte Kontonummer mitzuteilen. Missbrauch oder Betrug werden bestraft und den Beh\u00f6rden gemeldet, die davon Kenntnis haben m\u00fcssen. Au\u00dferdem wird Anzeige bei der Polizei erstattet.<\/p>&#13;\n<p>4.3 Der mit dem Produkt auf der Website angegebene Preis kann sich w\u00e4hrend Ihres Kaufs nicht \u00e4ndern. Sie zahlen den Betrag, der bei dem Produkt sichtbar ist und Ihnen auch best\u00e4tigt wird, wenn Sie dem Kauf elektronisch zustimmen. Darin ist der Kaufpreis nochmals angegeben.<\/p>&#13;\n<p>4.4 Wenn Sie ein Produkt w\u00e4hrend eines Zeitraums kaufen, in dem keine Aktion gilt, haben Sie danach keinen Anspruch auf einen Rabatt.<\/p>&#13;\n<p>\u00a0<\/p>&#13;\n<p><strong>Artikel 5 &#8211; Reklamationen und Gew\u00e4hrleistung<\/strong><\/p>&#13;\n<p>5.1 Beanstandungen der Lieferung sind uns zun\u00e4chst telefonisch mitzuteilen. Unsere Mitarbeiter sprechen gerne mit Ihnen. Wir werden uns dann bez\u00fcglich der Lieferung des Produkts mit dem zust\u00e4ndigen Zusteller in Verbindung setzen. Selbstverst\u00e4ndlich tun unsere Zusteller ihr M\u00f6glichstes, um das Produkt unbesch\u00e4digt zu Ihnen nach Hause zu liefern.<\/p>&#13;\n<p>5.2 Beanstandungen des Produkts selbst m\u00fcssen uns schriftlich mitgeteilt werden. Diese k\u00f6nnen von uns nicht pers\u00f6nlich beantwortet werden. Beschreiben Sie Ihre Beschwerde so konkret wie m\u00f6glich. Wir nehmen f\u00fcr Sie Kontakt mit dem Hersteller oder Gro\u00dfh\u00e4ndler auf und vermitteln f\u00fcr Sie als Vermittler. Wenn es in unseren M\u00f6glichkeiten liegt, l\u00f6sen wir das Problem selbst f\u00fcr Sie.<\/p>&#13;\n<p>5.3 Reklamationen werden von uns in der Regel innerhalb von 14 Tagen bearbeitet. Reklamationen werden immer schriftlich bearbeitet. Nachdem eine Reklamation beigelegt wurde, erhalten Sie anschlie\u00dfend von uns eine Umfrage zur Beilegung der Reklamation. Wir bitten Sie, diesen auszuf\u00fcllen und an uns zur\u00fcckzusenden. Wir m\u00f6chten Ihnen jederzeit einen exzellenten Service bieten.<\/p>&#13;\n<p>5.4 Jedes Produkt, das wir an Sie liefern, unterliegt einer Garantie. Wie lange diese Garantie dauert, h\u00e4ngt ganz vom Produkt ab. Die meisten Produkte haben eine einj\u00e4hrige Garantie. Ist dies anders, k\u00f6nnen Sie dies in der schriftlichen Best\u00e4tigung, die Sie von uns mit dem von Ihnen gekauften Produkt erhalten, und auf der Rechnung, die Sie per E-Mail erhalten, nachlesen. Auf Verbrauchsmaterialien und Verbrauchsmaterialien wie Werbegeschenke k\u00f6nnen wir nur eine eingeschr\u00e4nkte Garantie gew\u00e4hren. Wenn Sie einen Mangel oder Mangel an einem unserer Artikel entdecken, bitten wir Sie, uns innerhalb von 48 Stunden nach Lieferung zu benachrichtigen.<\/p>&#13;\n<p>5.5 Wenn das Produkt innerhalb der Garantiezeit kaputt geht, erstatten wir Ihnen den vollen Kaufpreis. Dies gilt jedoch nicht bei Vorsatz oder Vorsatz. Wir bitten Sie auch, sich mit Ihrer Versicherung in Verbindung zu setzen, wenn der Schaden nach Ablauf der Garantiezeit eintritt. Dies kann \u00fcber die Hausratversicherung geltend gemacht werden. In beiden F\u00e4llen kann ohne Kaufbeleg keine R\u00fcckerstattung erfolgen. Nach Ablauf der Gew\u00e4hrleistungsfrist verf\u00e4llt der Neuwert auch im Falle einer allf\u00e4lligen Schadenersatzzahlung. Die Zahlung erfolgt dann zum Zeitwert.<\/p>&#13;\n<p><br\/>Wenn Sie mit den AGB Webshop einverstanden sind, bitten wir Sie, das K\u00e4stchen anzukreuzen. Ohne Ankreuzen des K\u00e4stchens kommt kein Vertrag zustande. Wir hoffen aufrichtig, dass Sie Ihren Einkauf genie\u00dfen! Bei Fragen k\u00f6nnen Sie sich nat\u00fcrlich gerne an uns wenden.<\/p>&#13;\n","protected":false},"excerpt":{"rendered":"<p>&#13; Allgemeine Gesch\u00e4ftsbedingungen Webshop StoryZoo &#13; Bevor Sie unseren Allgemeinen Gesch\u00e4ftsbedingungen Webshop zustimmen, bitten wir Sie, die Gesch\u00e4ftsbedingungen sorgf\u00e4ltig zu lesen und sich mit unserer Arbeitsweise vertraut zu machen. Dies kann unangenehme Situationen verhindern! Bei Fragen zu unseren Konditionen k\u00f6nnen Sie sich nat\u00fcrlich gerne an uns wenden. &#13; Artikel 1 \u2013 StoryZoo-Webshop &#13; 1.1 Der [&hellip;]<\/p>\n","protected":false},"author":1,"featured_media":0,"parent":0,"menu_order":0,"comment_status":"closed","ping_status":"open","template":"","meta":{"_acf_changed":false,"footnotes":""},"class_list":["post-301","page","type-page","status-publish","hentry"],"acf":[],"yoast_head":"<!-- This site is optimized with the Yoast SEO plugin v27.4 - https:\/\/yoast.com\/product\/yoast-seo-wordpress\/ -->\n<title>Allgemeine Gesch\u00e4ftsbedingungen \u2013 StoryZoo Shop f\u00fcr Kinder<\/title>\n<meta name=\"description\" content=\"Entdecke die AGB des StoryZoo Shops \u2013 fair, verst\u00e4ndlich &amp; sicher f\u00fcr Eltern und Kinder. Alles \u00fcber Einkauf, Versand &amp; Service im Kinder-Spielzeug-Shop.\" \/>\n<meta name=\"robots\" content=\"index, follow, max-snippet:-1, max-image-preview:large, max-video-preview:-1\" \/>\n<link rel=\"canonical\" href=\"https:\/\/storyzoo.shop\/algemene-voorwaarden\/\" \/>\n<meta property=\"og:locale\" content=\"de_DE\" \/>\n<meta property=\"og:type\" content=\"article\" \/>\n<meta property=\"og:title\" content=\"Allgemeine Gesch\u00e4ftsbedingungen \u2013 StoryZoo Shop f\u00fcr Kinder\" \/>\n<meta property=\"og:description\" content=\"Entdecke die AGB des StoryZoo Shops \u2013 fair, verst\u00e4ndlich &amp; sicher f\u00fcr Eltern und Kinder. Alles \u00fcber Einkauf, Versand &amp; Service im Kinder-Spielzeug-Shop.\" \/>\n<meta property=\"og:url\" content=\"https:\/\/storyzoo.shop\/algemene-voorwaarden\/\" \/>\n<meta property=\"og:site_name\" content=\"StoryZoo shop\" \/>\n<meta property=\"article:publisher\" content=\"https:\/\/www.facebook.com\/StoryZooTV\" \/>\n<meta property=\"article:modified_time\" content=\"2021-11-29T13:51:03+00:00\" \/>\n<meta name=\"twitter:card\" content=\"summary_large_image\" \/>\n<meta name=\"twitter:site\" content=\"@StoryZooTV\" \/>\n<meta name=\"twitter:label1\" content=\"Gesch\u00e4tzte Lesezeit\" \/>\n\t<meta name=\"twitter:data1\" content=\"6\u00a0Minuten\" \/>\n<script type=\"application\/ld+json\" class=\"yoast-schema-graph\">{\"@context\":\"https:\\\/\\\/schema.org\",\"@graph\":[{\"@type\":\"WebPage\",\"@id\":\"https:\\\/\\\/storyzoo.shop\\\/algemene-voorwaarden\\\/\",\"url\":\"https:\\\/\\\/storyzoo.shop\\\/algemene-voorwaarden\\\/\",\"name\":\"Allgemeine Gesch\u00e4ftsbedingungen \u2013 StoryZoo Shop f\u00fcr Kinder\",\"isPartOf\":{\"@id\":\"https:\\\/\\\/storyzoo.shop\\\/#website\"},\"datePublished\":\"2021-11-29T13:51:02+00:00\",\"dateModified\":\"2021-11-29T13:51:03+00:00\",\"description\":\"Entdecke die AGB des StoryZoo Shops \u2013 fair, verst\u00e4ndlich & sicher f\u00fcr Eltern und Kinder. Alles \u00fcber Einkauf, Versand & Service im Kinder-Spielzeug-Shop.\",\"breadcrumb\":{\"@id\":\"https:\\\/\\\/storyzoo.shop\\\/algemene-voorwaarden\\\/#breadcrumb\"},\"inLanguage\":\"de\",\"potentialAction\":[{\"@type\":\"ReadAction\",\"target\":[\"https:\\\/\\\/storyzoo.shop\\\/algemene-voorwaarden\\\/\"]}]},{\"@type\":\"BreadcrumbList\",\"@id\":\"https:\\\/\\\/storyzoo.shop\\\/algemene-voorwaarden\\\/#breadcrumb\",\"itemListElement\":[{\"@type\":\"ListItem\",\"position\":1,\"name\":\"Home\",\"item\":\"https:\\\/\\\/storyzoo.shop\\\/de\\\/\"},{\"@type\":\"ListItem\",\"position\":2,\"name\":\"Gesch\u00e4ftsbedingungen\"}]},{\"@type\":\"WebSite\",\"@id\":\"https:\\\/\\\/storyzoo.shop\\\/#website\",\"url\":\"https:\\\/\\\/storyzoo.shop\\\/\",\"name\":\"StoryZoo shop\",\"description\":\"\",\"publisher\":{\"@id\":\"https:\\\/\\\/storyzoo.shop\\\/#organization\"},\"potentialAction\":[{\"@type\":\"SearchAction\",\"target\":{\"@type\":\"EntryPoint\",\"urlTemplate\":\"https:\\\/\\\/storyzoo.shop\\\/?s={search_term_string}\"},\"query-input\":{\"@type\":\"PropertyValueSpecification\",\"valueRequired\":true,\"valueName\":\"search_term_string\"}}],\"inLanguage\":\"de\"},{\"@type\":\"Organization\",\"@id\":\"https:\\\/\\\/storyzoo.shop\\\/#organization\",\"name\":\"StoryZoo shop\",\"url\":\"https:\\\/\\\/storyzoo.shop\\\/\",\"logo\":{\"@type\":\"ImageObject\",\"inLanguage\":\"de\",\"@id\":\"https:\\\/\\\/storyzoo.shop\\\/#\\\/schema\\\/logo\\\/image\\\/\",\"url\":\"https:\\\/\\\/storyzoo.shop\\\/wp-content\\\/uploads\\\/2021\\\/11\\\/StoryZooShop.png\",\"contentUrl\":\"https:\\\/\\\/storyzoo.shop\\\/wp-content\\\/uploads\\\/2021\\\/11\\\/StoryZooShop.png\",\"width\":600,\"height\":222,\"caption\":\"StoryZoo shop\"},\"image\":{\"@id\":\"https:\\\/\\\/storyzoo.shop\\\/#\\\/schema\\\/logo\\\/image\\\/\"},\"sameAs\":[\"https:\\\/\\\/www.facebook.com\\\/StoryZooTV\",\"https:\\\/\\\/x.com\\\/StoryZooTV\",\"https:\\\/\\\/www.instagram.com\\\/storyzoo_tv\\\/\",\"https:\\\/\\\/www.youtube.com\\\/c\\\/storyzoo\",\"https:\\\/\\\/open.spotify.com\\\/artist\\\/4APIhPMlryahikR2nDj3bB\"]}]}<\/script>\n<!-- \/ Yoast SEO plugin. -->","yoast_head_json":{"title":"Allgemeine Gesch\u00e4ftsbedingungen \u2013 StoryZoo Shop f\u00fcr Kinder","description":"Entdecke die AGB des StoryZoo Shops \u2013 fair, verst\u00e4ndlich & sicher f\u00fcr Eltern und Kinder. Alles \u00fcber Einkauf, Versand & Service im Kinder-Spielzeug-Shop.","robots":{"index":"index","follow":"follow","max-snippet":"max-snippet:-1","max-image-preview":"max-image-preview:large","max-video-preview":"max-video-preview:-1"},"canonical":"https:\/\/storyzoo.shop\/algemene-voorwaarden\/","og_locale":"de_DE","og_type":"article","og_title":"Allgemeine Gesch\u00e4ftsbedingungen \u2013 StoryZoo Shop f\u00fcr Kinder","og_description":"Entdecke die AGB des StoryZoo Shops \u2013 fair, verst\u00e4ndlich & sicher f\u00fcr Eltern und Kinder. Alles \u00fcber Einkauf, Versand & Service im Kinder-Spielzeug-Shop.","og_url":"https:\/\/storyzoo.shop\/algemene-voorwaarden\/","og_site_name":"StoryZoo shop","article_publisher":"https:\/\/www.facebook.com\/StoryZooTV","article_modified_time":"2021-11-29T13:51:03+00:00","twitter_card":"summary_large_image","twitter_site":"@StoryZooTV","twitter_misc":{"Gesch\u00e4tzte Lesezeit":"6\u00a0Minuten"},"schema":{"@context":"https:\/\/schema.org","@graph":[{"@type":"WebPage","@id":"https:\/\/storyzoo.shop\/algemene-voorwaarden\/","url":"https:\/\/storyzoo.shop\/algemene-voorwaarden\/","name":"Allgemeine Gesch\u00e4ftsbedingungen \u2013 StoryZoo Shop f\u00fcr Kinder","isPartOf":{"@id":"https:\/\/storyzoo.shop\/#website"},"datePublished":"2021-11-29T13:51:02+00:00","dateModified":"2021-11-29T13:51:03+00:00","description":"Entdecke die AGB des StoryZoo Shops \u2013 fair, verst\u00e4ndlich & sicher f\u00fcr Eltern und Kinder. Alles \u00fcber Einkauf, Versand & Service im Kinder-Spielzeug-Shop.","breadcrumb":{"@id":"https:\/\/storyzoo.shop\/algemene-voorwaarden\/#breadcrumb"},"inLanguage":"de","potentialAction":[{"@type":"ReadAction","target":["https:\/\/storyzoo.shop\/algemene-voorwaarden\/"]}]},{"@type":"BreadcrumbList","@id":"https:\/\/storyzoo.shop\/algemene-voorwaarden\/#breadcrumb","itemListElement":[{"@type":"ListItem","position":1,"name":"Home","item":"https:\/\/storyzoo.shop\/de\/"},{"@type":"ListItem","position":2,"name":"Gesch\u00e4ftsbedingungen"}]},{"@type":"WebSite","@id":"https:\/\/storyzoo.shop\/#website","url":"https:\/\/storyzoo.shop\/","name":"StoryZoo shop","description":"","publisher":{"@id":"https:\/\/storyzoo.shop\/#organization"},"potentialAction":[{"@type":"SearchAction","target":{"@type":"EntryPoint","urlTemplate":"https:\/\/storyzoo.shop\/?s={search_term_string}"},"query-input":{"@type":"PropertyValueSpecification","valueRequired":true,"valueName":"search_term_string"}}],"inLanguage":"de"},{"@type":"Organization","@id":"https:\/\/storyzoo.shop\/#organization","name":"StoryZoo shop","url":"https:\/\/storyzoo.shop\/","logo":{"@type":"ImageObject","inLanguage":"de","@id":"https:\/\/storyzoo.shop\/#\/schema\/logo\/image\/","url":"https:\/\/storyzoo.shop\/wp-content\/uploads\/2021\/11\/StoryZooShop.png","contentUrl":"https:\/\/storyzoo.shop\/wp-content\/uploads\/2021\/11\/StoryZooShop.png","width":600,"height":222,"caption":"StoryZoo shop"},"image":{"@id":"https:\/\/storyzoo.shop\/#\/schema\/logo\/image\/"},"sameAs":["https:\/\/www.facebook.com\/StoryZooTV","https:\/\/x.com\/StoryZooTV","https:\/\/www.instagram.com\/storyzoo_tv\/","https:\/\/www.youtube.com\/c\/storyzoo","https:\/\/open.spotify.com\/artist\/4APIhPMlryahikR2nDj3bB"]}]}},"jetpack_sharing_enabled":true,"_links":{"self":[{"href":"https:\/\/storyzoo.shop\/de\/wp-json\/wp\/v2\/pages\/301","targetHints":{"allow":["GET"]}}],"collection":[{"href":"https:\/\/storyzoo.shop\/de\/wp-json\/wp\/v2\/pages"}],"about":[{"href":"https:\/\/storyzoo.shop\/de\/wp-json\/wp\/v2\/types\/page"}],"author":[{"embeddable":true,"href":"https:\/\/storyzoo.shop\/de\/wp-json\/wp\/v2\/users\/1"}],"replies":[{"embeddable":true,"href":"https:\/\/storyzoo.shop\/de\/wp-json\/wp\/v2\/comments?post=301"}],"version-history":[{"count":0,"href":"https:\/\/storyzoo.shop\/de\/wp-json\/wp\/v2\/pages\/301\/revisions"}],"wp:attachment":[{"href":"https:\/\/storyzoo.shop\/de\/wp-json\/wp\/v2\/media?parent=301"}],"curies":[{"name":"wp","href":"https:\/\/api.w.org\/{rel}","templated":true}]}}